{"id":6539,"date":"2017-08-22T17:28:40","date_gmt":"2017-08-22T15:28:40","guid":{"rendered":"http:\/\/guidealpes.com\/?page_id=6539"},"modified":"2019-03-26T15:03:40","modified_gmt":"2019-03-26T13:03:40","slug":"cours-particuliers-escalade-grenoble","status":"publish","type":"page","link":"https:\/\/guidealpes.com\/en\/cours-particuliers-escalade-grenoble\/","title":{"rendered":"Cours particuliers escalade"},"content":{"rendered":"<p class=\"qtranxs-available-languages-message qtranxs-available-languages-message-en\">Sorry, this entry is only available in <a href=\"https:\/\/guidealpes.com\/fr\/wp-json\/wp\/v2\/pages\/6539\" class=\"qtranxs-available-language-link qtranxs-available-language-link-fr\" title=\"Fran\u00e7ais\">Fran\u00e7ais<\/a>.<\/p>","protected":false},"excerpt":{"rendered":"<p>Sorry, this entry is only available in Fran\u00e7ais.<\/p>\n","protected":false},"author":1,"featured_media":6745,"parent":0,"menu_order":0,"comment_status":"closed","ping_status":"closed","template":"","meta":{"jetpack_post_was_ever_published":false,"footnotes":""},"class_list":["post-6539","page","type-page","status-publish","has-post-thumbnail","hentry","et-bg-layout-dark","et-white-bg"],"aioseo_notices":[],"yoast_head":"<!-- This site is optimized with the Yoast SEO plugin v27.5 - https:\/\/yoast.com\/product\/yoast-seo-wordpress\/ -->\n<title>Cours particuliers escalade - Guide Alpes<\/title>\n<meta name=\"robots\" content=\"index, follow, max-snippet:-1, max-image-preview:large, max-video-preview:-1\" \/>\n<link rel=\"canonical\" href=\"https:\/\/guidealpes.com\/cours-particuliers-escalade-grenoble\/\" \/>\n<meta property=\"og:locale\" content=\"en_US\" \/>\n<meta property=\"og:type\" content=\"article\" \/>\n<meta property=\"og:title\" content=\"Cours particuliers escalade - Guide Alpes\" \/>\n<meta property=\"og:description\" content=\"Sorry, this entry is only available in Fran\u00e7ais.\" \/>\n<meta property=\"og:url\" content=\"https:\/\/guidealpes.com\/cours-particuliers-escalade-grenoble\/\" \/>\n<meta property=\"og:site_name\" content=\"Guide Alpes\" \/>\n<meta property=\"article:publisher\" content=\"https:\/\/www.facebook.com\/guidesalpes\/\" \/>\n<meta property=\"article:modified_time\" content=\"2019-03-26T13:03:40+00:00\" \/>\n<meta property=\"og:image\" content=\"https:\/\/i0.wp.com\/guidealpes.com\/wp-content\/uploads\/2017\/08\/particulier.jpg?fit=1280%2C540&ssl=1\" \/>\n\t<meta property=\"og:image:width\" content=\"1280\" \/>\n\t<meta property=\"og:image:height\" content=\"540\" \/>\n\t<meta property=\"og:image:type\" content=\"image\/jpeg\" \/>\n<meta name=\"twitter:card\" content=\"summary_large_image\" \/>\n<meta name=\"twitter:label1\" content=\"Est. reading time\" \/>\n\t<meta name=\"twitter:data1\" content=\"5 minutes\" \/>\n<script type=\"application\/ld+json\" class=\"yoast-schema-graph\">{\"@context\":\"https:\\\/\\\/schema.org\",\"@graph\":[{\"@type\":\"WebPage\",\"@id\":\"https:\\\/\\\/guidealpes.com\\\/cours-particuliers-escalade-grenoble\\\/\",\"url\":\"https:\\\/\\\/guidealpes.com\\\/cours-particuliers-escalade-grenoble\\\/\",\"name\":\"Cours particuliers escalade - Guide Alpes\",\"isPartOf\":{\"@id\":\"https:\\\/\\\/guidealpes.com\\\/#website\"},\"primaryImageOfPage\":{\"@id\":\"https:\\\/\\\/guidealpes.com\\\/cours-particuliers-escalade-grenoble\\\/#primaryimage\"},\"image\":{\"@id\":\"https:\\\/\\\/guidealpes.com\\\/cours-particuliers-escalade-grenoble\\\/#primaryimage\"},\"thumbnailUrl\":\"https:\\\/\\\/i0.wp.com\\\/guidealpes.com\\\/wp-content\\\/uploads\\\/2017\\\/08\\\/particulier.jpg?fit=1280%2C540&ssl=1\",\"datePublished\":\"2017-08-22T15:28:40+00:00\",\"dateModified\":\"2019-03-26T13:03:40+00:00\",\"breadcrumb\":{\"@id\":\"https:\\\/\\\/guidealpes.com\\\/cours-particuliers-escalade-grenoble\\\/#breadcrumb\"},\"inLanguage\":\"en-US\",\"potentialAction\":[{\"@type\":\"ReadAction\",\"target\":[\"https:\\\/\\\/guidealpes.com\\\/cours-particuliers-escalade-grenoble\\\/\"]}]},{\"@type\":\"ImageObject\",\"inLanguage\":\"en-US\",\"@id\":\"https:\\\/\\\/guidealpes.com\\\/cours-particuliers-escalade-grenoble\\\/#primaryimage\",\"url\":\"https:\\\/\\\/i0.wp.com\\\/guidealpes.com\\\/wp-content\\\/uploads\\\/2017\\\/08\\\/particulier.jpg?fit=1280%2C540&ssl=1\",\"contentUrl\":\"https:\\\/\\\/i0.wp.com\\\/guidealpes.com\\\/wp-content\\\/uploads\\\/2017\\\/08\\\/particulier.jpg?fit=1280%2C540&ssl=1\",\"width\":1280,\"height\":540,\"caption\":\"OLYMPUS DIGITAL CAMERA\"},{\"@type\":\"BreadcrumbList\",\"@id\":\"https:\\\/\\\/guidealpes.com\\\/cours-particuliers-escalade-grenoble\\\/#breadcrumb\",\"itemListElement\":[{\"@type\":\"ListItem\",\"position\":1,\"name\":\"Home\",\"item\":\"https:\\\/\\\/guidealpes.com\\\/\"},{\"@type\":\"ListItem\",\"position\":2,\"name\":\"Cours particuliers escalade\"}]},{\"@type\":\"WebSite\",\"@id\":\"https:\\\/\\\/guidealpes.com\\\/#website\",\"url\":\"https:\\\/\\\/guidealpes.com\\\/\",\"name\":\"Guide Alpes\",\"description\":\"Mountain guide, the French Alps to the Austrian Alps\",\"potentialAction\":[{\"@type\":\"SearchAction\",\"target\":{\"@type\":\"EntryPoint\",\"urlTemplate\":\"https:\\\/\\\/guidealpes.com\\\/?s={search_term_string}\"},\"query-input\":{\"@type\":\"PropertyValueSpecification\",\"valueRequired\":true,\"valueName\":\"search_term_string\"}}],\"inLanguage\":\"en-US\"}]}<\/script>\n<!-- \/ Yoast SEO plugin. -->","yoast_head_json":{"title":"Cours particuliers escalade - Guide Alpes","robots":{"index":"index","follow":"follow","max-snippet":"max-snippet:-1","max-image-preview":"max-image-preview:large","max-video-preview":"max-video-preview:-1"},"canonical":"https:\/\/guidealpes.com\/cours-particuliers-escalade-grenoble\/","og_locale":"en_US","og_type":"article","og_title":"Cours particuliers escalade - Guide Alpes","og_description":"Sorry, this entry is only available in Fran\u00e7ais.","og_url":"https:\/\/guidealpes.com\/cours-particuliers-escalade-grenoble\/","og_site_name":"Guide Alpes","article_publisher":"https:\/\/www.facebook.com\/guidesalpes\/","article_modified_time":"2019-03-26T13:03:40+00:00","og_image":[{"width":1280,"height":540,"url":"https:\/\/i0.wp.com\/guidealpes.com\/wp-content\/uploads\/2017\/08\/particulier.jpg?fit=1280%2C540&ssl=1","type":"image\/jpeg"}],"twitter_card":"summary_large_image","twitter_misc":{"Est. reading time":"5 minutes"},"schema":{"@context":"https:\/\/schema.org","@graph":[{"@type":"WebPage","@id":"https:\/\/guidealpes.com\/cours-particuliers-escalade-grenoble\/","url":"https:\/\/guidealpes.com\/cours-particuliers-escalade-grenoble\/","name":"Cours particuliers escalade - Guide Alpes","isPartOf":{"@id":"https:\/\/guidealpes.com\/#website"},"primaryImageOfPage":{"@id":"https:\/\/guidealpes.com\/cours-particuliers-escalade-grenoble\/#primaryimage"},"image":{"@id":"https:\/\/guidealpes.com\/cours-particuliers-escalade-grenoble\/#primaryimage"},"thumbnailUrl":"https:\/\/i0.wp.com\/guidealpes.com\/wp-content\/uploads\/2017\/08\/particulier.jpg?fit=1280%2C540&ssl=1","datePublished":"2017-08-22T15:28:40+00:00","dateModified":"2019-03-26T13:03:40+00:00","breadcrumb":{"@id":"https:\/\/guidealpes.com\/cours-particuliers-escalade-grenoble\/#breadcrumb"},"inLanguage":"en-US","potentialAction":[{"@type":"ReadAction","target":["https:\/\/guidealpes.com\/cours-particuliers-escalade-grenoble\/"]}]},{"@type":"ImageObject","inLanguage":"en-US","@id":"https:\/\/guidealpes.com\/cours-particuliers-escalade-grenoble\/#primaryimage","url":"https:\/\/i0.wp.com\/guidealpes.com\/wp-content\/uploads\/2017\/08\/particulier.jpg?fit=1280%2C540&ssl=1","contentUrl":"https:\/\/i0.wp.com\/guidealpes.com\/wp-content\/uploads\/2017\/08\/particulier.jpg?fit=1280%2C540&ssl=1","width":1280,"height":540,"caption":"OLYMPUS DIGITAL CAMERA"},{"@type":"BreadcrumbList","@id":"https:\/\/guidealpes.com\/cours-particuliers-escalade-grenoble\/#breadcrumb","itemListElement":[{"@type":"ListItem","position":1,"name":"Home","item":"https:\/\/guidealpes.com\/"},{"@type":"ListItem","position":2,"name":"Cours particuliers escalade"}]},{"@type":"WebSite","@id":"https:\/\/guidealpes.com\/#website","url":"https:\/\/guidealpes.com\/","name":"Guide Alpes","description":"Mountain guide, the French Alps to the Austrian Alps","potentialAction":[{"@type":"SearchAction","target":{"@type":"EntryPoint","urlTemplate":"https:\/\/guidealpes.com\/?s={search_term_string}"},"query-input":{"@type":"PropertyValueSpecification","valueRequired":true,"valueName":"search_term_string"}}],"inLanguage":"en-US"}]}},"jetpack_sharing_enabled":true,"jetpack_shortlink":"https:\/\/wp.me\/P6Nn53-1Ht","jetpack-related-posts":[{"id":5841,"url":"https:\/\/guidealpes.com\/en\/cours-collectifs-escalade-grenoble\/","url_meta":{"origin":6539,"position":0},"title":"Cours collectifs escalade","author":"Guide Alpes","date":"Monday August 14th, 2017","format":false,"excerpt":"Sorry, this entry is only available in Fran\u00e7ais.","rel":"","context":"Similar post","block_context":{"text":"Similar post","link":""},"img":{"alt_text":"","src":"https:\/\/i0.wp.com\/guidealpes.com\/wp-content\/uploads\/2017\/08\/collectif.jpg?fit=1200%2C506&ssl=1&resize=350%2C200","width":350,"height":200,"srcset":"https:\/\/i0.wp.com\/guidealpes.com\/wp-content\/uploads\/2017\/08\/collectif.jpg?fit=1200%2C506&ssl=1&resize=350%2C200 1x, https:\/\/i0.wp.com\/guidealpes.com\/wp-content\/uploads\/2017\/08\/collectif.jpg?fit=1200%2C506&ssl=1&resize=525%2C300 1.5x, https:\/\/i0.wp.com\/guidealpes.com\/wp-content\/uploads\/2017\/08\/collectif.jpg?fit=1200%2C506&ssl=1&resize=700%2C400 2x, https:\/\/i0.wp.com\/guidealpes.com\/wp-content\/uploads\/2017\/08\/collectif.jpg?fit=1200%2C506&ssl=1&resize=1050%2C600 3x"},"classes":[]},{"id":5731,"url":"https:\/\/guidealpes.com\/en\/cours-escalade-grenoble\/","url_meta":{"origin":6539,"position":1},"title":"Climbing class indoor","author":"Guide Alpes","date":"Monday August  7th, 2017","format":false,"excerpt":"Sorry, this entry is only available in Fran\u00e7ais.","rel":"","context":"Similar post","block_context":{"text":"Similar post","link":""},"img":{"alt_text":"","src":"https:\/\/i0.wp.com\/guidealpes.com\/wp-content\/uploads\/2017\/08\/escalade-indoor.jpg?fit=1200%2C506&ssl=1&resize=350%2C200","width":350,"height":200,"srcset":"https:\/\/i0.wp.com\/guidealpes.com\/wp-content\/uploads\/2017\/08\/escalade-indoor.jpg?fit=1200%2C506&ssl=1&resize=350%2C200 1x, https:\/\/i0.wp.com\/guidealpes.com\/wp-content\/uploads\/2017\/08\/escalade-indoor.jpg?fit=1200%2C506&ssl=1&resize=525%2C300 1.5x, https:\/\/i0.wp.com\/guidealpes.com\/wp-content\/uploads\/2017\/08\/escalade-indoor.jpg?fit=1200%2C506&ssl=1&resize=700%2C400 2x, https:\/\/i0.wp.com\/guidealpes.com\/wp-content\/uploads\/2017\/08\/escalade-indoor.jpg?fit=1200%2C506&ssl=1&resize=1050%2C600 3x"},"classes":[]},{"id":5815,"url":"https:\/\/guidealpes.com\/en\/coaching-perfectionnement-escalade-grenoble\/","url_meta":{"origin":6539,"position":2},"title":"Coaching perfectionnement escalade","author":"Guide Alpes","date":"Monday August 14th, 2017","format":false,"excerpt":"Sorry, this entry is only available in Fran\u00e7ais.","rel":"","context":"Similar post","block_context":{"text":"Similar post","link":""},"img":{"alt_text":"","src":"https:\/\/i0.wp.com\/guidealpes.com\/wp-content\/uploads\/2017\/08\/coaching.jpg?fit=1200%2C506&ssl=1&resize=350%2C200","width":350,"height":200,"srcset":"https:\/\/i0.wp.com\/guidealpes.com\/wp-content\/uploads\/2017\/08\/coaching.jpg?fit=1200%2C506&ssl=1&resize=350%2C200 1x, https:\/\/i0.wp.com\/guidealpes.com\/wp-content\/uploads\/2017\/08\/coaching.jpg?fit=1200%2C506&ssl=1&resize=525%2C300 1.5x, https:\/\/i0.wp.com\/guidealpes.com\/wp-content\/uploads\/2017\/08\/coaching.jpg?fit=1200%2C506&ssl=1&resize=700%2C400 2x, https:\/\/i0.wp.com\/guidealpes.com\/wp-content\/uploads\/2017\/08\/coaching.jpg?fit=1200%2C506&ssl=1&resize=1050%2C600 3x"},"classes":[]},{"id":2781,"url":"https:\/\/guidealpes.com\/en\/ete\/escalade-en-falaise\/","url_meta":{"origin":6539,"position":3},"title":"Rock climbing","author":"Guide Alpes","date":"Wednesday September 30th, 2015","format":false,"excerpt":"[vc_row][vc_column][vc_column_text]Que vous enfiliez vos chaussons d'escalade pour la premi\u00e8re fois, ou que vous soyez un adapte du sixi\u00e8me degr\u00e9 (ou plus), choisir Guide Alpes c'est s'assurer de progresser gr\u00e2ce \u00e0 un guide \u00e9ducateur professionnel et ancien comp\u00e9titeur.[\/vc_column_text][\/vc_column][\/vc_row][vc_row][vc_column][vc_tta_tabs style=\"flat\" color=\"black\" active_section=\"1\"][vc_tta_section title=\"Grandes voies\" tab_id=\"1553607080996-4a144310-31a7\"][vc_column_text] Ensemble, nous grimperons des voies de plusieurs\u2026","rel":"","context":"Similar post","block_context":{"text":"Similar post","link":""},"img":{"alt_text":"","src":"https:\/\/i0.wp.com\/guidealpes.com\/wp-content\/uploads\/2015\/10\/escalade.jpg?fit=1200%2C506&ssl=1&resize=350%2C200","width":350,"height":200,"srcset":"https:\/\/i0.wp.com\/guidealpes.com\/wp-content\/uploads\/2015\/10\/escalade.jpg?fit=1200%2C506&ssl=1&resize=350%2C200 1x, https:\/\/i0.wp.com\/guidealpes.com\/wp-content\/uploads\/2015\/10\/escalade.jpg?fit=1200%2C506&ssl=1&resize=525%2C300 1.5x, https:\/\/i0.wp.com\/guidealpes.com\/wp-content\/uploads\/2015\/10\/escalade.jpg?fit=1200%2C506&ssl=1&resize=700%2C400 2x, https:\/\/i0.wp.com\/guidealpes.com\/wp-content\/uploads\/2015\/10\/escalade.jpg?fit=1200%2C506&ssl=1&resize=1050%2C600 3x"},"classes":[]},{"id":2768,"url":"https:\/\/guidealpes.com\/en\/infos\/votre-guide\/","url_meta":{"origin":6539,"position":4},"title":"Your Guide","author":"Guide Alpes","date":"Wednesday September 30th, 2015","format":false,"excerpt":"[vc_row][vc_column][vc_column_text]Bienvenue sur mon site, je m'appelle C\u00e9dric Tardieu. Je suis guide de haute montagne UIAGM et moniteur escalade et canyon. Pour les curieux qui souhaitent connaitre mon parcours, en voici un r\u00e9sum\u00e9 en quelques lignes ...[\/vc_column_text][vc_text_separator title=\"Mon parcours\"][\/vc_column][\/vc_row][vc_row][vc_column width=\"1\/4\"][vc_single_image image=\"6887\" alignment=\"center\"][\/vc_column][vc_column width=\"3\/4\"][vc_column_text] Originaire de Mont\u00e9limar, j'ai tr\u00e8s vite montr\u00e9 un\u2026","rel":"","context":"Similar post","block_context":{"text":"Similar post","link":""},"img":{"alt_text":"","src":"https:\/\/i0.wp.com\/guidealpes.com\/wp-content\/uploads\/2015\/09\/Votreguide-1.jpg?fit=1200%2C506&ssl=1&resize=350%2C200","width":350,"height":200,"srcset":"https:\/\/i0.wp.com\/guidealpes.com\/wp-content\/uploads\/2015\/09\/Votreguide-1.jpg?fit=1200%2C506&ssl=1&resize=350%2C200 1x, https:\/\/i0.wp.com\/guidealpes.com\/wp-content\/uploads\/2015\/09\/Votreguide-1.jpg?fit=1200%2C506&ssl=1&resize=525%2C300 1.5x, https:\/\/i0.wp.com\/guidealpes.com\/wp-content\/uploads\/2015\/09\/Votreguide-1.jpg?fit=1200%2C506&ssl=1&resize=700%2C400 2x, https:\/\/i0.wp.com\/guidealpes.com\/wp-content\/uploads\/2015\/09\/Votreguide-1.jpg?fit=1200%2C506&ssl=1&resize=1050%2C600 3x"},"classes":[]},{"id":4510,"url":"https:\/\/guidealpes.com\/en\/coaching-escalade\/","url_meta":{"origin":6539,"position":5},"title":"Te","author":"Guide Alpes","date":"Monday September 19th, 2016","format":false,"excerpt":"Sorry, this entry is only available in Fran\u00e7ais.","rel":"","context":"Similar post","block_context":{"text":"Similar post","link":""},"img":{"alt_text":"","src":"https:\/\/i0.wp.com\/guidealpes.com\/wp-content\/uploads\/2015\/10\/escalade.jpg?fit=1200%2C506&ssl=1&resize=350%2C200","width":350,"height":200,"srcset":"https:\/\/i0.wp.com\/guidealpes.com\/wp-content\/uploads\/2015\/10\/escalade.jpg?fit=1200%2C506&ssl=1&resize=350%2C200 1x, https:\/\/i0.wp.com\/guidealpes.com\/wp-content\/uploads\/2015\/10\/escalade.jpg?fit=1200%2C506&ssl=1&resize=525%2C300 1.5x, https:\/\/i0.wp.com\/guidealpes.com\/wp-content\/uploads\/2015\/10\/escalade.jpg?fit=1200%2C506&ssl=1&resize=700%2C400 2x, https:\/\/i0.wp.com\/guidealpes.com\/wp-content\/uploads\/2015\/10\/escalade.jpg?fit=1200%2C506&ssl=1&resize=1050%2C600 3x"},"classes":[]}],"_links":{"self":[{"href":"https:\/\/guidealpes.com\/en\/wp-json\/wp\/v2\/pages\/6539","targetHints":{"allow":["GET"]}}],"collection":[{"href":"https:\/\/guidealpes.com\/en\/wp-json\/wp\/v2\/pages"}],"about":[{"href":"https:\/\/guidealpes.com\/en\/wp-json\/wp\/v2\/types\/page"}],"author":[{"embeddable":true,"href":"https:\/\/guidealpes.com\/en\/wp-json\/wp\/v2\/users\/1"}],"replies":[{"embeddable":true,"href":"https:\/\/guidealpes.com\/en\/wp-json\/wp\/v2\/comments?post=6539"}],"version-history":[{"count":61,"href":"https:\/\/guidealpes.com\/en\/wp-json\/wp\/v2\/pages\/6539\/revisions"}],"predecessor-version":[{"id":7497,"href":"https:\/\/guidealpes.com\/en\/wp-json\/wp\/v2\/pages\/6539\/revisions\/7497"}],"wp:featuredmedia":[{"embeddable":true,"href":"https:\/\/guidealpes.com\/en\/wp-json\/wp\/v2\/media\/6745"}],"wp:attachment":[{"href":"https:\/\/guidealpes.com\/en\/wp-json\/wp\/v2\/media?parent=6539"}],"curies":[{"name":"wp","href":"https:\/\/api.w.org\/{rel}","templated":true}]}}