{"id":3697,"date":"2016-01-26T23:23:50","date_gmt":"2016-01-26T22:23:50","guid":{"rendered":"http:\/\/www.guidealpes.com\/?page_id=3697"},"modified":"2017-08-20T01:37:09","modified_gmt":"2017-08-19T23:37:09","slug":"canyoning","status":"publish","type":"page","link":"https:\/\/guidealpes.com\/en\/ete\/canyoning\/","title":{"rendered":"Canyoning"},"content":{"rendered":"<p><\/p>\n<div style=\"text-align:justify\">You are looking for new feelings? You want to have fun while discovering magical places that mother nature has to offer? Our guide team, caring for nature, is ready to go with you in this unique environment in a friendly way and with professionalism.<\/p>\n<p>We suggest to discover the <a href=\"http:\/\/planetcanyon.com\/?lang=en\" target=\"_blank\">canyoning<\/a> and to go down various canyons located in Provence, from the Verdon Gorges to Nice countryside. You come from Marseille, Toulon, Cannes, Grasse, Nice, Monaco, Castellane or elsewhere? Whatever your age, audacity, and sensitivity, we will find together the canyons that will suit your desire.<\/p>\n<p>To book : Ask for C\u00e9dric at <a href=\"http:\/\/planetcanyon.com\/?lang=en\/\" target=\"_blank\">Planet Canyon<\/a>.<\/div style=\"text-align:justify\">\n<p><\/p>\n<p><span style=\"font-size:70%;\"><font color=#51b6f5> You are here : <a href=\"https:\/\/guidealpes.com\/\">Home<\/a> > <a href=\"https:\/\/guidealpes.com\/ete\/\">Summer<\/a> > Canyoning <\/font><\/span><\/p>","protected":false},"excerpt":{"rendered":"<p>You are looking for new feelings? You want to have fun while discovering magical places that mother nature has to offer? Our guide team, caring for nature, is ready to go with you in this unique environment in a friendly way and with professionalism. We suggest to discover the canyoning and to go down various canyons located in Provence, from the Verdon Gorges to Nice countryside. You come from Marseille, Toulon, Cannes, Grasse, Nice, Monaco, Castellane or elsewhere? Whatever your age, audacity, and sensitivity, we will find together the canyons&#8230;<a class=\"read-more\" href=\"https:\/\/guidealpes.com\/en\/ete\/canyoning\/\">read more<\/a><\/p>\n","protected":false},"author":1,"featured_media":4145,"parent":2744,"menu_order":0,"comment_status":"closed","ping_status":"closed","template":"","meta":{"footnotes":""},"class_list":["post-3697","page","type-page","status-publish","has-post-thumbnail","hentry","et-bg-layout-dark","et-white-bg"],"aioseo_notices":[],"yoast_head":"<!-- This site is optimized with the Yoast SEO plugin v27.5 - https:\/\/yoast.com\/product\/yoast-seo-wordpress\/ -->\n<title>Canyoning - Guide Alpes<\/title>\n<meta name=\"robots\" content=\"index, follow, max-snippet:-1, max-image-preview:large, max-video-preview:-1\" \/>\n<link rel=\"canonical\" href=\"https:\/\/guidealpes.com\/en\/ete\/canyoning\/\" \/>\n<meta property=\"og:locale\" content=\"en_US\" \/>\n<meta property=\"og:type\" content=\"article\" \/>\n<meta property=\"og:title\" content=\"Canyoning - Guide Alpes\" \/>\n<meta property=\"og:description\" content=\"You are looking for new feelings? You want to have fun while discovering magical places that mother nature has to offer? Our guide team, caring for nature, is ready to go with you in this unique environment in a friendly way and with professionalism. We suggest to discover the canyoning and to go down various canyons located in Provence, from the Verdon Gorges to Nice countryside. You come from Marseille, Toulon, Cannes, Grasse, Nice, Monaco, Castellane or elsewhere? Whatever your age, audacity, and sensitivity, we will find together the canyons...read more\" \/>\n<meta property=\"og:url\" content=\"https:\/\/guidealpes.com\/en\/ete\/canyoning\/\" \/>\n<meta property=\"og:site_name\" content=\"Guide Alpes\" \/>\n<meta property=\"article:publisher\" content=\"https:\/\/www.facebook.com\/guidesalpes\/\" \/>\n<meta property=\"article:modified_time\" content=\"2017-08-19T23:37:09+00:00\" \/>\n<meta property=\"og:image\" content=\"https:\/\/i0.wp.com\/guidealpes.com\/wp-content\/uploads\/2016\/01\/fondnew.jpg?fit=1280%2C540&ssl=1\" \/>\n\t<meta property=\"og:image:width\" content=\"1280\" \/>\n\t<meta property=\"og:image:height\" content=\"540\" \/>\n\t<meta property=\"og:image:type\" content=\"image\/jpeg\" \/>\n<meta name=\"twitter:card\" content=\"summary_large_image\" \/>\n<meta name=\"twitter:label1\" content=\"Est. reading time\" \/>\n\t<meta name=\"twitter:data1\" content=\"1 minute\" \/>\n<script type=\"application\/ld+json\" class=\"yoast-schema-graph\">{\"@context\":\"https:\\\/\\\/schema.org\",\"@graph\":[{\"@type\":\"WebPage\",\"@id\":\"https:\\\/\\\/guidealpes.com\\\/en\\\/ete\\\/canyoning\\\/\",\"url\":\"https:\\\/\\\/guidealpes.com\\\/en\\\/ete\\\/canyoning\\\/\",\"name\":\"Canyoning - Guide Alpes\",\"isPartOf\":{\"@id\":\"https:\\\/\\\/guidealpes.com\\\/#website\"},\"primaryImageOfPage\":{\"@id\":\"https:\\\/\\\/guidealpes.com\\\/en\\\/ete\\\/canyoning\\\/#primaryimage\"},\"image\":{\"@id\":\"https:\\\/\\\/guidealpes.com\\\/en\\\/ete\\\/canyoning\\\/#primaryimage\"},\"thumbnailUrl\":\"https:\\\/\\\/i0.wp.com\\\/guidealpes.com\\\/wp-content\\\/uploads\\\/2016\\\/01\\\/fondnew.jpg?fit=1280%2C540&ssl=1\",\"datePublished\":\"2016-01-26T22:23:50+00:00\",\"dateModified\":\"2017-08-19T23:37:09+00:00\",\"breadcrumb\":{\"@id\":\"https:\\\/\\\/guidealpes.com\\\/en\\\/ete\\\/canyoning\\\/#breadcrumb\"},\"inLanguage\":\"en-US\",\"potentialAction\":[{\"@type\":\"ReadAction\",\"target\":[\"https:\\\/\\\/guidealpes.com\\\/en\\\/ete\\\/canyoning\\\/\"]}]},{\"@type\":\"ImageObject\",\"inLanguage\":\"en-US\",\"@id\":\"https:\\\/\\\/guidealpes.com\\\/en\\\/ete\\\/canyoning\\\/#primaryimage\",\"url\":\"https:\\\/\\\/i0.wp.com\\\/guidealpes.com\\\/wp-content\\\/uploads\\\/2016\\\/01\\\/fondnew.jpg?fit=1280%2C540&ssl=1\",\"contentUrl\":\"https:\\\/\\\/i0.wp.com\\\/guidealpes.com\\\/wp-content\\\/uploads\\\/2016\\\/01\\\/fondnew.jpg?fit=1280%2C540&ssl=1\",\"width\":1280,\"height\":540},{\"@type\":\"BreadcrumbList\",\"@id\":\"https:\\\/\\\/guidealpes.com\\\/en\\\/ete\\\/canyoning\\\/#breadcrumb\",\"itemListElement\":[{\"@type\":\"ListItem\",\"position\":1,\"name\":\"Home\",\"item\":\"https:\\\/\\\/guidealpes.com\\\/\"},{\"@type\":\"ListItem\",\"position\":2,\"name\":\"Summer\",\"item\":\"https:\\\/\\\/guidealpes.com\\\/en\\\/ete\\\/\"},{\"@type\":\"ListItem\",\"position\":3,\"name\":\"Canyoning\"}]},{\"@type\":\"WebSite\",\"@id\":\"https:\\\/\\\/guidealpes.com\\\/#website\",\"url\":\"https:\\\/\\\/guidealpes.com\\\/\",\"name\":\"Guide Alpes\",\"description\":\"Mountain guide, the French Alps to the Austrian Alps\",\"potentialAction\":[{\"@type\":\"SearchAction\",\"target\":{\"@type\":\"EntryPoint\",\"urlTemplate\":\"https:\\\/\\\/guidealpes.com\\\/?s={search_term_string}\"},\"query-input\":{\"@type\":\"PropertyValueSpecification\",\"valueRequired\":true,\"valueName\":\"search_term_string\"}}],\"inLanguage\":\"en-US\"}]}<\/script>\n<!-- \/ Yoast SEO plugin. -->","yoast_head_json":{"title":"Canyoning - Guide Alpes","robots":{"index":"index","follow":"follow","max-snippet":"max-snippet:-1","max-image-preview":"max-image-preview:large","max-video-preview":"max-video-preview:-1"},"canonical":"https:\/\/guidealpes.com\/en\/ete\/canyoning\/","og_locale":"en_US","og_type":"article","og_title":"Canyoning - Guide Alpes","og_description":"You are looking for new feelings? You want to have fun while discovering magical places that mother nature has to offer? Our guide team, caring for nature, is ready to go with you in this unique environment in a friendly way and with professionalism. We suggest to discover the canyoning and to go down various canyons located in Provence, from the Verdon Gorges to Nice countryside. You come from Marseille, Toulon, Cannes, Grasse, Nice, Monaco, Castellane or elsewhere? Whatever your age, audacity, and sensitivity, we will find together the canyons...read more","og_url":"https:\/\/guidealpes.com\/en\/ete\/canyoning\/","og_site_name":"Guide Alpes","article_publisher":"https:\/\/www.facebook.com\/guidesalpes\/","article_modified_time":"2017-08-19T23:37:09+00:00","og_image":[{"width":1280,"height":540,"url":"https:\/\/i0.wp.com\/guidealpes.com\/wp-content\/uploads\/2016\/01\/fondnew.jpg?fit=1280%2C540&ssl=1","type":"image\/jpeg"}],"twitter_card":"summary_large_image","twitter_misc":{"Est. reading time":"1 minute"},"schema":{"@context":"https:\/\/schema.org","@graph":[{"@type":"WebPage","@id":"https:\/\/guidealpes.com\/en\/ete\/canyoning\/","url":"https:\/\/guidealpes.com\/en\/ete\/canyoning\/","name":"Canyoning - Guide Alpes","isPartOf":{"@id":"https:\/\/guidealpes.com\/#website"},"primaryImageOfPage":{"@id":"https:\/\/guidealpes.com\/en\/ete\/canyoning\/#primaryimage"},"image":{"@id":"https:\/\/guidealpes.com\/en\/ete\/canyoning\/#primaryimage"},"thumbnailUrl":"https:\/\/i0.wp.com\/guidealpes.com\/wp-content\/uploads\/2016\/01\/fondnew.jpg?fit=1280%2C540&ssl=1","datePublished":"2016-01-26T22:23:50+00:00","dateModified":"2017-08-19T23:37:09+00:00","breadcrumb":{"@id":"https:\/\/guidealpes.com\/en\/ete\/canyoning\/#breadcrumb"},"inLanguage":"en-US","potentialAction":[{"@type":"ReadAction","target":["https:\/\/guidealpes.com\/en\/ete\/canyoning\/"]}]},{"@type":"ImageObject","inLanguage":"en-US","@id":"https:\/\/guidealpes.com\/en\/ete\/canyoning\/#primaryimage","url":"https:\/\/i0.wp.com\/guidealpes.com\/wp-content\/uploads\/2016\/01\/fondnew.jpg?fit=1280%2C540&ssl=1","contentUrl":"https:\/\/i0.wp.com\/guidealpes.com\/wp-content\/uploads\/2016\/01\/fondnew.jpg?fit=1280%2C540&ssl=1","width":1280,"height":540},{"@type":"BreadcrumbList","@id":"https:\/\/guidealpes.com\/en\/ete\/canyoning\/#breadcrumb","itemListElement":[{"@type":"ListItem","position":1,"name":"Home","item":"https:\/\/guidealpes.com\/"},{"@type":"ListItem","position":2,"name":"Summer","item":"https:\/\/guidealpes.com\/en\/ete\/"},{"@type":"ListItem","position":3,"name":"Canyoning"}]},{"@type":"WebSite","@id":"https:\/\/guidealpes.com\/#website","url":"https:\/\/guidealpes.com\/","name":"Guide Alpes","description":"Mountain guide, the French Alps to the Austrian Alps","potentialAction":[{"@type":"SearchAction","target":{"@type":"EntryPoint","urlTemplate":"https:\/\/guidealpes.com\/?s={search_term_string}"},"query-input":{"@type":"PropertyValueSpecification","valueRequired":true,"valueName":"search_term_string"}}],"inLanguage":"en-US"}]}},"jetpack_sharing_enabled":true,"jetpack_shortlink":"https:\/\/wp.me\/P6Nn53-XD","jetpack-related-posts":[{"id":2486,"url":"https:\/\/guidealpes.com\/en\/","url_meta":{"origin":3697,"position":0},"title":"Mountain guide","author":"Guide Alpes","date":"Friday November 29th, 2013","format":false,"excerpt":"FREERIDE, SKI TOURING, MOUNTAINEERING, ICE CLIMBING, ROCK CLIMBING\u2026 A dream, a mountain dear to your heart, we will be happy to guide you on easy trails or difficult routes. We could spend a day or more together. And for those who wish to go off the beaten track, we will\u2026","rel":"","context":"Similar post","block_context":{"text":"Similar post","link":""},"img":{"alt_text":"","src":"https:\/\/i0.wp.com\/guidealpes.com\/wp-content\/uploads\/2015\/10\/Fond-size.jpg?fit=1200%2C506&ssl=1&resize=350%2C200","width":350,"height":200,"srcset":"https:\/\/i0.wp.com\/guidealpes.com\/wp-content\/uploads\/2015\/10\/Fond-size.jpg?fit=1200%2C506&ssl=1&resize=350%2C200 1x, https:\/\/i0.wp.com\/guidealpes.com\/wp-content\/uploads\/2015\/10\/Fond-size.jpg?fit=1200%2C506&ssl=1&resize=525%2C300 1.5x, https:\/\/i0.wp.com\/guidealpes.com\/wp-content\/uploads\/2015\/10\/Fond-size.jpg?fit=1200%2C506&ssl=1&resize=700%2C400 2x, https:\/\/i0.wp.com\/guidealpes.com\/wp-content\/uploads\/2015\/10\/Fond-size.jpg?fit=1200%2C506&ssl=1&resize=1050%2C600 3x"},"classes":[]},{"id":3843,"url":"https:\/\/guidealpes.com\/en\/livre-dor\/","url_meta":{"origin":3697,"position":1},"title":"Guestbook","author":"Guide Alpes","date":"Wednesday August 10th, 2016","format":false,"excerpt":"[vc_row][vc_column][vc_column_text]L'exp\u00e9rience Guide Alpes vous a plu, c'est vous qui le d\u00eetes ![\/vc_column_text][\/vc_column][\/vc_row][vc_row][vc_column css=\".vc_custom_1503414970318{background-color: #0e3441 !important;}\"][\/vc_column][\/vc_row][vc_row][\/vc_row][vc_column][\/vc_column][vc_column_text][vc_row][vc_column width=\"1\/1\"][vc_column_text] Vous \u00eates ici : Accueil > Infos > Livre d'or[\/vc_column_text]","rel":"","context":"With 16 comments","block_context":{"text":"With 16 comments","link":"https:\/\/guidealpes.com\/en\/livre-dor\/#comments"},"img":{"alt_text":"","src":"https:\/\/i0.wp.com\/guidealpes.com\/wp-content\/uploads\/2016\/08\/fondnew1.jpg?fit=1200%2C506&ssl=1&resize=350%2C200","width":350,"height":200,"srcset":"https:\/\/i0.wp.com\/guidealpes.com\/wp-content\/uploads\/2016\/08\/fondnew1.jpg?fit=1200%2C506&ssl=1&resize=350%2C200 1x, https:\/\/i0.wp.com\/guidealpes.com\/wp-content\/uploads\/2016\/08\/fondnew1.jpg?fit=1200%2C506&ssl=1&resize=525%2C300 1.5x, https:\/\/i0.wp.com\/guidealpes.com\/wp-content\/uploads\/2016\/08\/fondnew1.jpg?fit=1200%2C506&ssl=1&resize=700%2C400 2x, https:\/\/i0.wp.com\/guidealpes.com\/wp-content\/uploads\/2016\/08\/fondnew1.jpg?fit=1200%2C506&ssl=1&resize=1050%2C600 3x"},"classes":[]},{"id":2768,"url":"https:\/\/guidealpes.com\/en\/infos\/votre-guide\/","url_meta":{"origin":3697,"position":2},"title":"Your Guide","author":"Guide Alpes","date":"Wednesday September 30th, 2015","format":false,"excerpt":"[vc_row][vc_column][vc_column_text]Bienvenue sur mon site, je m'appelle C\u00e9dric Tardieu. Je suis guide de haute montagne UIAGM et moniteur escalade et canyon. Pour les curieux qui souhaitent connaitre mon parcours, en voici un r\u00e9sum\u00e9 en quelques lignes ...[\/vc_column_text][vc_text_separator title=\"Mon parcours\"][\/vc_column][\/vc_row][vc_row][vc_column width=\"1\/4\"][vc_single_image image=\"6887\" alignment=\"center\"][\/vc_column][vc_column width=\"3\/4\"][vc_column_text] Originaire de Mont\u00e9limar, j'ai tr\u00e8s vite montr\u00e9 un\u2026","rel":"","context":"Similar post","block_context":{"text":"Similar post","link":""},"img":{"alt_text":"","src":"https:\/\/i0.wp.com\/guidealpes.com\/wp-content\/uploads\/2015\/09\/Votreguide-1.jpg?fit=1200%2C506&ssl=1&resize=350%2C200","width":350,"height":200,"srcset":"https:\/\/i0.wp.com\/guidealpes.com\/wp-content\/uploads\/2015\/09\/Votreguide-1.jpg?fit=1200%2C506&ssl=1&resize=350%2C200 1x, https:\/\/i0.wp.com\/guidealpes.com\/wp-content\/uploads\/2015\/09\/Votreguide-1.jpg?fit=1200%2C506&ssl=1&resize=525%2C300 1.5x, https:\/\/i0.wp.com\/guidealpes.com\/wp-content\/uploads\/2015\/09\/Votreguide-1.jpg?fit=1200%2C506&ssl=1&resize=700%2C400 2x, https:\/\/i0.wp.com\/guidealpes.com\/wp-content\/uploads\/2015\/09\/Votreguide-1.jpg?fit=1200%2C506&ssl=1&resize=1050%2C600 3x"},"classes":[]},{"id":2783,"url":"https:\/\/guidealpes.com\/en\/ete\/randonnees\/","url_meta":{"origin":3697,"position":3},"title":"Hiking","author":"Guide Alpes","date":"Wednesday September 30th, 2015","format":false,"excerpt":"Discover magical and unique places for one day or more, this is what offers hiking. Simple pleasure, conviviality and freedom will form the pattern of our trip. Thanks to his knowledge, your guide will make you discover or rediscover the wildlife around you. You want to better discover a region\u2026","rel":"","context":"Similar post","block_context":{"text":"Similar post","link":""},"img":{"alt_text":"","src":"https:\/\/i0.wp.com\/guidealpes.com\/wp-content\/uploads\/2015\/10\/rando.jpg?fit=1200%2C506&ssl=1&resize=350%2C200","width":350,"height":200,"srcset":"https:\/\/i0.wp.com\/guidealpes.com\/wp-content\/uploads\/2015\/10\/rando.jpg?fit=1200%2C506&ssl=1&resize=350%2C200 1x, https:\/\/i0.wp.com\/guidealpes.com\/wp-content\/uploads\/2015\/10\/rando.jpg?fit=1200%2C506&ssl=1&resize=525%2C300 1.5x, https:\/\/i0.wp.com\/guidealpes.com\/wp-content\/uploads\/2015\/10\/rando.jpg?fit=1200%2C506&ssl=1&resize=700%2C400 2x, https:\/\/i0.wp.com\/guidealpes.com\/wp-content\/uploads\/2015\/10\/rando.jpg?fit=1200%2C506&ssl=1&resize=1050%2C600 3x"},"classes":[]},{"id":2716,"url":"https:\/\/guidealpes.com\/en\/cgv\/","url_meta":{"origin":3697,"position":4},"title":"Conditions g\u00e9n\u00e9rales de vente","author":"Guide Alpes","date":"Friday January 31st, 2014","format":false,"excerpt":"Tarification Le prix d\u2019une journ\u00e9e guide varie de 330 euros, en France et de 650 CHF, en Suisse, \u00e0 titre indicatif. Selon la course le tarif peut sortir de cette fourchette (course d'envergure, etc.). Le tarif est toujours fix\u00e9 en fonction de la course, d\u2019un ensemble de courses ou d\u2019une\u2026","rel":"","context":"Similar post","block_context":{"text":"Similar post","link":""},"img":{"alt_text":"","src":"https:\/\/i0.wp.com\/guidealpes.com\/wp-content\/uploads\/2015\/10\/Fond-size.jpg?fit=1200%2C506&ssl=1&resize=350%2C200","width":350,"height":200,"srcset":"https:\/\/i0.wp.com\/guidealpes.com\/wp-content\/uploads\/2015\/10\/Fond-size.jpg?fit=1200%2C506&ssl=1&resize=350%2C200 1x, https:\/\/i0.wp.com\/guidealpes.com\/wp-content\/uploads\/2015\/10\/Fond-size.jpg?fit=1200%2C506&ssl=1&resize=525%2C300 1.5x, https:\/\/i0.wp.com\/guidealpes.com\/wp-content\/uploads\/2015\/10\/Fond-size.jpg?fit=1200%2C506&ssl=1&resize=700%2C400 2x, https:\/\/i0.wp.com\/guidealpes.com\/wp-content\/uploads\/2015\/10\/Fond-size.jpg?fit=1200%2C506&ssl=1&resize=1050%2C600 3x"},"classes":[]},{"id":2270,"url":"https:\/\/guidealpes.com\/en\/ski-freeride\/ski-de-randonnee\/","url_meta":{"origin":3697,"position":5},"title":"Ski touring","author":"Guide Alpes","date":"Wednesday November 20th, 2013","format":false,"excerpt":"Ski touring will immerse you in huge places of fullness that only the mountain can offer. For an initiation or a trek, follow your guide on ridge of Alps and admire the white stretches. You will learn the safety rules and you will initiate yourself into avalanche field. Efforts during\u2026","rel":"","context":"Similar post","block_context":{"text":"Similar post","link":""},"img":{"alt_text":"","src":"https:\/\/i0.wp.com\/guidealpes.com\/wp-content\/uploads\/2015\/10\/skirando.jpg?fit=1200%2C506&ssl=1&resize=350%2C200","width":350,"height":200,"srcset":"https:\/\/i0.wp.com\/guidealpes.com\/wp-content\/uploads\/2015\/10\/skirando.jpg?fit=1200%2C506&ssl=1&resize=350%2C200 1x, https:\/\/i0.wp.com\/guidealpes.com\/wp-content\/uploads\/2015\/10\/skirando.jpg?fit=1200%2C506&ssl=1&resize=525%2C300 1.5x, https:\/\/i0.wp.com\/guidealpes.com\/wp-content\/uploads\/2015\/10\/skirando.jpg?fit=1200%2C506&ssl=1&resize=700%2C400 2x, https:\/\/i0.wp.com\/guidealpes.com\/wp-content\/uploads\/2015\/10\/skirando.jpg?fit=1200%2C506&ssl=1&resize=1050%2C600 3x"},"classes":[]}],"_links":{"self":[{"href":"https:\/\/guidealpes.com\/en\/wp-json\/wp\/v2\/pages\/3697","targetHints":{"allow":["GET"]}}],"collection":[{"href":"https:\/\/guidealpes.com\/en\/wp-json\/wp\/v2\/pages"}],"about":[{"href":"https:\/\/guidealpes.com\/en\/wp-json\/wp\/v2\/types\/page"}],"author":[{"embeddable":true,"href":"https:\/\/guidealpes.com\/en\/wp-json\/wp\/v2\/users\/1"}],"replies":[{"embeddable":true,"href":"https:\/\/guidealpes.com\/en\/wp-json\/wp\/v2\/comments?post=3697"}],"version-history":[{"count":19,"href":"https:\/\/guidealpes.com\/en\/wp-json\/wp\/v2\/pages\/3697\/revisions"}],"predecessor-version":[{"id":3732,"href":"https:\/\/guidealpes.com\/en\/wp-json\/wp\/v2\/pages\/3697\/revisions\/3732"}],"up":[{"embeddable":true,"href":"https:\/\/guidealpes.com\/en\/wp-json\/wp\/v2\/pages\/2744"}],"wp:featuredmedia":[{"embeddable":true,"href":"https:\/\/guidealpes.com\/en\/wp-json\/wp\/v2\/media\/4145"}],"wp:attachment":[{"href":"https:\/\/guidealpes.com\/en\/wp-json\/wp\/v2\/media?parent=3697"}],"curies":[{"name":"wp","href":"https:\/\/api.w.org\/{rel}","templated":true}]}}