{"id":3302,"date":"2015-10-08T16:45:13","date_gmt":"2015-10-08T15:45:13","guid":{"rendered":"http:\/\/www.guidealpes.com\/?page_id=3302"},"modified":"2015-10-27T00:00:04","modified_gmt":"2015-10-26T23:00:04","slug":"plan","status":"publish","type":"page","link":"https:\/\/guidealpes.com\/en\/plan\/","title":{"rendered":"Plan du site"},"content":{"rendered":"<p class=\"qtranxs-available-languages-message qtranxs-available-languages-message-en\">Sorry, this entry is only available in <a href=\"https:\/\/guidealpes.com\/fr\/wp-json\/wp\/v2\/pages\/3302\" class=\"qtranxs-available-language-link qtranxs-available-language-link-fr\" title=\"Fran\u00e7ais\">Fran\u00e7ais<\/a>.<\/p>","protected":false},"excerpt":{"rendered":"<p>Sorry, this entry is only available in Fran\u00e7ais.<\/p>\n","protected":false},"author":1,"featured_media":3217,"parent":0,"menu_order":0,"comment_status":"closed","ping_status":"closed","template":"","meta":{"footnotes":""},"class_list":["post-3302","page","type-page","status-publish","has-post-thumbnail","hentry","et-bg-layout-dark","et-white-bg"],"aioseo_notices":[],"yoast_head":"<!-- This site is optimized with the Yoast SEO plugin v27.5 - https:\/\/yoast.com\/product\/yoast-seo-wordpress\/ -->\n<title>Plan du site - Guide Alpes<\/title>\n<meta name=\"robots\" content=\"index, follow, max-snippet:-1, max-image-preview:large, max-video-preview:-1\" \/>\n<link rel=\"canonical\" href=\"https:\/\/guidealpes.com\/plan\/\" \/>\n<meta property=\"og:locale\" content=\"en_US\" \/>\n<meta property=\"og:type\" content=\"article\" \/>\n<meta property=\"og:title\" content=\"Plan du site - Guide Alpes\" \/>\n<meta property=\"og:description\" content=\"Sorry, this entry is only available in Fran\u00e7ais.\" \/>\n<meta property=\"og:url\" content=\"https:\/\/guidealpes.com\/plan\/\" \/>\n<meta property=\"og:site_name\" content=\"Guide Alpes\" \/>\n<meta property=\"article:publisher\" content=\"https:\/\/www.facebook.com\/guidesalpes\/\" \/>\n<meta property=\"article:modified_time\" content=\"2015-10-26T23:00:04+00:00\" \/>\n<meta property=\"og:image\" content=\"https:\/\/i0.wp.com\/guidealpes.com\/wp-content\/uploads\/2015\/10\/Fond-size.jpg?fit=1280%2C540&ssl=1\" \/>\n\t<meta property=\"og:image:width\" content=\"1280\" \/>\n\t<meta property=\"og:image:height\" content=\"540\" \/>\n\t<meta property=\"og:image:type\" content=\"image\/jpeg\" \/>\n<meta name=\"twitter:card\" content=\"summary_large_image\" \/>\n<script type=\"application\/ld+json\" class=\"yoast-schema-graph\">{\"@context\":\"https:\\\/\\\/schema.org\",\"@graph\":[{\"@type\":\"WebPage\",\"@id\":\"https:\\\/\\\/guidealpes.com\\\/plan\\\/\",\"url\":\"https:\\\/\\\/guidealpes.com\\\/plan\\\/\",\"name\":\"Plan du site - Guide Alpes\",\"isPartOf\":{\"@id\":\"https:\\\/\\\/guidealpes.com\\\/#website\"},\"primaryImageOfPage\":{\"@id\":\"https:\\\/\\\/guidealpes.com\\\/plan\\\/#primaryimage\"},\"image\":{\"@id\":\"https:\\\/\\\/guidealpes.com\\\/plan\\\/#primaryimage\"},\"thumbnailUrl\":\"https:\\\/\\\/i0.wp.com\\\/guidealpes.com\\\/wp-content\\\/uploads\\\/2015\\\/10\\\/Fond-size.jpg?fit=1280%2C540&ssl=1\",\"datePublished\":\"2015-10-08T15:45:13+00:00\",\"dateModified\":\"2015-10-26T23:00:04+00:00\",\"breadcrumb\":{\"@id\":\"https:\\\/\\\/guidealpes.com\\\/plan\\\/#breadcrumb\"},\"inLanguage\":\"en-US\",\"potentialAction\":[{\"@type\":\"ReadAction\",\"target\":[\"https:\\\/\\\/guidealpes.com\\\/plan\\\/\"]}]},{\"@type\":\"ImageObject\",\"inLanguage\":\"en-US\",\"@id\":\"https:\\\/\\\/guidealpes.com\\\/plan\\\/#primaryimage\",\"url\":\"https:\\\/\\\/i0.wp.com\\\/guidealpes.com\\\/wp-content\\\/uploads\\\/2015\\\/10\\\/Fond-size.jpg?fit=1280%2C540&ssl=1\",\"contentUrl\":\"https:\\\/\\\/i0.wp.com\\\/guidealpes.com\\\/wp-content\\\/uploads\\\/2015\\\/10\\\/Fond-size.jpg?fit=1280%2C540&ssl=1\",\"width\":1280,\"height\":540},{\"@type\":\"BreadcrumbList\",\"@id\":\"https:\\\/\\\/guidealpes.com\\\/plan\\\/#breadcrumb\",\"itemListElement\":[{\"@type\":\"ListItem\",\"position\":1,\"name\":\"Home\",\"item\":\"https:\\\/\\\/guidealpes.com\\\/\"},{\"@type\":\"ListItem\",\"position\":2,\"name\":\"Plan du site\"}]},{\"@type\":\"WebSite\",\"@id\":\"https:\\\/\\\/guidealpes.com\\\/#website\",\"url\":\"https:\\\/\\\/guidealpes.com\\\/\",\"name\":\"Guide Alpes\",\"description\":\"Mountain guide, the French Alps to the Austrian Alps\",\"potentialAction\":[{\"@type\":\"SearchAction\",\"target\":{\"@type\":\"EntryPoint\",\"urlTemplate\":\"https:\\\/\\\/guidealpes.com\\\/?s={search_term_string}\"},\"query-input\":{\"@type\":\"PropertyValueSpecification\",\"valueRequired\":true,\"valueName\":\"search_term_string\"}}],\"inLanguage\":\"en-US\"}]}<\/script>\n<!-- \/ Yoast SEO plugin. -->","yoast_head_json":{"title":"Plan du site - Guide Alpes","robots":{"index":"index","follow":"follow","max-snippet":"max-snippet:-1","max-image-preview":"max-image-preview:large","max-video-preview":"max-video-preview:-1"},"canonical":"https:\/\/guidealpes.com\/plan\/","og_locale":"en_US","og_type":"article","og_title":"Plan du site - Guide Alpes","og_description":"Sorry, this entry is only available in Fran\u00e7ais.","og_url":"https:\/\/guidealpes.com\/plan\/","og_site_name":"Guide Alpes","article_publisher":"https:\/\/www.facebook.com\/guidesalpes\/","article_modified_time":"2015-10-26T23:00:04+00:00","og_image":[{"width":1280,"height":540,"url":"https:\/\/i0.wp.com\/guidealpes.com\/wp-content\/uploads\/2015\/10\/Fond-size.jpg?fit=1280%2C540&ssl=1","type":"image\/jpeg"}],"twitter_card":"summary_large_image","schema":{"@context":"https:\/\/schema.org","@graph":[{"@type":"WebPage","@id":"https:\/\/guidealpes.com\/plan\/","url":"https:\/\/guidealpes.com\/plan\/","name":"Plan du site - Guide Alpes","isPartOf":{"@id":"https:\/\/guidealpes.com\/#website"},"primaryImageOfPage":{"@id":"https:\/\/guidealpes.com\/plan\/#primaryimage"},"image":{"@id":"https:\/\/guidealpes.com\/plan\/#primaryimage"},"thumbnailUrl":"https:\/\/i0.wp.com\/guidealpes.com\/wp-content\/uploads\/2015\/10\/Fond-size.jpg?fit=1280%2C540&ssl=1","datePublished":"2015-10-08T15:45:13+00:00","dateModified":"2015-10-26T23:00:04+00:00","breadcrumb":{"@id":"https:\/\/guidealpes.com\/plan\/#breadcrumb"},"inLanguage":"en-US","potentialAction":[{"@type":"ReadAction","target":["https:\/\/guidealpes.com\/plan\/"]}]},{"@type":"ImageObject","inLanguage":"en-US","@id":"https:\/\/guidealpes.com\/plan\/#primaryimage","url":"https:\/\/i0.wp.com\/guidealpes.com\/wp-content\/uploads\/2015\/10\/Fond-size.jpg?fit=1280%2C540&ssl=1","contentUrl":"https:\/\/i0.wp.com\/guidealpes.com\/wp-content\/uploads\/2015\/10\/Fond-size.jpg?fit=1280%2C540&ssl=1","width":1280,"height":540},{"@type":"BreadcrumbList","@id":"https:\/\/guidealpes.com\/plan\/#breadcrumb","itemListElement":[{"@type":"ListItem","position":1,"name":"Home","item":"https:\/\/guidealpes.com\/"},{"@type":"ListItem","position":2,"name":"Plan du site"}]},{"@type":"WebSite","@id":"https:\/\/guidealpes.com\/#website","url":"https:\/\/guidealpes.com\/","name":"Guide Alpes","description":"Mountain guide, the French Alps to the Austrian Alps","potentialAction":[{"@type":"SearchAction","target":{"@type":"EntryPoint","urlTemplate":"https:\/\/guidealpes.com\/?s={search_term_string}"},"query-input":{"@type":"PropertyValueSpecification","valueRequired":true,"valueName":"search_term_string"}}],"inLanguage":"en-US"}]}},"jetpack_sharing_enabled":true,"jetpack_shortlink":"https:\/\/wp.me\/P6Nn53-Rg","jetpack-related-posts":[{"id":4510,"url":"https:\/\/guidealpes.com\/en\/coaching-escalade\/","url_meta":{"origin":3302,"position":0},"title":"Te","author":"Guide Alpes","date":"Monday September 19th, 2016","format":false,"excerpt":"Sorry, this entry is only available in Fran\u00e7ais.","rel":"","context":"Similar post","block_context":{"text":"Similar post","link":""},"img":{"alt_text":"","src":"https:\/\/i0.wp.com\/guidealpes.com\/wp-content\/uploads\/2015\/10\/escalade.jpg?fit=1200%2C506&ssl=1&resize=350%2C200","width":350,"height":200,"srcset":"https:\/\/i0.wp.com\/guidealpes.com\/wp-content\/uploads\/2015\/10\/escalade.jpg?fit=1200%2C506&ssl=1&resize=350%2C200 1x, https:\/\/i0.wp.com\/guidealpes.com\/wp-content\/uploads\/2015\/10\/escalade.jpg?fit=1200%2C506&ssl=1&resize=525%2C300 1.5x, https:\/\/i0.wp.com\/guidealpes.com\/wp-content\/uploads\/2015\/10\/escalade.jpg?fit=1200%2C506&ssl=1&resize=700%2C400 2x, https:\/\/i0.wp.com\/guidealpes.com\/wp-content\/uploads\/2015\/10\/escalade.jpg?fit=1200%2C506&ssl=1&resize=1050%2C600 3x"},"classes":[]},{"id":4536,"url":"https:\/\/guidealpes.com\/en\/memento-manip-de-relais\/","url_meta":{"origin":3302,"position":1},"title":"Rappel : la manip de maillon","author":"Guide Alpes","date":"Tuesday September 27th, 2016","format":false,"excerpt":"Sorry, this entry is only available in Fran\u00e7ais.","rel":"","context":"Similar post","block_context":{"text":"Similar post","link":""},"img":{"alt_text":"manip1","src":"https:\/\/i0.wp.com\/www.guidealpes.com\/wp-content\/uploads\/2016\/09\/manip1.gif?resize=350%2C200&ssl=1","width":350,"height":200,"srcset":"https:\/\/i0.wp.com\/www.guidealpes.com\/wp-content\/uploads\/2016\/09\/manip1.gif?resize=350%2C200&ssl=1 1x, https:\/\/i0.wp.com\/www.guidealpes.com\/wp-content\/uploads\/2016\/09\/manip1.gif?resize=525%2C300&ssl=1 1.5x, https:\/\/i0.wp.com\/www.guidealpes.com\/wp-content\/uploads\/2016\/09\/manip1.gif?resize=700%2C400&ssl=1 2x"},"classes":[]},{"id":2722,"url":"https:\/\/guidealpes.com\/en\/mentions-legales\/","url_meta":{"origin":3302,"position":2},"title":"Mentions l\u00e9gales","author":"Guide Alpes","date":"Friday January 31st, 2014","format":false,"excerpt":"Editeur Le site www.guidealpes.com est \u00e9dit\u00e9 par : TARDIEU C\u00e9dric N\u00b0 Siret : N\u00b0 d\u00e9claration Jeunesse et Sports : Adresse : TARDIEU C\u00e9dric, 6 place de la r\u00e9publique, 38400 Saint Martin d\u2019H\u00e8res T\u00e9l\u00e9phone : +33 (0)6 03 90 81 50 Directeur de la publication du site : TARDIEU C\u00e9dric Personne\u2026","rel":"","context":"Similar post","block_context":{"text":"Similar post","link":""},"img":{"alt_text":"","src":"https:\/\/i0.wp.com\/guidealpes.com\/wp-content\/uploads\/2015\/10\/Fond-size.jpg?fit=1200%2C506&ssl=1&resize=350%2C200","width":350,"height":200,"srcset":"https:\/\/i0.wp.com\/guidealpes.com\/wp-content\/uploads\/2015\/10\/Fond-size.jpg?fit=1200%2C506&ssl=1&resize=350%2C200 1x, https:\/\/i0.wp.com\/guidealpes.com\/wp-content\/uploads\/2015\/10\/Fond-size.jpg?fit=1200%2C506&ssl=1&resize=525%2C300 1.5x, https:\/\/i0.wp.com\/guidealpes.com\/wp-content\/uploads\/2015\/10\/Fond-size.jpg?fit=1200%2C506&ssl=1&resize=700%2C400 2x, https:\/\/i0.wp.com\/guidealpes.com\/wp-content\/uploads\/2015\/10\/Fond-size.jpg?fit=1200%2C506&ssl=1&resize=1050%2C600 3x"},"classes":[]},{"id":7597,"url":"https:\/\/guidealpes.com\/en\/test-resa-labo\/","url_meta":{"origin":3302,"position":3},"title":"Test R\u00e9sa Labo","author":"Guide Alpes","date":"Friday May 15th, 2020","format":false,"excerpt":"Sorry, this entry is only available in Fran\u00e7ais.","rel":"","context":"Similar post","block_context":{"text":"Similar post","link":""},"img":{"alt_text":"","src":"https:\/\/i0.wp.com\/guidealpes.com\/wp-content\/uploads\/2016\/08\/img_2763-crop-u4283.jpg?fit=1116%2C559&ssl=1&resize=350%2C200","width":350,"height":200,"srcset":"https:\/\/i0.wp.com\/guidealpes.com\/wp-content\/uploads\/2016\/08\/img_2763-crop-u4283.jpg?fit=1116%2C559&ssl=1&resize=350%2C200 1x, https:\/\/i0.wp.com\/guidealpes.com\/wp-content\/uploads\/2016\/08\/img_2763-crop-u4283.jpg?fit=1116%2C559&ssl=1&resize=525%2C300 1.5x, https:\/\/i0.wp.com\/guidealpes.com\/wp-content\/uploads\/2016\/08\/img_2763-crop-u4283.jpg?fit=1116%2C559&ssl=1&resize=700%2C400 2x, https:\/\/i0.wp.com\/guidealpes.com\/wp-content\/uploads\/2016\/08\/img_2763-crop-u4283.jpg?fit=1116%2C559&ssl=1&resize=1050%2C600 3x"},"classes":[]},{"id":2744,"url":"https:\/\/guidealpes.com\/en\/ete\/","url_meta":{"origin":3302,"position":4},"title":"Summer","author":"Guide Alpes","date":"Wednesday September 30th, 2015","format":false,"excerpt":"Find the activty to meet your challenges \u2013 desires. The snow has melted, your skis are stored: it is time to enjoy the summer. To satisfy your horizontal or vertical desires, Guide Alpes offers to walk or climb at the summits of Alpine peaks. Home","rel":"","context":"Similar post","block_context":{"text":"Similar post","link":""},"img":{"alt_text":"","src":"https:\/\/i0.wp.com\/guidealpes.com\/wp-content\/uploads\/2015\/10\/hauteroute.jpg?fit=1200%2C506&ssl=1&resize=350%2C200","width":350,"height":200,"srcset":"https:\/\/i0.wp.com\/guidealpes.com\/wp-content\/uploads\/2015\/10\/hauteroute.jpg?fit=1200%2C506&ssl=1&resize=350%2C200 1x, https:\/\/i0.wp.com\/guidealpes.com\/wp-content\/uploads\/2015\/10\/hauteroute.jpg?fit=1200%2C506&ssl=1&resize=525%2C300 1.5x, https:\/\/i0.wp.com\/guidealpes.com\/wp-content\/uploads\/2015\/10\/hauteroute.jpg?fit=1200%2C506&ssl=1&resize=700%2C400 2x, https:\/\/i0.wp.com\/guidealpes.com\/wp-content\/uploads\/2015\/10\/hauteroute.jpg?fit=1200%2C506&ssl=1&resize=1050%2C600 3x"},"classes":[]},{"id":2746,"url":"https:\/\/guidealpes.com\/en\/hiver\/","url_meta":{"origin":3302,"position":5},"title":"Winter","author":"Guide Alpes","date":"Wednesday September 30th, 2015","format":false,"excerpt":"Find the activty to meet your challenges \u2013 desires. By combining snow and ice, the winter reveal ephemeral beauty. Snowshoes or ice grippers on your feet, ice axes and ski pole in your hands, go with your guide to launch an attack on these enchanting itineraries. You are here :\u2026","rel":"","context":"Similar post","block_context":{"text":"Similar post","link":""},"img":{"alt_text":"","src":"https:\/\/i0.wp.com\/guidealpes.com\/wp-content\/uploads\/2015\/10\/hiver.jpg?fit=1200%2C506&ssl=1&resize=350%2C200","width":350,"height":200,"srcset":"https:\/\/i0.wp.com\/guidealpes.com\/wp-content\/uploads\/2015\/10\/hiver.jpg?fit=1200%2C506&ssl=1&resize=350%2C200 1x, https:\/\/i0.wp.com\/guidealpes.com\/wp-content\/uploads\/2015\/10\/hiver.jpg?fit=1200%2C506&ssl=1&resize=525%2C300 1.5x, https:\/\/i0.wp.com\/guidealpes.com\/wp-content\/uploads\/2015\/10\/hiver.jpg?fit=1200%2C506&ssl=1&resize=700%2C400 2x, https:\/\/i0.wp.com\/guidealpes.com\/wp-content\/uploads\/2015\/10\/hiver.jpg?fit=1200%2C506&ssl=1&resize=1050%2C600 3x"},"classes":[]}],"_links":{"self":[{"href":"https:\/\/guidealpes.com\/en\/wp-json\/wp\/v2\/pages\/3302","targetHints":{"allow":["GET"]}}],"collection":[{"href":"https:\/\/guidealpes.com\/en\/wp-json\/wp\/v2\/pages"}],"about":[{"href":"https:\/\/guidealpes.com\/en\/wp-json\/wp\/v2\/types\/page"}],"author":[{"embeddable":true,"href":"https:\/\/guidealpes.com\/en\/wp-json\/wp\/v2\/users\/1"}],"replies":[{"embeddable":true,"href":"https:\/\/guidealpes.com\/en\/wp-json\/wp\/v2\/comments?post=3302"}],"version-history":[{"count":2,"href":"https:\/\/guidealpes.com\/en\/wp-json\/wp\/v2\/pages\/3302\/revisions"}],"predecessor-version":[{"id":3477,"href":"https:\/\/guidealpes.com\/en\/wp-json\/wp\/v2\/pages\/3302\/revisions\/3477"}],"wp:featuredmedia":[{"embeddable":true,"href":"https:\/\/guidealpes.com\/en\/wp-json\/wp\/v2\/media\/3217"}],"wp:attachment":[{"href":"https:\/\/guidealpes.com\/en\/wp-json\/wp\/v2\/media?parent=3302"}],"curies":[{"name":"wp","href":"https:\/\/api.w.org\/{rel}","templated":true}]}}