{"id":2791,"date":"2015-09-30T12:23:26","date_gmt":"2015-09-30T11:23:26","guid":{"rendered":"http:\/\/www.guidealpes.com\/?page_id=2791"},"modified":"2017-08-20T01:00:31","modified_gmt":"2017-08-19T23:00:31","slug":"freeride-horspiste","status":"publish","type":"page","link":"https:\/\/guidealpes.com\/en\/ski-freeride\/freeride-horspiste\/","title":{"rendered":"Freeride\/Off-piste skiing"},"content":{"rendered":"<p><center>You want to ski away from large crowds and draw your own curves on immaculate slope but you think that your skiing level is not good enough to do freeride.  Don\u2019t worry and take advantage of your guide&#8217;s skills. He will initiate you safely into this singular activity.<\/center><\/p>\n<p>Some suggestions :<br \/>\n\u2013 Verbier : In the realm of freeride, Verbier has become a must-see for rider. The proof is that the ultimate meeting of Freeride World Tour is organize here. Each year&#8217;s the best freerides of the world face up to the legendary Bec des Rosses face.<br \/>\n\u2013 Leukerbad<br \/>\n\u2013 Davos<br \/>\n\u2013 Disentis<br \/>\n\u2013 Crans Montana<\/p>\n<div style=\"text-align:justify\"><b>Prices : on request (from 1 participant). For a quote request, please send us a message via the<a href=\"https:\/\/www.guidealpes.com\/en\/contact\/\"> contact from<\/a>.<\/b><\/div style=\"text-align:justify\">\n<p><\/p>\n<p><span style=\"font-size:70%;\"><font color=#51b6f5> You are here : <a href=\"https:\/\/www.guidealpes.com\/en\/\">Home <\/a> > <a href=\"https:\/\/www.guidealpes.com\/en\/ski-freeride\/\"> Ski<\/a> > Freeride \/ Off-piste skiing <\/font><\/span><\/p>\n<p><\/p>","protected":false},"excerpt":{"rendered":"<p>You want to ski away from large crowds and draw your own curves on immaculate slope but you think that your skiing level is not good enough to do freeride. Don\u2019t worry and take advantage of your guide&#8217;s skills. He will initiate you safely into this singular activity. Some suggestions : \u2013 Verbier : In the realm of freeride, Verbier has become a must-see for rider. The proof is that the ultimate meeting of Freeride World Tour is organize here. Each year&#8217;s the best freerides of the world face up&#8230;<a class=\"read-more\" href=\"https:\/\/guidealpes.com\/en\/ski-freeride\/freeride-horspiste\/\">read more<\/a><\/p>\n","protected":false},"author":1,"featured_media":3208,"parent":2748,"menu_order":0,"comment_status":"closed","ping_status":"closed","template":"","meta":{"footnotes":""},"class_list":["post-2791","page","type-page","status-publish","has-post-thumbnail","hentry","et-bg-layout-dark","et-white-bg"],"aioseo_notices":[],"yoast_head":"<!-- This site is optimized with the Yoast SEO plugin v27.5 - https:\/\/yoast.com\/product\/yoast-seo-wordpress\/ -->\n<title>Freeride\/Off-piste skiing - Guide Alpes<\/title>\n<meta name=\"robots\" content=\"index, follow, max-snippet:-1, max-image-preview:large, max-video-preview:-1\" \/>\n<link rel=\"canonical\" href=\"https:\/\/guidealpes.com\/ski-freeride\/freeride-horspiste\/\" \/>\n<meta property=\"og:locale\" content=\"en_US\" \/>\n<meta property=\"og:type\" content=\"article\" \/>\n<meta property=\"og:title\" content=\"Freeride\/Off-piste skiing - Guide Alpes\" \/>\n<meta property=\"og:description\" content=\"You want to ski away from large crowds and draw your own curves on immaculate slope but you think that your skiing level is not good enough to do freeride. Don\u2019t worry and take advantage of your guide&#8217;s skills. He will initiate you safely into this singular activity. Some suggestions : \u2013 Verbier : In the realm of freeride, Verbier has become a must-see for rider. The proof is that the ultimate meeting of Freeride World Tour is organize here. Each year&#8217;s the best freerides of the world face up...read more\" \/>\n<meta property=\"og:url\" content=\"https:\/\/guidealpes.com\/ski-freeride\/freeride-horspiste\/\" \/>\n<meta property=\"og:site_name\" content=\"Guide Alpes\" \/>\n<meta property=\"article:publisher\" content=\"https:\/\/www.facebook.com\/guidesalpes\/\" \/>\n<meta property=\"article:modified_time\" content=\"2017-08-19T23:00:31+00:00\" \/>\n<meta property=\"og:image\" content=\"https:\/\/i0.wp.com\/guidealpes.com\/wp-content\/uploads\/2015\/10\/freeride.jpg?fit=1280%2C540&ssl=1\" \/>\n\t<meta property=\"og:image:width\" content=\"1280\" \/>\n\t<meta property=\"og:image:height\" content=\"540\" \/>\n\t<meta property=\"og:image:type\" content=\"image\/jpeg\" \/>\n<meta name=\"twitter:card\" content=\"summary_large_image\" \/>\n<meta name=\"twitter:label1\" content=\"Est. reading time\" \/>\n\t<meta name=\"twitter:data1\" content=\"1 minute\" \/>\n<script type=\"application\/ld+json\" class=\"yoast-schema-graph\">{\"@context\":\"https:\\\/\\\/schema.org\",\"@graph\":[{\"@type\":\"WebPage\",\"@id\":\"https:\\\/\\\/guidealpes.com\\\/ski-freeride\\\/freeride-horspiste\\\/\",\"url\":\"https:\\\/\\\/guidealpes.com\\\/ski-freeride\\\/freeride-horspiste\\\/\",\"name\":\"Freeride\\\/Off-piste skiing - Guide Alpes\",\"isPartOf\":{\"@id\":\"https:\\\/\\\/guidealpes.com\\\/#website\"},\"primaryImageOfPage\":{\"@id\":\"https:\\\/\\\/guidealpes.com\\\/ski-freeride\\\/freeride-horspiste\\\/#primaryimage\"},\"image\":{\"@id\":\"https:\\\/\\\/guidealpes.com\\\/ski-freeride\\\/freeride-horspiste\\\/#primaryimage\"},\"thumbnailUrl\":\"https:\\\/\\\/i0.wp.com\\\/guidealpes.com\\\/wp-content\\\/uploads\\\/2015\\\/10\\\/freeride.jpg?fit=1280%2C540&ssl=1\",\"datePublished\":\"2015-09-30T11:23:26+00:00\",\"dateModified\":\"2017-08-19T23:00:31+00:00\",\"breadcrumb\":{\"@id\":\"https:\\\/\\\/guidealpes.com\\\/ski-freeride\\\/freeride-horspiste\\\/#breadcrumb\"},\"inLanguage\":\"en-US\",\"potentialAction\":[{\"@type\":\"ReadAction\",\"target\":[\"https:\\\/\\\/guidealpes.com\\\/ski-freeride\\\/freeride-horspiste\\\/\"]}]},{\"@type\":\"ImageObject\",\"inLanguage\":\"en-US\",\"@id\":\"https:\\\/\\\/guidealpes.com\\\/ski-freeride\\\/freeride-horspiste\\\/#primaryimage\",\"url\":\"https:\\\/\\\/i0.wp.com\\\/guidealpes.com\\\/wp-content\\\/uploads\\\/2015\\\/10\\\/freeride.jpg?fit=1280%2C540&ssl=1\",\"contentUrl\":\"https:\\\/\\\/i0.wp.com\\\/guidealpes.com\\\/wp-content\\\/uploads\\\/2015\\\/10\\\/freeride.jpg?fit=1280%2C540&ssl=1\",\"width\":1280,\"height\":540},{\"@type\":\"BreadcrumbList\",\"@id\":\"https:\\\/\\\/guidealpes.com\\\/ski-freeride\\\/freeride-horspiste\\\/#breadcrumb\",\"itemListElement\":[{\"@type\":\"ListItem\",\"position\":1,\"name\":\"Home\",\"item\":\"https:\\\/\\\/guidealpes.com\\\/\"},{\"@type\":\"ListItem\",\"position\":2,\"name\":\"Ski \\\/ Freeride\",\"item\":\"https:\\\/\\\/guidealpes.com\\\/en\\\/ski-freeride\\\/\"},{\"@type\":\"ListItem\",\"position\":3,\"name\":\"Freeride\\\/Hors piste\"}]},{\"@type\":\"WebSite\",\"@id\":\"https:\\\/\\\/guidealpes.com\\\/#website\",\"url\":\"https:\\\/\\\/guidealpes.com\\\/\",\"name\":\"Guide Alpes\",\"description\":\"Mountain guide, the French Alps to the Austrian Alps\",\"potentialAction\":[{\"@type\":\"SearchAction\",\"target\":{\"@type\":\"EntryPoint\",\"urlTemplate\":\"https:\\\/\\\/guidealpes.com\\\/?s={search_term_string}\"},\"query-input\":{\"@type\":\"PropertyValueSpecification\",\"valueRequired\":true,\"valueName\":\"search_term_string\"}}],\"inLanguage\":\"en-US\"}]}<\/script>\n<!-- \/ Yoast SEO plugin. -->","yoast_head_json":{"title":"Freeride\/Off-piste skiing - Guide Alpes","robots":{"index":"index","follow":"follow","max-snippet":"max-snippet:-1","max-image-preview":"max-image-preview:large","max-video-preview":"max-video-preview:-1"},"canonical":"https:\/\/guidealpes.com\/ski-freeride\/freeride-horspiste\/","og_locale":"en_US","og_type":"article","og_title":"Freeride\/Off-piste skiing - Guide Alpes","og_description":"You want to ski away from large crowds and draw your own curves on immaculate slope but you think that your skiing level is not good enough to do freeride. Don\u2019t worry and take advantage of your guide&#8217;s skills. He will initiate you safely into this singular activity. Some suggestions : \u2013 Verbier : In the realm of freeride, Verbier has become a must-see for rider. The proof is that the ultimate meeting of Freeride World Tour is organize here. Each year&#8217;s the best freerides of the world face up...read more","og_url":"https:\/\/guidealpes.com\/ski-freeride\/freeride-horspiste\/","og_site_name":"Guide Alpes","article_publisher":"https:\/\/www.facebook.com\/guidesalpes\/","article_modified_time":"2017-08-19T23:00:31+00:00","og_image":[{"width":1280,"height":540,"url":"https:\/\/i0.wp.com\/guidealpes.com\/wp-content\/uploads\/2015\/10\/freeride.jpg?fit=1280%2C540&ssl=1","type":"image\/jpeg"}],"twitter_card":"summary_large_image","twitter_misc":{"Est. reading time":"1 minute"},"schema":{"@context":"https:\/\/schema.org","@graph":[{"@type":"WebPage","@id":"https:\/\/guidealpes.com\/ski-freeride\/freeride-horspiste\/","url":"https:\/\/guidealpes.com\/ski-freeride\/freeride-horspiste\/","name":"Freeride\/Off-piste skiing - Guide Alpes","isPartOf":{"@id":"https:\/\/guidealpes.com\/#website"},"primaryImageOfPage":{"@id":"https:\/\/guidealpes.com\/ski-freeride\/freeride-horspiste\/#primaryimage"},"image":{"@id":"https:\/\/guidealpes.com\/ski-freeride\/freeride-horspiste\/#primaryimage"},"thumbnailUrl":"https:\/\/i0.wp.com\/guidealpes.com\/wp-content\/uploads\/2015\/10\/freeride.jpg?fit=1280%2C540&ssl=1","datePublished":"2015-09-30T11:23:26+00:00","dateModified":"2017-08-19T23:00:31+00:00","breadcrumb":{"@id":"https:\/\/guidealpes.com\/ski-freeride\/freeride-horspiste\/#breadcrumb"},"inLanguage":"en-US","potentialAction":[{"@type":"ReadAction","target":["https:\/\/guidealpes.com\/ski-freeride\/freeride-horspiste\/"]}]},{"@type":"ImageObject","inLanguage":"en-US","@id":"https:\/\/guidealpes.com\/ski-freeride\/freeride-horspiste\/#primaryimage","url":"https:\/\/i0.wp.com\/guidealpes.com\/wp-content\/uploads\/2015\/10\/freeride.jpg?fit=1280%2C540&ssl=1","contentUrl":"https:\/\/i0.wp.com\/guidealpes.com\/wp-content\/uploads\/2015\/10\/freeride.jpg?fit=1280%2C540&ssl=1","width":1280,"height":540},{"@type":"BreadcrumbList","@id":"https:\/\/guidealpes.com\/ski-freeride\/freeride-horspiste\/#breadcrumb","itemListElement":[{"@type":"ListItem","position":1,"name":"Home","item":"https:\/\/guidealpes.com\/"},{"@type":"ListItem","position":2,"name":"Ski \/ Freeride","item":"https:\/\/guidealpes.com\/en\/ski-freeride\/"},{"@type":"ListItem","position":3,"name":"Freeride\/Hors piste"}]},{"@type":"WebSite","@id":"https:\/\/guidealpes.com\/#website","url":"https:\/\/guidealpes.com\/","name":"Guide Alpes","description":"Mountain guide, the French Alps to the Austrian Alps","potentialAction":[{"@type":"SearchAction","target":{"@type":"EntryPoint","urlTemplate":"https:\/\/guidealpes.com\/?s={search_term_string}"},"query-input":{"@type":"PropertyValueSpecification","valueRequired":true,"valueName":"search_term_string"}}],"inLanguage":"en-US"}]}},"jetpack_sharing_enabled":true,"jetpack_shortlink":"https:\/\/wp.me\/P6Nn53-J1","jetpack-related-posts":[{"id":2793,"url":"https:\/\/guidealpes.com\/en\/ski-freeride\/heliski\/","url_meta":{"origin":2791,"position":0},"title":"Heliskiing","author":"Guide Alpes","date":"Wednesday September 30th, 2015","format":false,"excerpt":"Besides being the capital of the off-piste, Verbier is also a must-see for heliskiing. For those not frightened by the effort, follow your guide and put on your climbing skins. The helicopter will drop you off in unforgettable and amazing places, away from the crowds. Please note that the activity\u2026","rel":"","context":"Similar post","block_context":{"text":"Similar post","link":""},"img":{"alt_text":"","src":"https:\/\/i0.wp.com\/guidealpes.com\/wp-content\/uploads\/2015\/09\/heliski-freeride.jpg?fit=1200%2C506&ssl=1&resize=350%2C200","width":350,"height":200,"srcset":"https:\/\/i0.wp.com\/guidealpes.com\/wp-content\/uploads\/2015\/09\/heliski-freeride.jpg?fit=1200%2C506&ssl=1&resize=350%2C200 1x, https:\/\/i0.wp.com\/guidealpes.com\/wp-content\/uploads\/2015\/09\/heliski-freeride.jpg?fit=1200%2C506&ssl=1&resize=525%2C300 1.5x, https:\/\/i0.wp.com\/guidealpes.com\/wp-content\/uploads\/2015\/09\/heliski-freeride.jpg?fit=1200%2C506&ssl=1&resize=700%2C400 2x, https:\/\/i0.wp.com\/guidealpes.com\/wp-content\/uploads\/2015\/09\/heliski-freeride.jpg?fit=1200%2C506&ssl=1&resize=1050%2C600 3x"},"classes":[]},{"id":2748,"url":"https:\/\/guidealpes.com\/en\/ski-freeride\/","url_meta":{"origin":2791,"position":1},"title":"Ski \/ Freeride","author":"Guide Alpes","date":"Wednesday September 30th, 2015","format":false,"excerpt":"Find the activty to meet your challenges \u2013 desires. Powder snow alert ! Follow the guide and discover the pleasure to draw its own curves on virgin slopes of your choice. You are here : Home > Ski \/ Freeride","rel":"","context":"Similar post","block_context":{"text":"Similar post","link":""},"img":{"alt_text":"","src":"https:\/\/i0.wp.com\/guidealpes.com\/wp-content\/uploads\/2015\/10\/ski_freeride.jpg?fit=1200%2C506&ssl=1&resize=350%2C200","width":350,"height":200,"srcset":"https:\/\/i0.wp.com\/guidealpes.com\/wp-content\/uploads\/2015\/10\/ski_freeride.jpg?fit=1200%2C506&ssl=1&resize=350%2C200 1x, https:\/\/i0.wp.com\/guidealpes.com\/wp-content\/uploads\/2015\/10\/ski_freeride.jpg?fit=1200%2C506&ssl=1&resize=525%2C300 1.5x, https:\/\/i0.wp.com\/guidealpes.com\/wp-content\/uploads\/2015\/10\/ski_freeride.jpg?fit=1200%2C506&ssl=1&resize=700%2C400 2x, https:\/\/i0.wp.com\/guidealpes.com\/wp-content\/uploads\/2015\/10\/ski_freeride.jpg?fit=1200%2C506&ssl=1&resize=1050%2C600 3x"},"classes":[]},{"id":2270,"url":"https:\/\/guidealpes.com\/en\/ski-freeride\/ski-de-randonnee\/","url_meta":{"origin":2791,"position":2},"title":"Ski touring","author":"Guide Alpes","date":"Wednesday November 20th, 2013","format":false,"excerpt":"Ski touring will immerse you in huge places of fullness that only the mountain can offer. For an initiation or a trek, follow your guide on ridge of Alps and admire the white stretches. You will learn the safety rules and you will initiate yourself into avalanche field. Efforts during\u2026","rel":"","context":"Similar post","block_context":{"text":"Similar post","link":""},"img":{"alt_text":"","src":"https:\/\/i0.wp.com\/guidealpes.com\/wp-content\/uploads\/2015\/10\/skirando.jpg?fit=1200%2C506&ssl=1&resize=350%2C200","width":350,"height":200,"srcset":"https:\/\/i0.wp.com\/guidealpes.com\/wp-content\/uploads\/2015\/10\/skirando.jpg?fit=1200%2C506&ssl=1&resize=350%2C200 1x, https:\/\/i0.wp.com\/guidealpes.com\/wp-content\/uploads\/2015\/10\/skirando.jpg?fit=1200%2C506&ssl=1&resize=525%2C300 1.5x, https:\/\/i0.wp.com\/guidealpes.com\/wp-content\/uploads\/2015\/10\/skirando.jpg?fit=1200%2C506&ssl=1&resize=700%2C400 2x, https:\/\/i0.wp.com\/guidealpes.com\/wp-content\/uploads\/2015\/10\/skirando.jpg?fit=1200%2C506&ssl=1&resize=1050%2C600 3x"},"classes":[]},{"id":2911,"url":"https:\/\/guidealpes.com\/en\/ski-freeride\/cours-avalanche\/","url_meta":{"origin":2791,"position":3},"title":"Safety class","author":"Guide Alpes","date":"Tuesday October  6th, 2015","format":false,"excerpt":"[vc_row][vc_column][vc_column_text]Car en montagne on ne peut dissocier plaisir et s\u00e9curit\u00e9, Guide Alpes vous propose de mieux conna\u00eetre le milieu dans lequel vous \u00e9voluez et d'en comprendre ses dangers (neige, vent, avalanches\u2026). Lors de ce cours, vous appr\u00e9henderez l\u2019utilisation du mat\u00e9riel sp\u00e9cifique au domaine des avalanches (DVA ou ARVA, pelle, sonde)\u2026","rel":"","context":"Similar post","block_context":{"text":"Similar post","link":""},"img":{"alt_text":"","src":"https:\/\/i0.wp.com\/guidealpes.com\/wp-content\/uploads\/2015\/10\/securite.jpg?fit=1200%2C506&ssl=1&resize=350%2C200","width":350,"height":200,"srcset":"https:\/\/i0.wp.com\/guidealpes.com\/wp-content\/uploads\/2015\/10\/securite.jpg?fit=1200%2C506&ssl=1&resize=350%2C200 1x, https:\/\/i0.wp.com\/guidealpes.com\/wp-content\/uploads\/2015\/10\/securite.jpg?fit=1200%2C506&ssl=1&resize=525%2C300 1.5x, https:\/\/i0.wp.com\/guidealpes.com\/wp-content\/uploads\/2015\/10\/securite.jpg?fit=1200%2C506&ssl=1&resize=700%2C400 2x, https:\/\/i0.wp.com\/guidealpes.com\/wp-content\/uploads\/2015\/10\/securite.jpg?fit=1200%2C506&ssl=1&resize=1050%2C600 3x"},"classes":[]},{"id":2280,"url":"https:\/\/guidealpes.com\/en\/ski-freeride\/raid-a-ski\/","url_meta":{"origin":2791,"position":4},"title":"Alpine touring","author":"Guide Alpes","date":"Wednesday November 20th, 2013","format":false,"excerpt":"[vc_row][vc_column][vc_column_text]Ski aux pieds, parcourez les plus beaux itin\u00e9raires de haute montagne. Apr\u00e8s l'effort fourni \u00e0 la mont\u00e9e, appr\u00e9ciez de vous laisser glisser sur ces grandes descentes. Votre Guide vous propose la c\u00e9l\u00e8bre haute route Chamonix-Zermatt. Cette formule vous permettra d'appr\u00e9cier les plus beaux points de vue des alpes. A vos\u2026","rel":"","context":"Similar post","block_context":{"text":"Similar post","link":""},"img":{"alt_text":"","src":"https:\/\/i0.wp.com\/guidealpes.com\/wp-content\/uploads\/2015\/10\/ski-rando-2.jpg?fit=1200%2C506&ssl=1&resize=350%2C200","width":350,"height":200,"srcset":"https:\/\/i0.wp.com\/guidealpes.com\/wp-content\/uploads\/2015\/10\/ski-rando-2.jpg?fit=1200%2C506&ssl=1&resize=350%2C200 1x, https:\/\/i0.wp.com\/guidealpes.com\/wp-content\/uploads\/2015\/10\/ski-rando-2.jpg?fit=1200%2C506&ssl=1&resize=525%2C300 1.5x, https:\/\/i0.wp.com\/guidealpes.com\/wp-content\/uploads\/2015\/10\/ski-rando-2.jpg?fit=1200%2C506&ssl=1&resize=700%2C400 2x, https:\/\/i0.wp.com\/guidealpes.com\/wp-content\/uploads\/2015\/10\/ski-rando-2.jpg?fit=1200%2C506&ssl=1&resize=1050%2C600 3x"},"classes":[]},{"id":2486,"url":"https:\/\/guidealpes.com\/en\/","url_meta":{"origin":2791,"position":5},"title":"Mountain guide","author":"Guide Alpes","date":"Friday November 29th, 2013","format":false,"excerpt":"FREERIDE, SKI TOURING, MOUNTAINEERING, ICE CLIMBING, ROCK CLIMBING\u2026 A dream, a mountain dear to your heart, we will be happy to guide you on easy trails or difficult routes. We could spend a day or more together. And for those who wish to go off the beaten track, we will\u2026","rel":"","context":"Similar post","block_context":{"text":"Similar post","link":""},"img":{"alt_text":"","src":"https:\/\/i0.wp.com\/guidealpes.com\/wp-content\/uploads\/2015\/10\/Fond-size.jpg?fit=1200%2C506&ssl=1&resize=350%2C200","width":350,"height":200,"srcset":"https:\/\/i0.wp.com\/guidealpes.com\/wp-content\/uploads\/2015\/10\/Fond-size.jpg?fit=1200%2C506&ssl=1&resize=350%2C200 1x, https:\/\/i0.wp.com\/guidealpes.com\/wp-content\/uploads\/2015\/10\/Fond-size.jpg?fit=1200%2C506&ssl=1&resize=525%2C300 1.5x, https:\/\/i0.wp.com\/guidealpes.com\/wp-content\/uploads\/2015\/10\/Fond-size.jpg?fit=1200%2C506&ssl=1&resize=700%2C400 2x, https:\/\/i0.wp.com\/guidealpes.com\/wp-content\/uploads\/2015\/10\/Fond-size.jpg?fit=1200%2C506&ssl=1&resize=1050%2C600 3x"},"classes":[]}],"_links":{"self":[{"href":"https:\/\/guidealpes.com\/en\/wp-json\/wp\/v2\/pages\/2791","targetHints":{"allow":["GET"]}}],"collection":[{"href":"https:\/\/guidealpes.com\/en\/wp-json\/wp\/v2\/pages"}],"about":[{"href":"https:\/\/guidealpes.com\/en\/wp-json\/wp\/v2\/types\/page"}],"author":[{"embeddable":true,"href":"https:\/\/guidealpes.com\/en\/wp-json\/wp\/v2\/users\/1"}],"replies":[{"embeddable":true,"href":"https:\/\/guidealpes.com\/en\/wp-json\/wp\/v2\/comments?post=2791"}],"version-history":[{"count":28,"href":"https:\/\/guidealpes.com\/en\/wp-json\/wp\/v2\/pages\/2791\/revisions"}],"predecessor-version":[{"id":6447,"href":"https:\/\/guidealpes.com\/en\/wp-json\/wp\/v2\/pages\/2791\/revisions\/6447"}],"up":[{"embeddable":true,"href":"https:\/\/guidealpes.com\/en\/wp-json\/wp\/v2\/pages\/2748"}],"wp:featuredmedia":[{"embeddable":true,"href":"https:\/\/guidealpes.com\/en\/wp-json\/wp\/v2\/media\/3208"}],"wp:attachment":[{"href":"https:\/\/guidealpes.com\/en\/wp-json\/wp\/v2\/media?parent=2791"}],"curies":[{"name":"wp","href":"https:\/\/api.w.org\/{rel}","templated":true}]}}