{"id":2783,"date":"2015-09-30T12:21:17","date_gmt":"2015-09-30T11:21:17","guid":{"rendered":"http:\/\/www.guidealpes.com\/?page_id=2783"},"modified":"2017-08-20T01:37:40","modified_gmt":"2017-08-19T23:37:40","slug":"randonnees","status":"publish","type":"page","link":"https:\/\/guidealpes.com\/en\/ete\/randonnees\/","title":{"rendered":"Hiking"},"content":{"rendered":"<p><\/p>\n<p align=\"justify\">Discover magical and unique places for one day or more, this is what offers hiking. Simple pleasure, conviviality and freedom will form the pattern of our trip. Thanks to his knowledge, your guide will make you discover or rediscover the wildlife around you. You want to better discover a region dear to your heart, do not hesitate and contact Guide Alpes to organize your tailor-made stay.<\/p>\n<p>Some suggestions :<br \/>\n\u2013 Tour of the Matterhorn<br \/>\n\u2013 Tour of Mont Blanc<br \/>\n\u2013 Tour of Saint- Bernard<br \/>\n\u2013 Belledonne crossing<br \/>\n\u2013 Vercors crossing<br \/>\n\u2013 Chartreuse crossing<br \/>\n\u2013 Pyrenees crossing<br \/>\n\u2013 GR 20<br \/>\n\u2013 GR 65 \u2013 Saint Jacques de Compostel<\/p>\n<div style=\"text-align:justify\"><b>Prices : on request (from 1 participant). For a quote request, please send us a message via the <a href=\"https:\/\/www.guidealpes.com\/en\/contact\/\"> contact from<\/a>.<\/b><\/div style=\"text-align:justify\">\n<p><\/p>\n<p><span style=\"font-size:70%;\"><font color=#51b6f5> You are here : <a href=\"https:\/\/guidealpes.com\/\">Home<\/a> > <a href=\"https:\/\/guidealpes.com\/ete\/\">Summer<\/a> > Hiking <\/font><\/span><\/p>","protected":false},"excerpt":{"rendered":"<p>Discover magical and unique places for one day or more, this is what offers hiking. Simple pleasure, conviviality and freedom will form the pattern of our trip. Thanks to his knowledge, your guide will make you discover or rediscover the wildlife around you. You want to better discover a region dear to your heart, do not hesitate and contact Guide Alpes to organize your tailor-made stay. Some suggestions : \u2013 Tour of the Matterhorn \u2013 Tour of Mont Blanc \u2013 Tour of Saint- Bernard \u2013 Belledonne crossing \u2013 Vercors crossing&#8230;<a class=\"read-more\" href=\"https:\/\/guidealpes.com\/en\/ete\/randonnees\/\">read more<\/a><\/p>\n","protected":false},"author":1,"featured_media":3195,"parent":2744,"menu_order":0,"comment_status":"closed","ping_status":"closed","template":"","meta":{"footnotes":""},"class_list":["post-2783","page","type-page","status-publish","has-post-thumbnail","hentry","et-bg-layout-dark","et-white-bg"],"aioseo_notices":[],"yoast_head":"<!-- This site is optimized with the Yoast SEO plugin v27.5 - https:\/\/yoast.com\/product\/yoast-seo-wordpress\/ -->\n<title>Hiking - Guide Alpes<\/title>\n<meta name=\"robots\" content=\"index, follow, max-snippet:-1, max-image-preview:large, max-video-preview:-1\" \/>\n<link rel=\"canonical\" href=\"https:\/\/guidealpes.com\/ete\/randonnees\/\" \/>\n<meta property=\"og:locale\" content=\"en_US\" \/>\n<meta property=\"og:type\" content=\"article\" \/>\n<meta property=\"og:title\" content=\"Hiking - Guide Alpes\" \/>\n<meta property=\"og:description\" content=\"Discover magical and unique places for one day or more, this is what offers hiking. Simple pleasure, conviviality and freedom will form the pattern of our trip. Thanks to his knowledge, your guide will make you discover or rediscover the wildlife around you. You want to better discover a region dear to your heart, do not hesitate and contact Guide Alpes to organize your tailor-made stay. Some suggestions : \u2013 Tour of the Matterhorn \u2013 Tour of Mont Blanc \u2013 Tour of Saint- Bernard \u2013 Belledonne crossing \u2013 Vercors crossing...read more\" \/>\n<meta property=\"og:url\" content=\"https:\/\/guidealpes.com\/ete\/randonnees\/\" \/>\n<meta property=\"og:site_name\" content=\"Guide Alpes\" \/>\n<meta property=\"article:publisher\" content=\"https:\/\/www.facebook.com\/guidesalpes\/\" \/>\n<meta property=\"article:modified_time\" content=\"2017-08-19T23:37:40+00:00\" \/>\n<meta property=\"og:image\" content=\"https:\/\/i2.wp.com\/guidealpes.com\/wp-content\/uploads\/2015\/10\/rando.jpg?fit=1280%2C540&ssl=1\" \/>\n\t<meta property=\"og:image:width\" content=\"1280\" \/>\n\t<meta property=\"og:image:height\" content=\"540\" \/>\n\t<meta property=\"og:image:type\" content=\"image\/jpeg\" \/>\n<meta name=\"twitter:card\" content=\"summary_large_image\" \/>\n<meta name=\"twitter:label1\" content=\"Est. reading time\" \/>\n\t<meta name=\"twitter:data1\" content=\"1 minute\" \/>\n<script type=\"application\/ld+json\" class=\"yoast-schema-graph\">{\"@context\":\"https:\\\/\\\/schema.org\",\"@graph\":[{\"@type\":\"WebPage\",\"@id\":\"https:\\\/\\\/guidealpes.com\\\/ete\\\/randonnees\\\/\",\"url\":\"https:\\\/\\\/guidealpes.com\\\/ete\\\/randonnees\\\/\",\"name\":\"Hiking - Guide Alpes\",\"isPartOf\":{\"@id\":\"https:\\\/\\\/guidealpes.com\\\/#website\"},\"primaryImageOfPage\":{\"@id\":\"https:\\\/\\\/guidealpes.com\\\/ete\\\/randonnees\\\/#primaryimage\"},\"image\":{\"@id\":\"https:\\\/\\\/guidealpes.com\\\/ete\\\/randonnees\\\/#primaryimage\"},\"thumbnailUrl\":\"https:\\\/\\\/i0.wp.com\\\/guidealpes.com\\\/wp-content\\\/uploads\\\/2015\\\/10\\\/rando.jpg?fit=1280%2C540&ssl=1\",\"datePublished\":\"2015-09-30T11:21:17+00:00\",\"dateModified\":\"2017-08-19T23:37:40+00:00\",\"breadcrumb\":{\"@id\":\"https:\\\/\\\/guidealpes.com\\\/ete\\\/randonnees\\\/#breadcrumb\"},\"inLanguage\":\"en-US\",\"potentialAction\":[{\"@type\":\"ReadAction\",\"target\":[\"https:\\\/\\\/guidealpes.com\\\/ete\\\/randonnees\\\/\"]}]},{\"@type\":\"ImageObject\",\"inLanguage\":\"en-US\",\"@id\":\"https:\\\/\\\/guidealpes.com\\\/ete\\\/randonnees\\\/#primaryimage\",\"url\":\"https:\\\/\\\/i0.wp.com\\\/guidealpes.com\\\/wp-content\\\/uploads\\\/2015\\\/10\\\/rando.jpg?fit=1280%2C540&ssl=1\",\"contentUrl\":\"https:\\\/\\\/i0.wp.com\\\/guidealpes.com\\\/wp-content\\\/uploads\\\/2015\\\/10\\\/rando.jpg?fit=1280%2C540&ssl=1\",\"width\":1280,\"height\":540},{\"@type\":\"BreadcrumbList\",\"@id\":\"https:\\\/\\\/guidealpes.com\\\/ete\\\/randonnees\\\/#breadcrumb\",\"itemListElement\":[{\"@type\":\"ListItem\",\"position\":1,\"name\":\"Home\",\"item\":\"https:\\\/\\\/guidealpes.com\\\/\"},{\"@type\":\"ListItem\",\"position\":2,\"name\":\"Summer\",\"item\":\"https:\\\/\\\/guidealpes.com\\\/en\\\/ete\\\/\"},{\"@type\":\"ListItem\",\"position\":3,\"name\":\"Randonn\u00e9es\"}]},{\"@type\":\"WebSite\",\"@id\":\"https:\\\/\\\/guidealpes.com\\\/#website\",\"url\":\"https:\\\/\\\/guidealpes.com\\\/\",\"name\":\"Guide Alpes\",\"description\":\"Mountain guide, the French Alps to the Austrian Alps\",\"potentialAction\":[{\"@type\":\"SearchAction\",\"target\":{\"@type\":\"EntryPoint\",\"urlTemplate\":\"https:\\\/\\\/guidealpes.com\\\/?s={search_term_string}\"},\"query-input\":{\"@type\":\"PropertyValueSpecification\",\"valueRequired\":true,\"valueName\":\"search_term_string\"}}],\"inLanguage\":\"en-US\"}]}<\/script>\n<!-- \/ Yoast SEO plugin. -->","yoast_head_json":{"title":"Hiking - Guide Alpes","robots":{"index":"index","follow":"follow","max-snippet":"max-snippet:-1","max-image-preview":"max-image-preview:large","max-video-preview":"max-video-preview:-1"},"canonical":"https:\/\/guidealpes.com\/ete\/randonnees\/","og_locale":"en_US","og_type":"article","og_title":"Hiking - Guide Alpes","og_description":"Discover magical and unique places for one day or more, this is what offers hiking. Simple pleasure, conviviality and freedom will form the pattern of our trip. Thanks to his knowledge, your guide will make you discover or rediscover the wildlife around you. You want to better discover a region dear to your heart, do not hesitate and contact Guide Alpes to organize your tailor-made stay. Some suggestions : \u2013 Tour of the Matterhorn \u2013 Tour of Mont Blanc \u2013 Tour of Saint- Bernard \u2013 Belledonne crossing \u2013 Vercors crossing...read more","og_url":"https:\/\/guidealpes.com\/ete\/randonnees\/","og_site_name":"Guide Alpes","article_publisher":"https:\/\/www.facebook.com\/guidesalpes\/","article_modified_time":"2017-08-19T23:37:40+00:00","og_image":[{"width":1280,"height":540,"url":"https:\/\/i2.wp.com\/guidealpes.com\/wp-content\/uploads\/2015\/10\/rando.jpg?fit=1280%2C540&ssl=1","type":"image\/jpeg"}],"twitter_card":"summary_large_image","twitter_misc":{"Est. reading time":"1 minute"},"schema":{"@context":"https:\/\/schema.org","@graph":[{"@type":"WebPage","@id":"https:\/\/guidealpes.com\/ete\/randonnees\/","url":"https:\/\/guidealpes.com\/ete\/randonnees\/","name":"Hiking - Guide Alpes","isPartOf":{"@id":"https:\/\/guidealpes.com\/#website"},"primaryImageOfPage":{"@id":"https:\/\/guidealpes.com\/ete\/randonnees\/#primaryimage"},"image":{"@id":"https:\/\/guidealpes.com\/ete\/randonnees\/#primaryimage"},"thumbnailUrl":"https:\/\/i0.wp.com\/guidealpes.com\/wp-content\/uploads\/2015\/10\/rando.jpg?fit=1280%2C540&ssl=1","datePublished":"2015-09-30T11:21:17+00:00","dateModified":"2017-08-19T23:37:40+00:00","breadcrumb":{"@id":"https:\/\/guidealpes.com\/ete\/randonnees\/#breadcrumb"},"inLanguage":"en-US","potentialAction":[{"@type":"ReadAction","target":["https:\/\/guidealpes.com\/ete\/randonnees\/"]}]},{"@type":"ImageObject","inLanguage":"en-US","@id":"https:\/\/guidealpes.com\/ete\/randonnees\/#primaryimage","url":"https:\/\/i0.wp.com\/guidealpes.com\/wp-content\/uploads\/2015\/10\/rando.jpg?fit=1280%2C540&ssl=1","contentUrl":"https:\/\/i0.wp.com\/guidealpes.com\/wp-content\/uploads\/2015\/10\/rando.jpg?fit=1280%2C540&ssl=1","width":1280,"height":540},{"@type":"BreadcrumbList","@id":"https:\/\/guidealpes.com\/ete\/randonnees\/#breadcrumb","itemListElement":[{"@type":"ListItem","position":1,"name":"Home","item":"https:\/\/guidealpes.com\/"},{"@type":"ListItem","position":2,"name":"Summer","item":"https:\/\/guidealpes.com\/en\/ete\/"},{"@type":"ListItem","position":3,"name":"Randonn\u00e9es"}]},{"@type":"WebSite","@id":"https:\/\/guidealpes.com\/#website","url":"https:\/\/guidealpes.com\/","name":"Guide Alpes","description":"Mountain guide, the French Alps to the Austrian Alps","potentialAction":[{"@type":"SearchAction","target":{"@type":"EntryPoint","urlTemplate":"https:\/\/guidealpes.com\/?s={search_term_string}"},"query-input":{"@type":"PropertyValueSpecification","valueRequired":true,"valueName":"search_term_string"}}],"inLanguage":"en-US"}]}},"jetpack_sharing_enabled":true,"jetpack_shortlink":"https:\/\/wp.me\/P6Nn53-IT","jetpack-related-posts":[{"id":2768,"url":"https:\/\/guidealpes.com\/en\/infos\/votre-guide\/","url_meta":{"origin":2783,"position":0},"title":"Your Guide","author":"Guide Alpes","date":"Wednesday September 30th, 2015","format":false,"excerpt":"[vc_row][vc_column][vc_column_text]Bienvenue sur mon site, je m'appelle C\u00e9dric Tardieu. Je suis guide de haute montagne UIAGM et moniteur escalade et canyon. Pour les curieux qui souhaitent connaitre mon parcours, en voici un r\u00e9sum\u00e9 en quelques lignes ...[\/vc_column_text][vc_text_separator title=\"Mon parcours\"][\/vc_column][\/vc_row][vc_row][vc_column width=\"1\/4\"][vc_single_image image=\"6887\" alignment=\"center\"][\/vc_column][vc_column width=\"3\/4\"][vc_column_text] Originaire de Mont\u00e9limar, j'ai tr\u00e8s vite montr\u00e9 un\u2026","rel":"","context":"Similar post","block_context":{"text":"Similar post","link":""},"img":{"alt_text":"","src":"https:\/\/i0.wp.com\/guidealpes.com\/wp-content\/uploads\/2015\/09\/Votreguide-1.jpg?fit=1200%2C506&ssl=1&resize=350%2C200","width":350,"height":200,"srcset":"https:\/\/i0.wp.com\/guidealpes.com\/wp-content\/uploads\/2015\/09\/Votreguide-1.jpg?fit=1200%2C506&ssl=1&resize=350%2C200 1x, https:\/\/i0.wp.com\/guidealpes.com\/wp-content\/uploads\/2015\/09\/Votreguide-1.jpg?fit=1200%2C506&ssl=1&resize=525%2C300 1.5x, https:\/\/i0.wp.com\/guidealpes.com\/wp-content\/uploads\/2015\/09\/Votreguide-1.jpg?fit=1200%2C506&ssl=1&resize=700%2C400 2x, https:\/\/i0.wp.com\/guidealpes.com\/wp-content\/uploads\/2015\/09\/Votreguide-1.jpg?fit=1200%2C506&ssl=1&resize=1050%2C600 3x"},"classes":[]},{"id":2925,"url":"https:\/\/guidealpes.com\/en\/hiver\/randonnee-raquette\/","url_meta":{"origin":2783,"position":1},"title":"Snowshoe hiking","author":"Guide Alpes","date":"Tuesday October  6th, 2015","format":false,"excerpt":"You want to initiate yourself to hike and \/ or discover the nature in winter : snowshoeing is for you. Guide Alpes give you peace of mind of stride across our beautiful white stretch, from the Vercors (France) to the great outdoors of another continent. Prices : on request (from\u2026","rel":"","context":"Similar post","block_context":{"text":"Similar post","link":""},"img":{"alt_text":"","src":"https:\/\/i0.wp.com\/guidealpes.com\/wp-content\/uploads\/2015\/10\/raquette.jpg?fit=1200%2C506&ssl=1&resize=350%2C200","width":350,"height":200,"srcset":"https:\/\/i0.wp.com\/guidealpes.com\/wp-content\/uploads\/2015\/10\/raquette.jpg?fit=1200%2C506&ssl=1&resize=350%2C200 1x, https:\/\/i0.wp.com\/guidealpes.com\/wp-content\/uploads\/2015\/10\/raquette.jpg?fit=1200%2C506&ssl=1&resize=525%2C300 1.5x, https:\/\/i0.wp.com\/guidealpes.com\/wp-content\/uploads\/2015\/10\/raquette.jpg?fit=1200%2C506&ssl=1&resize=700%2C400 2x, https:\/\/i0.wp.com\/guidealpes.com\/wp-content\/uploads\/2015\/10\/raquette.jpg?fit=1200%2C506&ssl=1&resize=1050%2C600 3x"},"classes":[]},{"id":2270,"url":"https:\/\/guidealpes.com\/en\/ski-freeride\/ski-de-randonnee\/","url_meta":{"origin":2783,"position":2},"title":"Ski touring","author":"Guide Alpes","date":"Wednesday November 20th, 2013","format":false,"excerpt":"Ski touring will immerse you in huge places of fullness that only the mountain can offer. For an initiation or a trek, follow your guide on ridge of Alps and admire the white stretches. You will learn the safety rules and you will initiate yourself into avalanche field. Efforts during\u2026","rel":"","context":"Similar post","block_context":{"text":"Similar post","link":""},"img":{"alt_text":"","src":"https:\/\/i0.wp.com\/guidealpes.com\/wp-content\/uploads\/2015\/10\/skirando.jpg?fit=1200%2C506&ssl=1&resize=350%2C200","width":350,"height":200,"srcset":"https:\/\/i0.wp.com\/guidealpes.com\/wp-content\/uploads\/2015\/10\/skirando.jpg?fit=1200%2C506&ssl=1&resize=350%2C200 1x, https:\/\/i0.wp.com\/guidealpes.com\/wp-content\/uploads\/2015\/10\/skirando.jpg?fit=1200%2C506&ssl=1&resize=525%2C300 1.5x, https:\/\/i0.wp.com\/guidealpes.com\/wp-content\/uploads\/2015\/10\/skirando.jpg?fit=1200%2C506&ssl=1&resize=700%2C400 2x, https:\/\/i0.wp.com\/guidealpes.com\/wp-content\/uploads\/2015\/10\/skirando.jpg?fit=1200%2C506&ssl=1&resize=1050%2C600 3x"},"classes":[]},{"id":2460,"url":"https:\/\/guidealpes.com\/en\/ete\/alpinisme\/randonnee-glaciaire\/","url_meta":{"origin":2783,"position":3},"title":"Glacier hiking","author":"Guide Alpes","date":"Saturday November 23rd, 2013","format":false,"excerpt":"Try glaciers hiking is to begin the adventure at night, then see step by step the sun set alight the mountain. With Guide Alpes you will learn to tame the crevasses, snow bridges and bergschrunds\/rimayes. Prick up one's ears the ice crunches under your feet\u2026 Open your eyes and admire\u2026","rel":"","context":"Similar post","block_context":{"text":"Similar post","link":""},"img":{"alt_text":"","src":"https:\/\/i0.wp.com\/guidealpes.com\/wp-content\/uploads\/2015\/10\/fond.jpg?fit=1200%2C506&ssl=1&resize=350%2C200","width":350,"height":200,"srcset":"https:\/\/i0.wp.com\/guidealpes.com\/wp-content\/uploads\/2015\/10\/fond.jpg?fit=1200%2C506&ssl=1&resize=350%2C200 1x, https:\/\/i0.wp.com\/guidealpes.com\/wp-content\/uploads\/2015\/10\/fond.jpg?fit=1200%2C506&ssl=1&resize=525%2C300 1.5x, https:\/\/i0.wp.com\/guidealpes.com\/wp-content\/uploads\/2015\/10\/fond.jpg?fit=1200%2C506&ssl=1&resize=700%2C400 2x, https:\/\/i0.wp.com\/guidealpes.com\/wp-content\/uploads\/2015\/10\/fond.jpg?fit=1200%2C506&ssl=1&resize=1050%2C600 3x"},"classes":[]},{"id":2779,"url":"https:\/\/guidealpes.com\/en\/ete\/via-ferrata\/","url_meta":{"origin":2783,"position":4},"title":"Via ferrata","author":"Guide Alpes","date":"Wednesday September 30th, 2015","format":false,"excerpt":"These \"Railways\" are in reality sporting routes which are halfway between hiking and climbing. They could seem easy to climb but beware of them. They can be real sporting challenges. Trust in your guide, it will be the opportunity to take your first steps in thin air or to discover\u2026","rel":"","context":"Similar post","block_context":{"text":"Similar post","link":""},"img":{"alt_text":"","src":"https:\/\/i0.wp.com\/guidealpes.com\/wp-content\/uploads\/2015\/10\/via-ferrata.jpg?fit=1200%2C506&ssl=1&resize=350%2C200","width":350,"height":200,"srcset":"https:\/\/i0.wp.com\/guidealpes.com\/wp-content\/uploads\/2015\/10\/via-ferrata.jpg?fit=1200%2C506&ssl=1&resize=350%2C200 1x, https:\/\/i0.wp.com\/guidealpes.com\/wp-content\/uploads\/2015\/10\/via-ferrata.jpg?fit=1200%2C506&ssl=1&resize=525%2C300 1.5x, https:\/\/i0.wp.com\/guidealpes.com\/wp-content\/uploads\/2015\/10\/via-ferrata.jpg?fit=1200%2C506&ssl=1&resize=700%2C400 2x, https:\/\/i0.wp.com\/guidealpes.com\/wp-content\/uploads\/2015\/10\/via-ferrata.jpg?fit=1200%2C506&ssl=1&resize=1050%2C600 3x"},"classes":[]},{"id":7104,"url":"https:\/\/guidealpes.com\/en\/selection-cadeau-de-noel\/","url_meta":{"origin":2783,"position":5},"title":"Notre s\u00e9lection cadeau","author":"Guide Alpes","date":"Saturday December  9th, 2017","format":false,"excerpt":"Sorry, this entry is only available in Fran\u00e7ais.","rel":"","context":"Similar post","block_context":{"text":"Similar post","link":""},"img":{"alt_text":"","src":"https:\/\/i0.wp.com\/guidealpes.com\/wp-content\/uploads\/2017\/12\/cadeau-sapin.jpg?fit=1200%2C506&ssl=1&resize=350%2C200","width":350,"height":200,"srcset":"https:\/\/i0.wp.com\/guidealpes.com\/wp-content\/uploads\/2017\/12\/cadeau-sapin.jpg?fit=1200%2C506&ssl=1&resize=350%2C200 1x, https:\/\/i0.wp.com\/guidealpes.com\/wp-content\/uploads\/2017\/12\/cadeau-sapin.jpg?fit=1200%2C506&ssl=1&resize=525%2C300 1.5x, https:\/\/i0.wp.com\/guidealpes.com\/wp-content\/uploads\/2017\/12\/cadeau-sapin.jpg?fit=1200%2C506&ssl=1&resize=700%2C400 2x, https:\/\/i0.wp.com\/guidealpes.com\/wp-content\/uploads\/2017\/12\/cadeau-sapin.jpg?fit=1200%2C506&ssl=1&resize=1050%2C600 3x"},"classes":[]}],"_links":{"self":[{"href":"https:\/\/guidealpes.com\/en\/wp-json\/wp\/v2\/pages\/2783","targetHints":{"allow":["GET"]}}],"collection":[{"href":"https:\/\/guidealpes.com\/en\/wp-json\/wp\/v2\/pages"}],"about":[{"href":"https:\/\/guidealpes.com\/en\/wp-json\/wp\/v2\/types\/page"}],"author":[{"embeddable":true,"href":"https:\/\/guidealpes.com\/en\/wp-json\/wp\/v2\/users\/1"}],"replies":[{"embeddable":true,"href":"https:\/\/guidealpes.com\/en\/wp-json\/wp\/v2\/comments?post=2783"}],"version-history":[{"count":30,"href":"https:\/\/guidealpes.com\/en\/wp-json\/wp\/v2\/pages\/2783\/revisions"}],"predecessor-version":[{"id":6480,"href":"https:\/\/guidealpes.com\/en\/wp-json\/wp\/v2\/pages\/2783\/revisions\/6480"}],"up":[{"embeddable":true,"href":"https:\/\/guidealpes.com\/en\/wp-json\/wp\/v2\/pages\/2744"}],"wp:featuredmedia":[{"embeddable":true,"href":"https:\/\/guidealpes.com\/en\/wp-json\/wp\/v2\/media\/3195"}],"wp:attachment":[{"href":"https:\/\/guidealpes.com\/en\/wp-json\/wp\/v2\/media?parent=2783"}],"curies":[{"name":"wp","href":"https:\/\/api.w.org\/{rel}","templated":true}]}}