{"id":2781,"date":"2015-09-30T12:20:41","date_gmt":"2015-09-30T11:20:41","guid":{"rendered":"http:\/\/www.guidealpes.com\/?page_id=2781"},"modified":"2019-04-01T11:28:58","modified_gmt":"2019-04-01T09:28:58","slug":"escalade-en-falaise","status":"publish","type":"page","link":"https:\/\/guidealpes.com\/en\/ete\/escalade-en-falaise\/","title":{"rendered":"Rock climbing"},"content":{"rendered":"<p>[vc_row][vc_column][vc_column_text]<center>Que vous enfiliez vos chaussons d&#8217;escalade pour la premi\u00e8re fois, ou que vous soyez un adapte du sixi\u00e8me degr\u00e9 (ou plus), choisir Guide Alpes c&#8217;est s&#8217;assurer de progresser gr\u00e2ce \u00e0 un guide \u00e9ducateur professionnel et ancien comp\u00e9titeur.<b><\/b><\/center>[\/vc_column_text][\/vc_column][\/vc_row][vc_row][vc_column][vc_tta_tabs style=&#8221;flat&#8221; color=&#8221;black&#8221; active_section=&#8221;1&#8243;][vc_tta_section title=&#8221;Grandes voies&#8221; tab_id=&#8221;1553607080996-4a144310-31a7&#8243;][vc_column_text]<\/p>\n<p style=\"text-align: center;\">Ensemble, nous grimperons des voies de plusieurs longueurs sur le granite Suisse, le calcaire du sud de la France, ou encore le taffoni Corse&#8230;<\/p>\n<p>[\/vc_column_text][vc_separator][vc_row_inner][vc_column_inner width=&#8221;1\/2&#8243;][vc_column_text]<\/p>\n<p style=\"text-align: center;\"><strong>Week-end Grandes voies<\/strong><br \/>\n<em><strong>Les Calanques<br \/>\n<\/strong><\/em>1 \u00e0 2 personnes &#8211; 680 \u20ac<\/p>\n<p style=\"text-align: center;\">Entre terre, air et mer !<\/p>\n<p>[\/vc_column_text][vc_btn title=&#8221;T\u00e9l\u00e9charger la fiche activit\u00e9&#8221; color=&#8221;mulled-wine&#8221; align=&#8221;center&#8221; link=&#8221;url:https%3A%2F%2Fguidealpes.com%2Fwp-content%2Fuploads%2F2019%2F04%2FFICHE-ACTIVITE-Escalade-2-jours-Grandes-voies-Calanques.pdf||target:%20_blank|&#8221;][\/vc_column_inner][vc_column_inner width=&#8221;1\/2&#8243;][vc_single_image image=&#8221;7503&#8243; img_size=&#8221;full&#8221; alignment=&#8221;center&#8221;][\/vc_column_inner][\/vc_row_inner][vc_separator][vc_row_inner][vc_column_inner width=&#8221;1\/2&#8243;][vc_single_image image=&#8221;7119&#8243; img_size=&#8221;full&#8221; alignment=&#8221;center&#8221;][\/vc_column_inner][vc_column_inner width=&#8221;1\/2&#8243;][vc_column_text]<\/p>\n<p style=\"text-align: center;\"><strong>Week-end Grandes voies<\/strong><br \/>\n<em><strong>Annot et\/ou Verdon<br \/>\n<\/strong><\/em>1 \u00e0 2 personnes &#8211; 750 \u20ac<\/p>\n<p style=\"text-align: center;\">La gomme va fondre !<\/p>\n<p>[\/vc_column_text][vc_btn title=&#8221;T\u00e9l\u00e9charger la fiche activit\u00e9&#8221; color=&#8221;mulled-wine&#8221; align=&#8221;center&#8221; link=&#8221;url:https%3A%2F%2Fguidealpes.com%2Fwp-content%2Fuploads%2F2019%2F04%2FFICHE-ACTIVITE-Escalade-2-jours-Grandes-voies-Annot-Verdon.pdf||target:%20_blank|&#8221;][\/vc_column_inner][\/vc_row_inner][vc_separator][vc_column_text]<\/p>\n<p style=\"text-align: center;\">Vous avez une envie particuli\u00e8re et vous souhaitez un devis : envoyez nous un message via le <b><a href=\"https:\/\/www.guidealpes.com\/contact\/\"> formulaire de contact<\/a>.<\/b><\/p>\n<p>[\/vc_column_text][\/vc_tta_section][vc_tta_section title=&#8221;D\u00e9couverte et initiation&#8221; tab_id=&#8221;1553608292399-f98b4b1a-c37f&#8221;][vc_column_text]<\/p>\n<p style=\"text-align: center;\">D\u00e9couvrez avec l\u2019aide de votre Guide les joies li\u00e9es \u00e0 l\u2019escalade outdoor. Testez l&#8217;exp\u00e9rience Guide Alpes une demi-journ\u00e9e ou une journ\u00e9e, seul ou en groupe.<b><\/b><\/p>\n<p>[\/vc_column_text][vc_separator][vc_column_text]<\/p>\n<p style=\"text-align: center;\">Vous avez une envie particuli\u00e8re et vous souhaitez un devis : envoyez nous un message via le <b><a href=\"https:\/\/www.guidealpes.com\/contact\/\"> formulaire de contact.<\/a><\/b><\/p>\n<p>[\/vc_column_text][\/vc_tta_section][vc_tta_section title=&#8221;Montagne&#8221; tab_id=&#8221;1553607080997-6bfcac76-025f&#8221;][vc_column_text]<\/p>\n<p style=\"text-align: center;\">Partez avec votre Guide \u00e0 l\u2019assaut des parois vertigineuses des Alpes. Nous poserons nos chaussons dans cet univers vertical qu\u2019est l\u2019escalade en haute montagne. Sensations garanties !<\/p>\n<p>[\/vc_column_text][vc_separator][vc_column_text]<\/p>\n<p style=\"text-align: center;\">Vous avez une envie particuli\u00e8re et vous souhaitez un devis : envoyez nous un message via le <b><a href=\"https:\/\/www.guidealpes.com\/contact\/\"> formulaire de contact.<\/a><\/b><\/p>\n<p>[\/vc_column_text][\/vc_tta_section][\/vc_tta_tabs][\/vc_column][vc_column][\/vc_column][\/vc_row][vc_row][vc_column][vc_column_text]<span style=\"font-size: 70%;\"><span style=\"color: #51b6f5;\">Vous \u00eates ici : <a href=\"https:\/\/guidealpes.com\/\">Accueil<\/a> &gt; <a href=\"https:\/\/guidealpes.com\/ete\/\">Et\u00e9<\/a> &gt; Escalade en falaise<\/span><\/span>[\/vc_column_text][\/vc_column][\/vc_row]<\/p>\n","protected":false},"excerpt":{"rendered":"<p>[vc_row][vc_column][vc_column_text]Que vous enfiliez vos chaussons d&#8217;escalade pour la premi\u00e8re fois, ou que vous soyez un adapte du sixi\u00e8me degr\u00e9 (ou plus), choisir Guide Alpes c&#8217;est s&#8217;assurer de progresser gr\u00e2ce \u00e0 un guide \u00e9ducateur professionnel et ancien comp\u00e9titeur.[\/vc_column_text][\/vc_column][\/vc_row][vc_row][vc_column][vc_tta_tabs style=&#8221;flat&#8221; color=&#8221;black&#8221; active_section=&#8221;1&#8243;][vc_tta_section title=&#8221;Grandes voies&#8221; tab_id=&#8221;1553607080996-4a144310-31a7&#8243;][vc_column_text] Ensemble, nous grimperons des voies de plusieurs longueurs sur le granite Suisse, le calcaire du sud de la France, ou encore le taffoni Corse&#8230; [\/vc_column_text][vc_separator][vc_row_inner][vc_column_inner width=&#8221;1\/2&#8243;][vc_column_text] Week-end Grandes voies Les Calanques 1 \u00e0 2 personnes &#8211; 680 \u20ac Entre terre, air et mer ! [\/vc_column_text][vc_btn title=&#8221;T\u00e9l\u00e9charger la&#8230;<a class=\"read-more\" href=\"https:\/\/guidealpes.com\/en\/ete\/escalade-en-falaise\/\">read more<\/a><\/p>\n","protected":false},"author":1,"featured_media":3200,"parent":2744,"menu_order":0,"comment_status":"closed","ping_status":"closed","template":"","meta":{"footnotes":""},"class_list":["post-2781","page","type-page","status-publish","has-post-thumbnail","hentry","et-bg-layout-dark","et-white-bg"],"aioseo_notices":[],"yoast_head":"<!-- This site is optimized with the Yoast SEO plugin v27.5 - https:\/\/yoast.com\/product\/yoast-seo-wordpress\/ -->\n<title>Rock climbing - Guide Alpes<\/title>\n<meta name=\"robots\" content=\"index, follow, max-snippet:-1, max-image-preview:large, max-video-preview:-1\" \/>\n<link rel=\"canonical\" href=\"https:\/\/guidealpes.com\/ete\/escalade-en-falaise\/\" \/>\n<meta property=\"og:locale\" content=\"en_US\" \/>\n<meta property=\"og:type\" content=\"article\" \/>\n<meta property=\"og:title\" content=\"Rock climbing - Guide Alpes\" \/>\n<meta property=\"og:description\" content=\"[vc_row][vc_column][vc_column_text]Que vous enfiliez vos chaussons d&#8217;escalade pour la premi\u00e8re fois, ou que vous soyez un adapte du sixi\u00e8me degr\u00e9 (ou plus), choisir Guide Alpes c&#8217;est s&#8217;assurer de progresser gr\u00e2ce \u00e0 un guide \u00e9ducateur professionnel et ancien comp\u00e9titeur.[\/vc_column_text][\/vc_column][\/vc_row][vc_row][vc_column][vc_tta_tabs style=&#8221;flat&#8221; color=&#8221;black&#8221; active_section=&#8221;1&#8243;][vc_tta_section title=&#8221;Grandes voies&#8221; tab_id=&#8221;1553607080996-4a144310-31a7&#8243;][vc_column_text] Ensemble, nous grimperons des voies de plusieurs longueurs sur le granite Suisse, le calcaire du sud de la France, ou encore le taffoni Corse&#8230; [\/vc_column_text][vc_separator][vc_row_inner][vc_column_inner width=&#8221;1\/2&#8243;][vc_column_text] Week-end Grandes voies Les Calanques 1 \u00e0 2 personnes &#8211; 680 \u20ac Entre terre, air et mer ! [\/vc_column_text][vc_btn title=&#8221;T\u00e9l\u00e9charger la...read more\" \/>\n<meta property=\"og:url\" content=\"https:\/\/guidealpes.com\/ete\/escalade-en-falaise\/\" \/>\n<meta property=\"og:site_name\" content=\"Guide Alpes\" \/>\n<meta property=\"article:publisher\" content=\"https:\/\/www.facebook.com\/guidesalpes\/\" \/>\n<meta property=\"article:modified_time\" content=\"2019-04-01T09:28:58+00:00\" \/>\n<meta property=\"og:image\" content=\"https:\/\/i0.wp.com\/guidealpes.com\/wp-content\/uploads\/2015\/10\/escalade.jpg?fit=1280%2C540&ssl=1\" \/>\n\t<meta property=\"og:image:width\" content=\"1280\" \/>\n\t<meta property=\"og:image:height\" content=\"540\" \/>\n\t<meta property=\"og:image:type\" content=\"image\/jpeg\" \/>\n<meta name=\"twitter:card\" content=\"summary_large_image\" \/>\n<meta name=\"twitter:label1\" content=\"Est. reading time\" \/>\n\t<meta name=\"twitter:data1\" content=\"2 minutes\" \/>\n<script type=\"application\/ld+json\" class=\"yoast-schema-graph\">{\"@context\":\"https:\\\/\\\/schema.org\",\"@graph\":[{\"@type\":\"WebPage\",\"@id\":\"https:\\\/\\\/guidealpes.com\\\/ete\\\/escalade-en-falaise\\\/\",\"url\":\"https:\\\/\\\/guidealpes.com\\\/ete\\\/escalade-en-falaise\\\/\",\"name\":\"Rock climbing - Guide Alpes\",\"isPartOf\":{\"@id\":\"https:\\\/\\\/guidealpes.com\\\/#website\"},\"primaryImageOfPage\":{\"@id\":\"https:\\\/\\\/guidealpes.com\\\/ete\\\/escalade-en-falaise\\\/#primaryimage\"},\"image\":{\"@id\":\"https:\\\/\\\/guidealpes.com\\\/ete\\\/escalade-en-falaise\\\/#primaryimage\"},\"thumbnailUrl\":\"https:\\\/\\\/i0.wp.com\\\/guidealpes.com\\\/wp-content\\\/uploads\\\/2015\\\/10\\\/escalade.jpg?fit=1280%2C540&ssl=1\",\"datePublished\":\"2015-09-30T11:20:41+00:00\",\"dateModified\":\"2019-04-01T09:28:58+00:00\",\"breadcrumb\":{\"@id\":\"https:\\\/\\\/guidealpes.com\\\/ete\\\/escalade-en-falaise\\\/#breadcrumb\"},\"inLanguage\":\"en-US\",\"potentialAction\":[{\"@type\":\"ReadAction\",\"target\":[\"https:\\\/\\\/guidealpes.com\\\/ete\\\/escalade-en-falaise\\\/\"]}]},{\"@type\":\"ImageObject\",\"inLanguage\":\"en-US\",\"@id\":\"https:\\\/\\\/guidealpes.com\\\/ete\\\/escalade-en-falaise\\\/#primaryimage\",\"url\":\"https:\\\/\\\/i0.wp.com\\\/guidealpes.com\\\/wp-content\\\/uploads\\\/2015\\\/10\\\/escalade.jpg?fit=1280%2C540&ssl=1\",\"contentUrl\":\"https:\\\/\\\/i0.wp.com\\\/guidealpes.com\\\/wp-content\\\/uploads\\\/2015\\\/10\\\/escalade.jpg?fit=1280%2C540&ssl=1\",\"width\":1280,\"height\":540},{\"@type\":\"BreadcrumbList\",\"@id\":\"https:\\\/\\\/guidealpes.com\\\/ete\\\/escalade-en-falaise\\\/#breadcrumb\",\"itemListElement\":[{\"@type\":\"ListItem\",\"position\":1,\"name\":\"Home\",\"item\":\"https:\\\/\\\/guidealpes.com\\\/\"},{\"@type\":\"ListItem\",\"position\":2,\"name\":\"Summer\",\"item\":\"https:\\\/\\\/guidealpes.com\\\/en\\\/ete\\\/\"},{\"@type\":\"ListItem\",\"position\":3,\"name\":\"Escalade en falaise\"}]},{\"@type\":\"WebSite\",\"@id\":\"https:\\\/\\\/guidealpes.com\\\/#website\",\"url\":\"https:\\\/\\\/guidealpes.com\\\/\",\"name\":\"Guide Alpes\",\"description\":\"Mountain guide, the French Alps to the Austrian Alps\",\"potentialAction\":[{\"@type\":\"SearchAction\",\"target\":{\"@type\":\"EntryPoint\",\"urlTemplate\":\"https:\\\/\\\/guidealpes.com\\\/?s={search_term_string}\"},\"query-input\":{\"@type\":\"PropertyValueSpecification\",\"valueRequired\":true,\"valueName\":\"search_term_string\"}}],\"inLanguage\":\"en-US\"}]}<\/script>\n<!-- \/ Yoast SEO plugin. -->","yoast_head_json":{"title":"Rock climbing - Guide Alpes","robots":{"index":"index","follow":"follow","max-snippet":"max-snippet:-1","max-image-preview":"max-image-preview:large","max-video-preview":"max-video-preview:-1"},"canonical":"https:\/\/guidealpes.com\/ete\/escalade-en-falaise\/","og_locale":"en_US","og_type":"article","og_title":"Rock climbing - Guide Alpes","og_description":"[vc_row][vc_column][vc_column_text]Que vous enfiliez vos chaussons d&#8217;escalade pour la premi\u00e8re fois, ou que vous soyez un adapte du sixi\u00e8me degr\u00e9 (ou plus), choisir Guide Alpes c&#8217;est s&#8217;assurer de progresser gr\u00e2ce \u00e0 un guide \u00e9ducateur professionnel et ancien comp\u00e9titeur.[\/vc_column_text][\/vc_column][\/vc_row][vc_row][vc_column][vc_tta_tabs style=&#8221;flat&#8221; color=&#8221;black&#8221; active_section=&#8221;1&#8243;][vc_tta_section title=&#8221;Grandes voies&#8221; tab_id=&#8221;1553607080996-4a144310-31a7&#8243;][vc_column_text] Ensemble, nous grimperons des voies de plusieurs longueurs sur le granite Suisse, le calcaire du sud de la France, ou encore le taffoni Corse&#8230; [\/vc_column_text][vc_separator][vc_row_inner][vc_column_inner width=&#8221;1\/2&#8243;][vc_column_text] Week-end Grandes voies Les Calanques 1 \u00e0 2 personnes &#8211; 680 \u20ac Entre terre, air et mer ! [\/vc_column_text][vc_btn title=&#8221;T\u00e9l\u00e9charger la...read more","og_url":"https:\/\/guidealpes.com\/ete\/escalade-en-falaise\/","og_site_name":"Guide Alpes","article_publisher":"https:\/\/www.facebook.com\/guidesalpes\/","article_modified_time":"2019-04-01T09:28:58+00:00","og_image":[{"width":1280,"height":540,"url":"https:\/\/i0.wp.com\/guidealpes.com\/wp-content\/uploads\/2015\/10\/escalade.jpg?fit=1280%2C540&ssl=1","type":"image\/jpeg"}],"twitter_card":"summary_large_image","twitter_misc":{"Est. reading time":"2 minutes"},"schema":{"@context":"https:\/\/schema.org","@graph":[{"@type":"WebPage","@id":"https:\/\/guidealpes.com\/ete\/escalade-en-falaise\/","url":"https:\/\/guidealpes.com\/ete\/escalade-en-falaise\/","name":"Rock climbing - Guide Alpes","isPartOf":{"@id":"https:\/\/guidealpes.com\/#website"},"primaryImageOfPage":{"@id":"https:\/\/guidealpes.com\/ete\/escalade-en-falaise\/#primaryimage"},"image":{"@id":"https:\/\/guidealpes.com\/ete\/escalade-en-falaise\/#primaryimage"},"thumbnailUrl":"https:\/\/i0.wp.com\/guidealpes.com\/wp-content\/uploads\/2015\/10\/escalade.jpg?fit=1280%2C540&ssl=1","datePublished":"2015-09-30T11:20:41+00:00","dateModified":"2019-04-01T09:28:58+00:00","breadcrumb":{"@id":"https:\/\/guidealpes.com\/ete\/escalade-en-falaise\/#breadcrumb"},"inLanguage":"en-US","potentialAction":[{"@type":"ReadAction","target":["https:\/\/guidealpes.com\/ete\/escalade-en-falaise\/"]}]},{"@type":"ImageObject","inLanguage":"en-US","@id":"https:\/\/guidealpes.com\/ete\/escalade-en-falaise\/#primaryimage","url":"https:\/\/i0.wp.com\/guidealpes.com\/wp-content\/uploads\/2015\/10\/escalade.jpg?fit=1280%2C540&ssl=1","contentUrl":"https:\/\/i0.wp.com\/guidealpes.com\/wp-content\/uploads\/2015\/10\/escalade.jpg?fit=1280%2C540&ssl=1","width":1280,"height":540},{"@type":"BreadcrumbList","@id":"https:\/\/guidealpes.com\/ete\/escalade-en-falaise\/#breadcrumb","itemListElement":[{"@type":"ListItem","position":1,"name":"Home","item":"https:\/\/guidealpes.com\/"},{"@type":"ListItem","position":2,"name":"Summer","item":"https:\/\/guidealpes.com\/en\/ete\/"},{"@type":"ListItem","position":3,"name":"Escalade en falaise"}]},{"@type":"WebSite","@id":"https:\/\/guidealpes.com\/#website","url":"https:\/\/guidealpes.com\/","name":"Guide Alpes","description":"Mountain guide, the French Alps to the Austrian Alps","potentialAction":[{"@type":"SearchAction","target":{"@type":"EntryPoint","urlTemplate":"https:\/\/guidealpes.com\/?s={search_term_string}"},"query-input":{"@type":"PropertyValueSpecification","valueRequired":true,"valueName":"search_term_string"}}],"inLanguage":"en-US"}]}},"jetpack_sharing_enabled":true,"jetpack_shortlink":"https:\/\/wp.me\/P6Nn53-IR","jetpack-related-posts":[{"id":7104,"url":"https:\/\/guidealpes.com\/en\/selection-cadeau-de-noel\/","url_meta":{"origin":2781,"position":0},"title":"Notre s\u00e9lection cadeau","author":"Guide Alpes","date":"Saturday December  9th, 2017","format":false,"excerpt":"Sorry, this entry is only available in Fran\u00e7ais.","rel":"","context":"Similar post","block_context":{"text":"Similar post","link":""},"img":{"alt_text":"","src":"https:\/\/i0.wp.com\/guidealpes.com\/wp-content\/uploads\/2017\/12\/cadeau-sapin.jpg?fit=1200%2C506&ssl=1&resize=350%2C200","width":350,"height":200,"srcset":"https:\/\/i0.wp.com\/guidealpes.com\/wp-content\/uploads\/2017\/12\/cadeau-sapin.jpg?fit=1200%2C506&ssl=1&resize=350%2C200 1x, https:\/\/i0.wp.com\/guidealpes.com\/wp-content\/uploads\/2017\/12\/cadeau-sapin.jpg?fit=1200%2C506&ssl=1&resize=525%2C300 1.5x, https:\/\/i0.wp.com\/guidealpes.com\/wp-content\/uploads\/2017\/12\/cadeau-sapin.jpg?fit=1200%2C506&ssl=1&resize=700%2C400 2x, https:\/\/i0.wp.com\/guidealpes.com\/wp-content\/uploads\/2017\/12\/cadeau-sapin.jpg?fit=1200%2C506&ssl=1&resize=1050%2C600 3x"},"classes":[]},{"id":5731,"url":"https:\/\/guidealpes.com\/en\/cours-escalade-grenoble\/","url_meta":{"origin":2781,"position":1},"title":"Climbing class indoor","author":"Guide Alpes","date":"Monday August  7th, 2017","format":false,"excerpt":"Sorry, this entry is only available in Fran\u00e7ais.","rel":"","context":"Similar post","block_context":{"text":"Similar post","link":""},"img":{"alt_text":"","src":"https:\/\/i0.wp.com\/guidealpes.com\/wp-content\/uploads\/2017\/08\/escalade-indoor.jpg?fit=1200%2C506&ssl=1&resize=350%2C200","width":350,"height":200,"srcset":"https:\/\/i0.wp.com\/guidealpes.com\/wp-content\/uploads\/2017\/08\/escalade-indoor.jpg?fit=1200%2C506&ssl=1&resize=350%2C200 1x, https:\/\/i0.wp.com\/guidealpes.com\/wp-content\/uploads\/2017\/08\/escalade-indoor.jpg?fit=1200%2C506&ssl=1&resize=525%2C300 1.5x, https:\/\/i0.wp.com\/guidealpes.com\/wp-content\/uploads\/2017\/08\/escalade-indoor.jpg?fit=1200%2C506&ssl=1&resize=700%2C400 2x, https:\/\/i0.wp.com\/guidealpes.com\/wp-content\/uploads\/2017\/08\/escalade-indoor.jpg?fit=1200%2C506&ssl=1&resize=1050%2C600 3x"},"classes":[]},{"id":6539,"url":"https:\/\/guidealpes.com\/en\/cours-particuliers-escalade-grenoble\/","url_meta":{"origin":2781,"position":2},"title":"Cours particuliers escalade","author":"Guide Alpes","date":"Tuesday August 22nd, 2017","format":false,"excerpt":"Sorry, this entry is only available in Fran\u00e7ais.","rel":"","context":"Similar post","block_context":{"text":"Similar post","link":""},"img":{"alt_text":"","src":"https:\/\/i0.wp.com\/guidealpes.com\/wp-content\/uploads\/2017\/08\/particulier.jpg?fit=1200%2C506&ssl=1&resize=350%2C200","width":350,"height":200,"srcset":"https:\/\/i0.wp.com\/guidealpes.com\/wp-content\/uploads\/2017\/08\/particulier.jpg?fit=1200%2C506&ssl=1&resize=350%2C200 1x, https:\/\/i0.wp.com\/guidealpes.com\/wp-content\/uploads\/2017\/08\/particulier.jpg?fit=1200%2C506&ssl=1&resize=525%2C300 1.5x, https:\/\/i0.wp.com\/guidealpes.com\/wp-content\/uploads\/2017\/08\/particulier.jpg?fit=1200%2C506&ssl=1&resize=700%2C400 2x, https:\/\/i0.wp.com\/guidealpes.com\/wp-content\/uploads\/2017\/08\/particulier.jpg?fit=1200%2C506&ssl=1&resize=1050%2C600 3x"},"classes":[]},{"id":5815,"url":"https:\/\/guidealpes.com\/en\/coaching-perfectionnement-escalade-grenoble\/","url_meta":{"origin":2781,"position":3},"title":"Coaching perfectionnement escalade","author":"Guide Alpes","date":"Monday August 14th, 2017","format":false,"excerpt":"Sorry, this entry is only available in Fran\u00e7ais.","rel":"","context":"Similar post","block_context":{"text":"Similar post","link":""},"img":{"alt_text":"","src":"https:\/\/i0.wp.com\/guidealpes.com\/wp-content\/uploads\/2017\/08\/coaching.jpg?fit=1200%2C506&ssl=1&resize=350%2C200","width":350,"height":200,"srcset":"https:\/\/i0.wp.com\/guidealpes.com\/wp-content\/uploads\/2017\/08\/coaching.jpg?fit=1200%2C506&ssl=1&resize=350%2C200 1x, https:\/\/i0.wp.com\/guidealpes.com\/wp-content\/uploads\/2017\/08\/coaching.jpg?fit=1200%2C506&ssl=1&resize=525%2C300 1.5x, https:\/\/i0.wp.com\/guidealpes.com\/wp-content\/uploads\/2017\/08\/coaching.jpg?fit=1200%2C506&ssl=1&resize=700%2C400 2x, https:\/\/i0.wp.com\/guidealpes.com\/wp-content\/uploads\/2017\/08\/coaching.jpg?fit=1200%2C506&ssl=1&resize=1050%2C600 3x"},"classes":[]},{"id":2768,"url":"https:\/\/guidealpes.com\/en\/infos\/votre-guide\/","url_meta":{"origin":2781,"position":4},"title":"Your Guide","author":"Guide Alpes","date":"Wednesday September 30th, 2015","format":false,"excerpt":"[vc_row][vc_column][vc_column_text]Bienvenue sur mon site, je m'appelle C\u00e9dric Tardieu. Je suis guide de haute montagne UIAGM et moniteur escalade et canyon. Pour les curieux qui souhaitent connaitre mon parcours, en voici un r\u00e9sum\u00e9 en quelques lignes ...[\/vc_column_text][vc_text_separator title=\"Mon parcours\"][\/vc_column][\/vc_row][vc_row][vc_column width=\"1\/4\"][vc_single_image image=\"6887\" alignment=\"center\"][\/vc_column][vc_column width=\"3\/4\"][vc_column_text] Originaire de Mont\u00e9limar, j'ai tr\u00e8s vite montr\u00e9 un\u2026","rel":"","context":"Similar post","block_context":{"text":"Similar post","link":""},"img":{"alt_text":"","src":"https:\/\/i0.wp.com\/guidealpes.com\/wp-content\/uploads\/2015\/09\/Votreguide-1.jpg?fit=1200%2C506&ssl=1&resize=350%2C200","width":350,"height":200,"srcset":"https:\/\/i0.wp.com\/guidealpes.com\/wp-content\/uploads\/2015\/09\/Votreguide-1.jpg?fit=1200%2C506&ssl=1&resize=350%2C200 1x, https:\/\/i0.wp.com\/guidealpes.com\/wp-content\/uploads\/2015\/09\/Votreguide-1.jpg?fit=1200%2C506&ssl=1&resize=525%2C300 1.5x, https:\/\/i0.wp.com\/guidealpes.com\/wp-content\/uploads\/2015\/09\/Votreguide-1.jpg?fit=1200%2C506&ssl=1&resize=700%2C400 2x, https:\/\/i0.wp.com\/guidealpes.com\/wp-content\/uploads\/2015\/09\/Votreguide-1.jpg?fit=1200%2C506&ssl=1&resize=1050%2C600 3x"},"classes":[]},{"id":2779,"url":"https:\/\/guidealpes.com\/en\/ete\/via-ferrata\/","url_meta":{"origin":2781,"position":5},"title":"Via ferrata","author":"Guide Alpes","date":"Wednesday September 30th, 2015","format":false,"excerpt":"These \"Railways\" are in reality sporting routes which are halfway between hiking and climbing. They could seem easy to climb but beware of them. They can be real sporting challenges. Trust in your guide, it will be the opportunity to take your first steps in thin air or to discover\u2026","rel":"","context":"Similar post","block_context":{"text":"Similar post","link":""},"img":{"alt_text":"","src":"https:\/\/i0.wp.com\/guidealpes.com\/wp-content\/uploads\/2015\/10\/via-ferrata.jpg?fit=1200%2C506&ssl=1&resize=350%2C200","width":350,"height":200,"srcset":"https:\/\/i0.wp.com\/guidealpes.com\/wp-content\/uploads\/2015\/10\/via-ferrata.jpg?fit=1200%2C506&ssl=1&resize=350%2C200 1x, https:\/\/i0.wp.com\/guidealpes.com\/wp-content\/uploads\/2015\/10\/via-ferrata.jpg?fit=1200%2C506&ssl=1&resize=525%2C300 1.5x, https:\/\/i0.wp.com\/guidealpes.com\/wp-content\/uploads\/2015\/10\/via-ferrata.jpg?fit=1200%2C506&ssl=1&resize=700%2C400 2x, https:\/\/i0.wp.com\/guidealpes.com\/wp-content\/uploads\/2015\/10\/via-ferrata.jpg?fit=1200%2C506&ssl=1&resize=1050%2C600 3x"},"classes":[]}],"_links":{"self":[{"href":"https:\/\/guidealpes.com\/en\/wp-json\/wp\/v2\/pages\/2781","targetHints":{"allow":["GET"]}}],"collection":[{"href":"https:\/\/guidealpes.com\/en\/wp-json\/wp\/v2\/pages"}],"about":[{"href":"https:\/\/guidealpes.com\/en\/wp-json\/wp\/v2\/types\/page"}],"author":[{"embeddable":true,"href":"https:\/\/guidealpes.com\/en\/wp-json\/wp\/v2\/users\/1"}],"replies":[{"embeddable":true,"href":"https:\/\/guidealpes.com\/en\/wp-json\/wp\/v2\/comments?post=2781"}],"version-history":[{"count":51,"href":"https:\/\/guidealpes.com\/en\/wp-json\/wp\/v2\/pages\/2781\/revisions"}],"predecessor-version":[{"id":7563,"href":"https:\/\/guidealpes.com\/en\/wp-json\/wp\/v2\/pages\/2781\/revisions\/7563"}],"up":[{"embeddable":true,"href":"https:\/\/guidealpes.com\/en\/wp-json\/wp\/v2\/pages\/2744"}],"wp:featuredmedia":[{"embeddable":true,"href":"https:\/\/guidealpes.com\/en\/wp-json\/wp\/v2\/media\/3200"}],"wp:attachment":[{"href":"https:\/\/guidealpes.com\/en\/wp-json\/wp\/v2\/media?parent=2781"}],"curies":[{"name":"wp","href":"https:\/\/api.w.org\/{rel}","templated":true}]}}