{"id":2722,"date":"2014-01-31T11:13:49","date_gmt":"2014-01-31T10:13:49","guid":{"rendered":"http:\/\/www.guidealpes.com\/?page_id=2722"},"modified":"2015-10-27T00:02:20","modified_gmt":"2015-10-26T23:02:20","slug":"mentions-legales","status":"publish","type":"page","link":"https:\/\/guidealpes.com\/en\/mentions-legales\/","title":{"rendered":"Mentions l\u00e9gales"},"content":{"rendered":"<p><b>Editeur<\/b><\/p>\n<p>Le site www.guidealpes.com est \u00e9dit\u00e9 par : TARDIEU C\u00e9dric<br \/>\nN\u00b0 Siret :<br \/>\nN\u00b0 d\u00e9claration Jeunesse et Sports :<\/p>\n<p>Adresse : TARDIEU C\u00e9dric, 6 place de la r\u00e9publique, 38400 Saint Martin d\u2019H\u00e8res<br \/>\nT\u00e9l\u00e9phone : +33 (0)6 03 90 81 50<\/p>\n<p>Directeur de la publication du site : TARDIEU C\u00e9dric<br \/>\nPersonne physique ou morale<\/p>\n<p>Guidealpes peut apporter des modifications et\/ou des am\u00e9liorations \u00e0 ce site et cela sans pr\u00e9avis.<\/p>\n<p><b>H\u00e9bergement<\/b><\/p>\n<p>1&amp;1 Internet SARL<br \/>\n7, place de la Gare<br \/>\nBP 70109<br \/>\n57201 Sarreguemines Cedex<\/p>\n<p><b>Droits d\u2019Auteur &amp; Droits du Copyright<br \/>\n<\/b><\/p>\n<p>L\u2019ensemble des informations, logotypes, images, vid\u00e9os, photographies, pictogrammes, etc. apparaissant sur ce site sont prot\u00e9g\u00e9s par le droit \u00e0 la propri\u00e9t\u00e9 intellectuelle et les lois r\u00e9gissant les droits d\u2019auteur et du copyright.<\/p>\n<p><b>Informatique &amp; libert\u00e9<br \/>\n<\/b><\/p>\n<p>Les informations collect\u00e9es par ce site sont la propri\u00e9t\u00e9 exclusive de Guidealpes.<\/p>\n<p>Conform\u00e9ment aux dispositions contenues dans la loi n\u00b0 78-17 du 6 janvier 1978 modifi\u00e9e relative \u00e0 l\u2019informatique, aux fichiers et aux libert\u00e9s, vous disposez d\u2019un droit d\u2019acc\u00e8s, de rectification, de modification et de suppression concernant les donn\u00e9es qui vous concernent.<\/p>\n<p><strong>Liens hypertextes vers d\u2019autres sites Internet<\/strong><\/p>\n<p>Les liens hypertextes sont propos\u00e9s uniquement pour vous apporter l\u2019information la plus compl\u00e8te. Ni leur contenu, ni les liens qu\u2019ils contiennent, ni les changements ou mises \u00e0 jour qui leur sont apport\u00e9s ne sauraient engager la responsabilit\u00e9 de Guidealpes.<\/p>\n<p>Guidealpes autorise tout site Internet ou tout support \u00e0 mettre en place un lien hypertexte en direction de son contenu \u00e0 l\u2019exception de ceux diffusant des contenus contraires aux bonnes m\u0153urs.<\/p>\n<p><strong>Lois<\/strong><\/p>\n<p>Loi n\u00b0 78-87 du 6 janvier 1978, notamment modifi\u00e9e par la loi n\u00b0 2004-801 du 6 ao\u00fbt 2004 relative \u00e0 l\u2019informatique, aux fichiers et aux libert\u00e9s. Loi n\u00b0 2004-575 du 21 juin 2004 pour la confiance dans l\u2019\u00e9conomie num\u00e9rique.<\/p>","protected":false},"excerpt":{"rendered":"<p>Editeur Le site www.guidealpes.com est \u00e9dit\u00e9 par : TARDIEU C\u00e9dric N\u00b0 Siret : N\u00b0 d\u00e9claration Jeunesse et Sports : Adresse : TARDIEU C\u00e9dric, 6 place de la r\u00e9publique, 38400 Saint Martin d\u2019H\u00e8res T\u00e9l\u00e9phone : +33 (0)6 03 90 81 50 Directeur de la publication du site : TARDIEU C\u00e9dric Personne physique ou morale Guidealpes peut apporter des modifications et\/ou des am\u00e9liorations \u00e0 ce site et cela sans pr\u00e9avis. H\u00e9bergement 1&amp;1 Internet SARL 7, place de la Gare BP 70109 57201 Sarreguemines Cedex Droits d\u2019Auteur &amp; Droits du Copyright L\u2019ensemble des&#8230;<a class=\"read-more\" href=\"https:\/\/guidealpes.com\/en\/mentions-legales\/\">read more<\/a><\/p>\n","protected":false},"author":1,"featured_media":3217,"parent":0,"menu_order":0,"comment_status":"closed","ping_status":"closed","template":"","meta":{"footnotes":""},"class_list":["post-2722","page","type-page","status-publish","has-post-thumbnail","hentry","et-bg-layout-dark","et-white-bg"],"aioseo_notices":[],"yoast_head":"<!-- This site is optimized with the Yoast SEO plugin v27.5 - https:\/\/yoast.com\/product\/yoast-seo-wordpress\/ -->\n<title>Mentions l\u00e9gales - Guide Alpes<\/title>\n<meta name=\"robots\" content=\"index, follow, max-snippet:-1, max-image-preview:large, max-video-preview:-1\" \/>\n<link rel=\"canonical\" href=\"https:\/\/guidealpes.com\/mentions-legales\/\" \/>\n<meta property=\"og:locale\" content=\"en_US\" \/>\n<meta property=\"og:type\" content=\"article\" \/>\n<meta property=\"og:title\" content=\"Mentions l\u00e9gales - Guide Alpes\" \/>\n<meta property=\"og:description\" content=\"Editeur Le site www.guidealpes.com est \u00e9dit\u00e9 par : TARDIEU C\u00e9dric N\u00b0 Siret : N\u00b0 d\u00e9claration Jeunesse et Sports : Adresse : TARDIEU C\u00e9dric, 6 place de la r\u00e9publique, 38400 Saint Martin d\u2019H\u00e8res T\u00e9l\u00e9phone : +33 (0)6 03 90 81 50 Directeur de la publication du site : TARDIEU C\u00e9dric Personne physique ou morale Guidealpes peut apporter des modifications et\/ou des am\u00e9liorations \u00e0 ce site et cela sans pr\u00e9avis. H\u00e9bergement 1&amp;1 Internet SARL 7, place de la Gare BP 70109 57201 Sarreguemines Cedex Droits d\u2019Auteur &amp; Droits du Copyright L\u2019ensemble des...read more\" \/>\n<meta property=\"og:url\" content=\"https:\/\/guidealpes.com\/mentions-legales\/\" \/>\n<meta property=\"og:site_name\" content=\"Guide Alpes\" \/>\n<meta property=\"article:publisher\" content=\"https:\/\/www.facebook.com\/guidesalpes\/\" \/>\n<meta property=\"article:modified_time\" content=\"2015-10-26T23:02:20+00:00\" \/>\n<meta property=\"og:image\" content=\"https:\/\/i0.wp.com\/guidealpes.com\/wp-content\/uploads\/2015\/10\/Fond-size.jpg?fit=1280%2C540&ssl=1\" \/>\n\t<meta property=\"og:image:width\" content=\"1280\" \/>\n\t<meta property=\"og:image:height\" content=\"540\" \/>\n\t<meta property=\"og:image:type\" content=\"image\/jpeg\" \/>\n<meta name=\"twitter:card\" content=\"summary_large_image\" \/>\n<meta name=\"twitter:label1\" content=\"Est. reading time\" \/>\n\t<meta name=\"twitter:data1\" content=\"3 minutes\" \/>\n<script type=\"application\/ld+json\" class=\"yoast-schema-graph\">{\"@context\":\"https:\\\/\\\/schema.org\",\"@graph\":[{\"@type\":\"WebPage\",\"@id\":\"https:\\\/\\\/guidealpes.com\\\/mentions-legales\\\/\",\"url\":\"https:\\\/\\\/guidealpes.com\\\/mentions-legales\\\/\",\"name\":\"Mentions l\u00e9gales - Guide Alpes\",\"isPartOf\":{\"@id\":\"https:\\\/\\\/guidealpes.com\\\/#website\"},\"primaryImageOfPage\":{\"@id\":\"https:\\\/\\\/guidealpes.com\\\/mentions-legales\\\/#primaryimage\"},\"image\":{\"@id\":\"https:\\\/\\\/guidealpes.com\\\/mentions-legales\\\/#primaryimage\"},\"thumbnailUrl\":\"https:\\\/\\\/i0.wp.com\\\/guidealpes.com\\\/wp-content\\\/uploads\\\/2015\\\/10\\\/Fond-size.jpg?fit=1280%2C540&ssl=1\",\"datePublished\":\"2014-01-31T10:13:49+00:00\",\"dateModified\":\"2015-10-26T23:02:20+00:00\",\"breadcrumb\":{\"@id\":\"https:\\\/\\\/guidealpes.com\\\/mentions-legales\\\/#breadcrumb\"},\"inLanguage\":\"en-US\",\"potentialAction\":[{\"@type\":\"ReadAction\",\"target\":[\"https:\\\/\\\/guidealpes.com\\\/mentions-legales\\\/\"]}]},{\"@type\":\"ImageObject\",\"inLanguage\":\"en-US\",\"@id\":\"https:\\\/\\\/guidealpes.com\\\/mentions-legales\\\/#primaryimage\",\"url\":\"https:\\\/\\\/i0.wp.com\\\/guidealpes.com\\\/wp-content\\\/uploads\\\/2015\\\/10\\\/Fond-size.jpg?fit=1280%2C540&ssl=1\",\"contentUrl\":\"https:\\\/\\\/i0.wp.com\\\/guidealpes.com\\\/wp-content\\\/uploads\\\/2015\\\/10\\\/Fond-size.jpg?fit=1280%2C540&ssl=1\",\"width\":1280,\"height\":540},{\"@type\":\"BreadcrumbList\",\"@id\":\"https:\\\/\\\/guidealpes.com\\\/mentions-legales\\\/#breadcrumb\",\"itemListElement\":[{\"@type\":\"ListItem\",\"position\":1,\"name\":\"Home\",\"item\":\"https:\\\/\\\/guidealpes.com\\\/\"},{\"@type\":\"ListItem\",\"position\":2,\"name\":\"Mentions l\u00e9gales\"}]},{\"@type\":\"WebSite\",\"@id\":\"https:\\\/\\\/guidealpes.com\\\/#website\",\"url\":\"https:\\\/\\\/guidealpes.com\\\/\",\"name\":\"Guide Alpes\",\"description\":\"Mountain guide, the French Alps to the Austrian Alps\",\"potentialAction\":[{\"@type\":\"SearchAction\",\"target\":{\"@type\":\"EntryPoint\",\"urlTemplate\":\"https:\\\/\\\/guidealpes.com\\\/?s={search_term_string}\"},\"query-input\":{\"@type\":\"PropertyValueSpecification\",\"valueRequired\":true,\"valueName\":\"search_term_string\"}}],\"inLanguage\":\"en-US\"}]}<\/script>\n<!-- \/ Yoast SEO plugin. -->","yoast_head_json":{"title":"Mentions l\u00e9gales - Guide Alpes","robots":{"index":"index","follow":"follow","max-snippet":"max-snippet:-1","max-image-preview":"max-image-preview:large","max-video-preview":"max-video-preview:-1"},"canonical":"https:\/\/guidealpes.com\/mentions-legales\/","og_locale":"en_US","og_type":"article","og_title":"Mentions l\u00e9gales - Guide Alpes","og_description":"Editeur Le site www.guidealpes.com est \u00e9dit\u00e9 par : TARDIEU C\u00e9dric N\u00b0 Siret : N\u00b0 d\u00e9claration Jeunesse et Sports : Adresse : TARDIEU C\u00e9dric, 6 place de la r\u00e9publique, 38400 Saint Martin d\u2019H\u00e8res T\u00e9l\u00e9phone : +33 (0)6 03 90 81 50 Directeur de la publication du site : TARDIEU C\u00e9dric Personne physique ou morale Guidealpes peut apporter des modifications et\/ou des am\u00e9liorations \u00e0 ce site et cela sans pr\u00e9avis. H\u00e9bergement 1&amp;1 Internet SARL 7, place de la Gare BP 70109 57201 Sarreguemines Cedex Droits d\u2019Auteur &amp; Droits du Copyright L\u2019ensemble des...read more","og_url":"https:\/\/guidealpes.com\/mentions-legales\/","og_site_name":"Guide Alpes","article_publisher":"https:\/\/www.facebook.com\/guidesalpes\/","article_modified_time":"2015-10-26T23:02:20+00:00","og_image":[{"width":1280,"height":540,"url":"https:\/\/i0.wp.com\/guidealpes.com\/wp-content\/uploads\/2015\/10\/Fond-size.jpg?fit=1280%2C540&ssl=1","type":"image\/jpeg"}],"twitter_card":"summary_large_image","twitter_misc":{"Est. reading time":"3 minutes"},"schema":{"@context":"https:\/\/schema.org","@graph":[{"@type":"WebPage","@id":"https:\/\/guidealpes.com\/mentions-legales\/","url":"https:\/\/guidealpes.com\/mentions-legales\/","name":"Mentions l\u00e9gales - Guide Alpes","isPartOf":{"@id":"https:\/\/guidealpes.com\/#website"},"primaryImageOfPage":{"@id":"https:\/\/guidealpes.com\/mentions-legales\/#primaryimage"},"image":{"@id":"https:\/\/guidealpes.com\/mentions-legales\/#primaryimage"},"thumbnailUrl":"https:\/\/i0.wp.com\/guidealpes.com\/wp-content\/uploads\/2015\/10\/Fond-size.jpg?fit=1280%2C540&ssl=1","datePublished":"2014-01-31T10:13:49+00:00","dateModified":"2015-10-26T23:02:20+00:00","breadcrumb":{"@id":"https:\/\/guidealpes.com\/mentions-legales\/#breadcrumb"},"inLanguage":"en-US","potentialAction":[{"@type":"ReadAction","target":["https:\/\/guidealpes.com\/mentions-legales\/"]}]},{"@type":"ImageObject","inLanguage":"en-US","@id":"https:\/\/guidealpes.com\/mentions-legales\/#primaryimage","url":"https:\/\/i0.wp.com\/guidealpes.com\/wp-content\/uploads\/2015\/10\/Fond-size.jpg?fit=1280%2C540&ssl=1","contentUrl":"https:\/\/i0.wp.com\/guidealpes.com\/wp-content\/uploads\/2015\/10\/Fond-size.jpg?fit=1280%2C540&ssl=1","width":1280,"height":540},{"@type":"BreadcrumbList","@id":"https:\/\/guidealpes.com\/mentions-legales\/#breadcrumb","itemListElement":[{"@type":"ListItem","position":1,"name":"Home","item":"https:\/\/guidealpes.com\/"},{"@type":"ListItem","position":2,"name":"Mentions l\u00e9gales"}]},{"@type":"WebSite","@id":"https:\/\/guidealpes.com\/#website","url":"https:\/\/guidealpes.com\/","name":"Guide Alpes","description":"Mountain guide, the French Alps to the Austrian Alps","potentialAction":[{"@type":"SearchAction","target":{"@type":"EntryPoint","urlTemplate":"https:\/\/guidealpes.com\/?s={search_term_string}"},"query-input":{"@type":"PropertyValueSpecification","valueRequired":true,"valueName":"search_term_string"}}],"inLanguage":"en-US"}]}},"jetpack_sharing_enabled":true,"jetpack_shortlink":"https:\/\/wp.me\/P6Nn53-HU","jetpack-related-posts":[{"id":3843,"url":"https:\/\/guidealpes.com\/en\/livre-dor\/","url_meta":{"origin":2722,"position":0},"title":"Guestbook","author":"Guide Alpes","date":"Wednesday August 10th, 2016","format":false,"excerpt":"[vc_row][vc_column][vc_column_text]L'exp\u00e9rience Guide Alpes vous a plu, c'est vous qui le d\u00eetes ![\/vc_column_text][\/vc_column][\/vc_row][vc_row][vc_column css=\".vc_custom_1503414970318{background-color: #0e3441 !important;}\"][\/vc_column][\/vc_row][vc_row][\/vc_row][vc_column][\/vc_column][vc_column_text][vc_row][vc_column width=\"1\/1\"][vc_column_text] Vous \u00eates ici : Accueil > Infos > Livre d'or[\/vc_column_text]","rel":"","context":"With 16 comments","block_context":{"text":"With 16 comments","link":"https:\/\/guidealpes.com\/en\/livre-dor\/#comments"},"img":{"alt_text":"","src":"https:\/\/i0.wp.com\/guidealpes.com\/wp-content\/uploads\/2016\/08\/fondnew1.jpg?fit=1200%2C506&ssl=1&resize=350%2C200","width":350,"height":200,"srcset":"https:\/\/i0.wp.com\/guidealpes.com\/wp-content\/uploads\/2016\/08\/fondnew1.jpg?fit=1200%2C506&ssl=1&resize=350%2C200 1x, https:\/\/i0.wp.com\/guidealpes.com\/wp-content\/uploads\/2016\/08\/fondnew1.jpg?fit=1200%2C506&ssl=1&resize=525%2C300 1.5x, https:\/\/i0.wp.com\/guidealpes.com\/wp-content\/uploads\/2016\/08\/fondnew1.jpg?fit=1200%2C506&ssl=1&resize=700%2C400 2x, https:\/\/i0.wp.com\/guidealpes.com\/wp-content\/uploads\/2016\/08\/fondnew1.jpg?fit=1200%2C506&ssl=1&resize=1050%2C600 3x"},"classes":[]},{"id":3302,"url":"https:\/\/guidealpes.com\/en\/plan\/","url_meta":{"origin":2722,"position":1},"title":"Plan du site","author":"Guide Alpes","date":"Thursday October  8th, 2015","format":false,"excerpt":"Sorry, this entry is only available in Fran\u00e7ais.","rel":"","context":"Similar post","block_context":{"text":"Similar post","link":""},"img":{"alt_text":"","src":"https:\/\/i0.wp.com\/guidealpes.com\/wp-content\/uploads\/2015\/10\/Fond-size.jpg?fit=1200%2C506&ssl=1&resize=350%2C200","width":350,"height":200,"srcset":"https:\/\/i0.wp.com\/guidealpes.com\/wp-content\/uploads\/2015\/10\/Fond-size.jpg?fit=1200%2C506&ssl=1&resize=350%2C200 1x, https:\/\/i0.wp.com\/guidealpes.com\/wp-content\/uploads\/2015\/10\/Fond-size.jpg?fit=1200%2C506&ssl=1&resize=525%2C300 1.5x, https:\/\/i0.wp.com\/guidealpes.com\/wp-content\/uploads\/2015\/10\/Fond-size.jpg?fit=1200%2C506&ssl=1&resize=700%2C400 2x, https:\/\/i0.wp.com\/guidealpes.com\/wp-content\/uploads\/2015\/10\/Fond-size.jpg?fit=1200%2C506&ssl=1&resize=1050%2C600 3x"},"classes":[]},{"id":2768,"url":"https:\/\/guidealpes.com\/en\/infos\/votre-guide\/","url_meta":{"origin":2722,"position":2},"title":"Your Guide","author":"Guide Alpes","date":"Wednesday September 30th, 2015","format":false,"excerpt":"[vc_row][vc_column][vc_column_text]Bienvenue sur mon site, je m'appelle C\u00e9dric Tardieu. Je suis guide de haute montagne UIAGM et moniteur escalade et canyon. Pour les curieux qui souhaitent connaitre mon parcours, en voici un r\u00e9sum\u00e9 en quelques lignes ...[\/vc_column_text][vc_text_separator title=\"Mon parcours\"][\/vc_column][\/vc_row][vc_row][vc_column width=\"1\/4\"][vc_single_image image=\"6887\" alignment=\"center\"][\/vc_column][vc_column width=\"3\/4\"][vc_column_text] Originaire de Mont\u00e9limar, j'ai tr\u00e8s vite montr\u00e9 un\u2026","rel":"","context":"Similar post","block_context":{"text":"Similar post","link":""},"img":{"alt_text":"","src":"https:\/\/i0.wp.com\/guidealpes.com\/wp-content\/uploads\/2015\/09\/Votreguide-1.jpg?fit=1200%2C506&ssl=1&resize=350%2C200","width":350,"height":200,"srcset":"https:\/\/i0.wp.com\/guidealpes.com\/wp-content\/uploads\/2015\/09\/Votreguide-1.jpg?fit=1200%2C506&ssl=1&resize=350%2C200 1x, https:\/\/i0.wp.com\/guidealpes.com\/wp-content\/uploads\/2015\/09\/Votreguide-1.jpg?fit=1200%2C506&ssl=1&resize=525%2C300 1.5x, https:\/\/i0.wp.com\/guidealpes.com\/wp-content\/uploads\/2015\/09\/Votreguide-1.jpg?fit=1200%2C506&ssl=1&resize=700%2C400 2x, https:\/\/i0.wp.com\/guidealpes.com\/wp-content\/uploads\/2015\/09\/Votreguide-1.jpg?fit=1200%2C506&ssl=1&resize=1050%2C600 3x"},"classes":[]},{"id":3697,"url":"https:\/\/guidealpes.com\/en\/ete\/canyoning\/","url_meta":{"origin":2722,"position":3},"title":"Canyoning","author":"Guide Alpes","date":"Tuesday January 26th, 2016","format":false,"excerpt":"You are looking for new feelings? You want to have fun while discovering magical places that mother nature has to offer? Our guide team, caring for nature, is ready to go with you in this unique environment in a friendly way and with professionalism. We suggest to discover the canyoning\u2026","rel":"","context":"Similar post","block_context":{"text":"Similar post","link":""},"img":{"alt_text":"","src":"https:\/\/i0.wp.com\/guidealpes.com\/wp-content\/uploads\/2016\/01\/fondnew.jpg?fit=1200%2C506&ssl=1&resize=350%2C200","width":350,"height":200,"srcset":"https:\/\/i0.wp.com\/guidealpes.com\/wp-content\/uploads\/2016\/01\/fondnew.jpg?fit=1200%2C506&ssl=1&resize=350%2C200 1x, https:\/\/i0.wp.com\/guidealpes.com\/wp-content\/uploads\/2016\/01\/fondnew.jpg?fit=1200%2C506&ssl=1&resize=525%2C300 1.5x, https:\/\/i0.wp.com\/guidealpes.com\/wp-content\/uploads\/2016\/01\/fondnew.jpg?fit=1200%2C506&ssl=1&resize=700%2C400 2x, https:\/\/i0.wp.com\/guidealpes.com\/wp-content\/uploads\/2016\/01\/fondnew.jpg?fit=1200%2C506&ssl=1&resize=1050%2C600 3x"},"classes":[]},{"id":2750,"url":"https:\/\/guidealpes.com\/en\/blog\/","url_meta":{"origin":2722,"position":4},"title":"Blog","author":"Guide Alpes","date":"Wednesday September 30th, 2015","format":false,"excerpt":"","rel":"","context":"Similar post","block_context":{"text":"Similar post","link":""},"img":{"alt_text":"","src":"","width":0,"height":0},"classes":[]},{"id":2765,"url":"https:\/\/guidealpes.com\/en\/infos\/tarifs\/","url_meta":{"origin":2722,"position":5},"title":"Prices","author":"Guide Alpes","date":"Wednesday September 30th, 2015","format":false,"excerpt":"Coming soon ... You are here : Home > Info > Prices","rel":"","context":"Similar post","block_context":{"text":"Similar post","link":""},"img":{"alt_text":"","src":"https:\/\/i0.wp.com\/guidealpes.com\/wp-content\/uploads\/2015\/10\/tarif.jpg?fit=1200%2C506&ssl=1&resize=350%2C200","width":350,"height":200,"srcset":"https:\/\/i0.wp.com\/guidealpes.com\/wp-content\/uploads\/2015\/10\/tarif.jpg?fit=1200%2C506&ssl=1&resize=350%2C200 1x, https:\/\/i0.wp.com\/guidealpes.com\/wp-content\/uploads\/2015\/10\/tarif.jpg?fit=1200%2C506&ssl=1&resize=525%2C300 1.5x, https:\/\/i0.wp.com\/guidealpes.com\/wp-content\/uploads\/2015\/10\/tarif.jpg?fit=1200%2C506&ssl=1&resize=700%2C400 2x, https:\/\/i0.wp.com\/guidealpes.com\/wp-content\/uploads\/2015\/10\/tarif.jpg?fit=1200%2C506&ssl=1&resize=1050%2C600 3x"},"classes":[]}],"_links":{"self":[{"href":"https:\/\/guidealpes.com\/en\/wp-json\/wp\/v2\/pages\/2722","targetHints":{"allow":["GET"]}}],"collection":[{"href":"https:\/\/guidealpes.com\/en\/wp-json\/wp\/v2\/pages"}],"about":[{"href":"https:\/\/guidealpes.com\/en\/wp-json\/wp\/v2\/types\/page"}],"author":[{"embeddable":true,"href":"https:\/\/guidealpes.com\/en\/wp-json\/wp\/v2\/users\/1"}],"replies":[{"embeddable":true,"href":"https:\/\/guidealpes.com\/en\/wp-json\/wp\/v2\/comments?post=2722"}],"version-history":[{"count":4,"href":"https:\/\/guidealpes.com\/en\/wp-json\/wp\/v2\/pages\/2722\/revisions"}],"predecessor-version":[{"id":3478,"href":"https:\/\/guidealpes.com\/en\/wp-json\/wp\/v2\/pages\/2722\/revisions\/3478"}],"wp:featuredmedia":[{"embeddable":true,"href":"https:\/\/guidealpes.com\/en\/wp-json\/wp\/v2\/media\/3217"}],"wp:attachment":[{"href":"https:\/\/guidealpes.com\/en\/wp-json\/wp\/v2\/media?parent=2722"}],"curies":[{"name":"wp","href":"https:\/\/api.w.org\/{rel}","templated":true}]}}