{"id":2716,"date":"2014-01-31T11:06:00","date_gmt":"2014-01-31T10:06:00","guid":{"rendered":"http:\/\/www.guidealpes.com\/?page_id=2716"},"modified":"2017-08-19T09:46:10","modified_gmt":"2017-08-19T07:46:10","slug":"cgv","status":"publish","type":"page","link":"https:\/\/guidealpes.com\/en\/cgv\/","title":{"rendered":"Conditions g\u00e9n\u00e9rales de vente"},"content":{"rendered":"<p><\/p>\n<h2>Tarification<\/h2>\n<p>Le prix d\u2019une journ\u00e9e guide varie de 330 euros, en France et de 650 CHF, en Suisse, \u00e0 titre indicatif.<br \/>\nSelon la course le tarif peut sortir de cette fourchette (course d&#8217;envergure, etc.).<br \/>\nLe tarif est toujours fix\u00e9 en fonction de la course, d\u2019un ensemble de courses ou d\u2019une prestation d\u00e9finie.<br \/>\nLe prix est \u00e0 partager entre le nombre de participants \u00e0 l\u2019activit\u00e9. Le nombre de participants est fix\u00e9 par le guide selon l\u2019activit\u00e9 ou selon la course et selon les us et coutumes locales.<br \/>\nLorsqu\u2019un tarif par personne est indiqu\u00e9, il est valable sous r\u00e9serve que, le nombre minimal de personnes pour constituer le groupe, soit atteint.<br \/>\nSi le nombre minimal de personnes n\u2019est pas atteint le tarif individuel est susceptible d\u2019\u00eatre r\u00e9\u00e9valu\u00e9 \u00e0 la hausse. Le tarif total d\u00fb de la prestation sera indiqu\u00e9 clairement sur un devis ou dans le contrat Guide\/client.<br \/>\nCette modification tarifaire sera communiqu\u00e9e au client au moins 48 heures avant le d\u00e9but de l&#8217;activit\u00e9. Si le client refuse le nouveau tarif, l&#8217;activit\u00e9 sera annul\u00e9e et l\u2019acompte sera int\u00e9gralement rembours\u00e9, et aucun d\u00e9dommagement ou dommage et int\u00e9r\u00eats ne pourra \u00eatre r\u00e9clam\u00e9 par le client.<br \/>\nSi la dur\u00e9e indiqu\u00e9e est variable, le tarif par personne indiqu\u00e9 est valable pour la dur\u00e9e la plus courte.<br \/>\nLes tarifs des courses sont consultables \u00e0 titre indicatif sur le site www.guidealpes.com pour chaque activit\u00e9 propos\u00e9e et restent r\u00e9-\u00e9valuables par le guide.<br \/>\nEn cas de litige sur le tarif de la prestation, c\u2019est la tarification de l\u2019ann\u00e9e en cours de la Compagnie des guides locale qui fait foi. Si il n\u2019existe pas de tarification de la Compagnie locale, c\u2019est le tarif convenu dans le contrat Guide\/client qui fait foi.<\/p>\n<h2>Participation<\/h2>\n<p>Pour toutes les activit\u00e9s, nous demandons \u00e0 tout participant de prendre connaissance et d\u2019approuver les conditions de s\u00e9curit\u00e9. Nous vous rappelons que :<\/p>\n<ul>\n<li>il est indispensable de savoir nager pour toutes les activit\u00e9s d\u2019eau-vive ainsi que pour le canyoning,<\/li>\n<li>il est indispensable d&#8217;avoir souscrit une assurance individuelle couvrant, notamment l&#8217;ensemble des activit\u00e9s que GuideAlpes.com propose ainsi que l&#8217;invalidit\u00e9-d\u00e9c\u00e8s du participant,<\/li>\n<li>une autorisation parentale est obligatoire pour tout mineur quelque soit l\u2019activit\u00e9 pratiqu\u00e9e,<\/li>\n<li>la faisabilit\u00e9 de tout programme sportif est soumise \u00e0 l\u2019appr\u00e9ciation du guide en fonction des conditions m\u00e9t\u00e9orologiques et des aptitudes sportives des participants.<\/li>\n<\/ul>\n<h2>Modalit\u00e9s d\u2019inscription<\/h2>\n<p>Pour tous nos programmes, l\u2019inscription est possible sur place selon les disponibilit\u00e9s. Nous vous conseillons cependant de nous adresser une demande d\u2019inscription \u00e9crite accompagn\u00e9e de 30% du prix total de la prestation. Si vous r\u00e9servez votre activit\u00e9 \u00e0 l\u2019avance il pourra vous \u00eatre demand\u00e9 de verser un acompte \u00e9quivalent \u00e0 30% du prix total pour finaliser votre inscription.<br \/>\nLe solde devra nous parvenir 15 jours avant la date du d\u00e9but de la prestation. Toute r\u00e9servation ne sera effective qu\u2019apr\u00e8s acceptation et validation de la demande d\u2019inscription accompagn\u00e9e des arrhes correspondants et vous sera confirm\u00e9e par retour d\u2019un bon de prestation.<br \/>\nSi le solde du s\u00e9jour ne nous est pas parvenu 15 jours avant la date de prestation, Guidealpes se r\u00e9serve le droit d\u2019annuler la r\u00e9servation sans indemnit\u00e9.<br \/>\nDans le cadre d\u2019un groupe ou de l\u2019inscription pour plusieurs personnes, le souscripteur s\u2019engage \u00e0 faire conna\u00eetre et approuver les conditions g\u00e9n\u00e9rales, ainsi que la documentation du stage \u00e0 tous les participants inscrits.<\/p>\n<h2>R\u00e8glement &#038; R\u00e9servation<\/h2>\n<p>Le r\u00e8glement du solde se fera \u00e0 la fin de la course ou de l&#8217;activit\u00e9. Il peut se faire en esp\u00e8ces ou par ch\u00e8que bancaire. Sur simple demande il vous sera \u00e9tabli une facture. Elle vous sera adress\u00e9e par e-mail ou par voie postale.<\/p>\n<h2>Annulation<\/h2>\n<p>En fonction des conditions nivologique et\/ou m\u00e9t\u00e9orologique le programme pourra \u00eatre modifi\u00e9 et \/ ou se d\u00e9rouler dans un autre massif sur d\u00e9cision du guide. Le tarif peut alors \u00eatre r\u00e9\u00e9valu\u00e9 : une hausse du tarif peut conduire \u00e0 l\u2019annulation de la part du client avec un remboursement total de l\u2019acompte.<br \/>\nEn cas d\u2019annulation totale suite \u00e0 la d\u00e9cision du guide aucune prestation n\u2019est due par le client, l\u2019acompte est int\u00e9gralement rembours\u00e9, et aucun d\u00e9dommagement ou dommage et int\u00e9r\u00eats ne pourra \u00eatre r\u00e9clam\u00e9 par le client.<br \/>\nEn cas d\u2019annulation de la part du client moins de 15 jours avant l\u2019activit\u00e9 pr\u00e9vue l\u2019acompte de 30% ne sera pas rembours\u00e9, et restera acquis, sauf raison valable \u00e0 la libre appr\u00e9ciation du guide. Plus de 15 jours avant le d\u00e9but de l\u2019activit\u00e9 l\u2019acompte sera rembours\u00e9 int\u00e9gralement.<br \/>\nEn cas d\u2019interruption de l\u2019engagement suite \u00e0 la d\u00e9cision du guide seules sont dues les prestations effectu\u00e9es.<br \/>\nEn cas d\u2019interruption de l\u2019engagement par le client, le montant total de l\u2019engagement reste acquis.<br \/>\nLes frais \u00e9ventuellement engag\u00e9s pour toute prestation ext\u00e9rieure \u00e0 l\u2019activit\u00e9 du guide (h\u00e9bergement, forfaits, etc\u2026) d\u00e9pendent uniquement de leur prestataire, aucun remboursement ne pourra \u00eatre exig\u00e9 au guide.<br \/>\nPour toute annulation partielle ou totale, les arrhes de 30 % ne seront pas restitu\u00e9es. Pour toute annulation individuelle(s) sur une prestation d\u00fbment sold\u00e9e (30 % d\u2019arrhes + 70 % dans les 15 jours avant la date de la prestation), les 70 % pourront vous \u00eatre restitu\u00e9s si Guidealpes en est inform\u00e9 7 jours avant la date de la prestation.<\/p>\n<h2>Conditions particuli\u00e8res d\u2019annulation<\/h2>\n<p>Guidealpes se r\u00e9serve le droit de modifier les programmes d\u2019activit\u00e9s sportives pour des raisons de s\u00e9curit\u00e9, crues, aptitudes sportives des participants ou tout cas de force majeure.<\/p>\n<p>Pour ces raisons, des parcours de remplacement seront organis\u00e9s sans qu\u2019aucun des participants ne puisse pr\u00e9tendre \u00e0 une quelconque indemnit\u00e9.<\/p>\n<p>Si Guideaples se trouve dans l\u2019obligation d\u2019annuler un d\u00e9part pour quelque raison que ce soit, les participants seront int\u00e9gralement rembours\u00e9s sans pouvoir pr\u00e9tendre \u00e0 aucune autre indemnit\u00e9 suppl\u00e9mentaire.<\/p>\n<p>Dans le cas de week-end ou de stages semaine, l\u2019organisation s\u2019oblige \u00e0 pr\u00e9venir les participants de l\u2019annulation 21 jours avant le d\u00e9part.<\/p>\n<h2>Assurances<\/h2>\n<p>Guidealpes dispose d\u2019une assurance responsabilit\u00e9 civile professionnelle (RC pro) couvrant ses propres activit\u00e9s (contrat n\u00b0).<br \/>\nPlus d\u2019informations sur les couvertures d\u2019assurance fournies par Guidealpes peuvent \u00eatre fournies sur simple demande.<br \/>\nIl est indispensable et du ressort de chaque participant de s&#8217;assurer qu&#8217;il dispose d&#8217;une assurance &#8220;Responsabilit\u00e9 Civile Individuelle Accident&#8221; couvrant la pratique des sports de montagne et d&#8217;eau vive.<br \/>\nIl est possible de souscrire une telle assurance aupr\u00e8s des clubs affili\u00e9s \u00e0 la FFME (F\u00e9d\u00e9ration Fran\u00e7aise de la Montagne et de l&#8217;Escalade) ou \u00e0 la FFCAM (F\u00e9d\u00e9ration Fran\u00e7aise des Clubs Alpins de Montagne)<br \/>\nEn cas d&#8217;accident corporel la responsabilit\u00e9 du guide sera d\u00e9gag\u00e9e d\u00e8s l&#8217;admission du patient en milieu hospitalier<br \/>\nToute suite hospitali\u00e8re sera du ressort des assurances personnelles du patient.<\/p>\n<h2>Ce qui est compris dans le prix<\/h2>\n<p>Guidealpes organise votre encadrement parking-parking par un guide dipl\u00f4m\u00e9 d\u2019\u00e9tat (GHM ou BE ou DE).<br \/>\nPr\u00eat possible du mat\u00e9riel de s\u00e9curit\u00e9 individuel et collectif (DVA, pelle, sonde, baudriers, radio, pharmacie\u2026) et pr\u00eat possible du mat\u00e9riel technique collectif (cordes, broches, d\u00e9gaines\u2026) selon disponibilit\u00e9s.<\/p>\n<h2>Ce qui n\u2019est pas compris dans le prix<\/h2>\n<p>Guidealpes ne prend pas en charge les frais de d\u00e9placements\/transports jusqu\u2019au lieu de rendez-vous (remont\u00e9es m\u00e9caniques, frais de covoiturage), d\u2019h\u00e9bergement (nuit\u00e9es en refuges, h\u00e9bergements avant ou apr\u00e8s la prestation), les frais personnels, ou encore de restauration (demi-pension, pension compl\u00e8te, boissons, repas du midi, snacks), de vous et de votre guide, ainsi que votre mat\u00e9riel personnel n\u00e9cessaire \u00e0 la pratique de l\u2019activit\u00e9 choisi. Enfin, n&#8217;oubliez pas de prendre des esp\u00e8ces en euro et en francs suisses le cas \u00e9ch\u00e9ant.<\/p>\n<p><\/p>","protected":false},"excerpt":{"rendered":"<p>Tarification Le prix d\u2019une journ\u00e9e guide varie de 330 euros, en France et de 650 CHF, en Suisse, \u00e0 titre indicatif. Selon la course le tarif peut sortir de cette fourchette (course d&#8217;envergure, etc.). Le tarif est toujours fix\u00e9 en fonction de la course, d\u2019un ensemble de courses ou d\u2019une prestation d\u00e9finie. Le prix est \u00e0 partager entre le nombre de participants \u00e0 l\u2019activit\u00e9. Le nombre de participants est fix\u00e9 par le guide selon l\u2019activit\u00e9 ou selon la course et selon les us et coutumes locales. Lorsqu\u2019un tarif par personne&#8230;<a class=\"read-more\" href=\"https:\/\/guidealpes.com\/en\/cgv\/\">read more<\/a><\/p>\n","protected":false},"author":1,"featured_media":3217,"parent":0,"menu_order":0,"comment_status":"closed","ping_status":"closed","template":"","meta":{"jetpack_post_was_ever_published":false,"footnotes":""},"class_list":["post-2716","page","type-page","status-publish","has-post-thumbnail","hentry","et-bg-layout-dark","et-white-bg"],"aioseo_notices":[],"yoast_head":"<!-- This site is optimized with the Yoast SEO plugin v27.5 - https:\/\/yoast.com\/product\/yoast-seo-wordpress\/ -->\n<title>Conditions g\u00e9n\u00e9rales de vente - Guide Alpes<\/title>\n<meta name=\"robots\" content=\"index, follow, max-snippet:-1, max-image-preview:large, max-video-preview:-1\" \/>\n<link rel=\"canonical\" href=\"https:\/\/guidealpes.com\/cgv\/\" \/>\n<meta property=\"og:locale\" content=\"en_US\" \/>\n<meta property=\"og:type\" content=\"article\" \/>\n<meta property=\"og:title\" content=\"Conditions g\u00e9n\u00e9rales de vente - Guide Alpes\" \/>\n<meta property=\"og:description\" content=\"Tarification Le prix d\u2019une journ\u00e9e guide varie de 330 euros, en France et de 650 CHF, en Suisse, \u00e0 titre indicatif. Selon la course le tarif peut sortir de cette fourchette (course d&#8217;envergure, etc.). Le tarif est toujours fix\u00e9 en fonction de la course, d\u2019un ensemble de courses ou d\u2019une prestation d\u00e9finie. Le prix est \u00e0 partager entre le nombre de participants \u00e0 l\u2019activit\u00e9. Le nombre de participants est fix\u00e9 par le guide selon l\u2019activit\u00e9 ou selon la course et selon les us et coutumes locales. Lorsqu\u2019un tarif par personne...read more\" \/>\n<meta property=\"og:url\" content=\"https:\/\/guidealpes.com\/cgv\/\" \/>\n<meta property=\"og:site_name\" content=\"Guide Alpes\" \/>\n<meta property=\"article:publisher\" content=\"https:\/\/www.facebook.com\/guidesalpes\/\" \/>\n<meta property=\"article:modified_time\" content=\"2017-08-19T07:46:10+00:00\" \/>\n<meta property=\"og:image\" content=\"https:\/\/i0.wp.com\/guidealpes.com\/wp-content\/uploads\/2015\/10\/Fond-size.jpg?fit=1280%2C540&ssl=1\" \/>\n\t<meta property=\"og:image:width\" content=\"1280\" \/>\n\t<meta property=\"og:image:height\" content=\"540\" \/>\n\t<meta property=\"og:image:type\" content=\"image\/jpeg\" \/>\n<meta name=\"twitter:card\" content=\"summary_large_image\" \/>\n<meta name=\"twitter:label1\" content=\"Est. reading time\" \/>\n\t<meta name=\"twitter:data1\" content=\"24 minutes\" \/>\n<script type=\"application\/ld+json\" class=\"yoast-schema-graph\">{\"@context\":\"https:\\\/\\\/schema.org\",\"@graph\":[{\"@type\":\"WebPage\",\"@id\":\"https:\\\/\\\/guidealpes.com\\\/cgv\\\/\",\"url\":\"https:\\\/\\\/guidealpes.com\\\/cgv\\\/\",\"name\":\"Conditions g\u00e9n\u00e9rales de vente - Guide Alpes\",\"isPartOf\":{\"@id\":\"https:\\\/\\\/guidealpes.com\\\/#website\"},\"primaryImageOfPage\":{\"@id\":\"https:\\\/\\\/guidealpes.com\\\/cgv\\\/#primaryimage\"},\"image\":{\"@id\":\"https:\\\/\\\/guidealpes.com\\\/cgv\\\/#primaryimage\"},\"thumbnailUrl\":\"https:\\\/\\\/i0.wp.com\\\/guidealpes.com\\\/wp-content\\\/uploads\\\/2015\\\/10\\\/Fond-size.jpg?fit=1280%2C540&ssl=1\",\"datePublished\":\"2014-01-31T10:06:00+00:00\",\"dateModified\":\"2017-08-19T07:46:10+00:00\",\"breadcrumb\":{\"@id\":\"https:\\\/\\\/guidealpes.com\\\/cgv\\\/#breadcrumb\"},\"inLanguage\":\"en-US\",\"potentialAction\":[{\"@type\":\"ReadAction\",\"target\":[\"https:\\\/\\\/guidealpes.com\\\/cgv\\\/\"]}]},{\"@type\":\"ImageObject\",\"inLanguage\":\"en-US\",\"@id\":\"https:\\\/\\\/guidealpes.com\\\/cgv\\\/#primaryimage\",\"url\":\"https:\\\/\\\/i0.wp.com\\\/guidealpes.com\\\/wp-content\\\/uploads\\\/2015\\\/10\\\/Fond-size.jpg?fit=1280%2C540&ssl=1\",\"contentUrl\":\"https:\\\/\\\/i0.wp.com\\\/guidealpes.com\\\/wp-content\\\/uploads\\\/2015\\\/10\\\/Fond-size.jpg?fit=1280%2C540&ssl=1\",\"width\":1280,\"height\":540},{\"@type\":\"BreadcrumbList\",\"@id\":\"https:\\\/\\\/guidealpes.com\\\/cgv\\\/#breadcrumb\",\"itemListElement\":[{\"@type\":\"ListItem\",\"position\":1,\"name\":\"Home\",\"item\":\"https:\\\/\\\/guidealpes.com\\\/\"},{\"@type\":\"ListItem\",\"position\":2,\"name\":\"Conditions g\u00e9n\u00e9rales de vente\"}]},{\"@type\":\"WebSite\",\"@id\":\"https:\\\/\\\/guidealpes.com\\\/#website\",\"url\":\"https:\\\/\\\/guidealpes.com\\\/\",\"name\":\"Guide Alpes\",\"description\":\"Mountain guide, the French Alps to the Austrian Alps\",\"potentialAction\":[{\"@type\":\"SearchAction\",\"target\":{\"@type\":\"EntryPoint\",\"urlTemplate\":\"https:\\\/\\\/guidealpes.com\\\/?s={search_term_string}\"},\"query-input\":{\"@type\":\"PropertyValueSpecification\",\"valueRequired\":true,\"valueName\":\"search_term_string\"}}],\"inLanguage\":\"en-US\"}]}<\/script>\n<!-- \/ Yoast SEO plugin. -->","yoast_head_json":{"title":"Conditions g\u00e9n\u00e9rales de vente - Guide Alpes","robots":{"index":"index","follow":"follow","max-snippet":"max-snippet:-1","max-image-preview":"max-image-preview:large","max-video-preview":"max-video-preview:-1"},"canonical":"https:\/\/guidealpes.com\/cgv\/","og_locale":"en_US","og_type":"article","og_title":"Conditions g\u00e9n\u00e9rales de vente - Guide Alpes","og_description":"Tarification Le prix d\u2019une journ\u00e9e guide varie de 330 euros, en France et de 650 CHF, en Suisse, \u00e0 titre indicatif. Selon la course le tarif peut sortir de cette fourchette (course d&#8217;envergure, etc.). Le tarif est toujours fix\u00e9 en fonction de la course, d\u2019un ensemble de courses ou d\u2019une prestation d\u00e9finie. Le prix est \u00e0 partager entre le nombre de participants \u00e0 l\u2019activit\u00e9. Le nombre de participants est fix\u00e9 par le guide selon l\u2019activit\u00e9 ou selon la course et selon les us et coutumes locales. Lorsqu\u2019un tarif par personne...read more","og_url":"https:\/\/guidealpes.com\/cgv\/","og_site_name":"Guide Alpes","article_publisher":"https:\/\/www.facebook.com\/guidesalpes\/","article_modified_time":"2017-08-19T07:46:10+00:00","og_image":[{"width":1280,"height":540,"url":"https:\/\/i0.wp.com\/guidealpes.com\/wp-content\/uploads\/2015\/10\/Fond-size.jpg?fit=1280%2C540&ssl=1","type":"image\/jpeg"}],"twitter_card":"summary_large_image","twitter_misc":{"Est. reading time":"24 minutes"},"schema":{"@context":"https:\/\/schema.org","@graph":[{"@type":"WebPage","@id":"https:\/\/guidealpes.com\/cgv\/","url":"https:\/\/guidealpes.com\/cgv\/","name":"Conditions g\u00e9n\u00e9rales de vente - Guide Alpes","isPartOf":{"@id":"https:\/\/guidealpes.com\/#website"},"primaryImageOfPage":{"@id":"https:\/\/guidealpes.com\/cgv\/#primaryimage"},"image":{"@id":"https:\/\/guidealpes.com\/cgv\/#primaryimage"},"thumbnailUrl":"https:\/\/i0.wp.com\/guidealpes.com\/wp-content\/uploads\/2015\/10\/Fond-size.jpg?fit=1280%2C540&ssl=1","datePublished":"2014-01-31T10:06:00+00:00","dateModified":"2017-08-19T07:46:10+00:00","breadcrumb":{"@id":"https:\/\/guidealpes.com\/cgv\/#breadcrumb"},"inLanguage":"en-US","potentialAction":[{"@type":"ReadAction","target":["https:\/\/guidealpes.com\/cgv\/"]}]},{"@type":"ImageObject","inLanguage":"en-US","@id":"https:\/\/guidealpes.com\/cgv\/#primaryimage","url":"https:\/\/i0.wp.com\/guidealpes.com\/wp-content\/uploads\/2015\/10\/Fond-size.jpg?fit=1280%2C540&ssl=1","contentUrl":"https:\/\/i0.wp.com\/guidealpes.com\/wp-content\/uploads\/2015\/10\/Fond-size.jpg?fit=1280%2C540&ssl=1","width":1280,"height":540},{"@type":"BreadcrumbList","@id":"https:\/\/guidealpes.com\/cgv\/#breadcrumb","itemListElement":[{"@type":"ListItem","position":1,"name":"Home","item":"https:\/\/guidealpes.com\/"},{"@type":"ListItem","position":2,"name":"Conditions g\u00e9n\u00e9rales de vente"}]},{"@type":"WebSite","@id":"https:\/\/guidealpes.com\/#website","url":"https:\/\/guidealpes.com\/","name":"Guide Alpes","description":"Mountain guide, the French Alps to the Austrian Alps","potentialAction":[{"@type":"SearchAction","target":{"@type":"EntryPoint","urlTemplate":"https:\/\/guidealpes.com\/?s={search_term_string}"},"query-input":{"@type":"PropertyValueSpecification","valueRequired":true,"valueName":"search_term_string"}}],"inLanguage":"en-US"}]}},"jetpack_sharing_enabled":false,"jetpack_shortlink":"https:\/\/wp.me\/P6Nn53-HO","jetpack-related-posts":[{"id":2765,"url":"https:\/\/guidealpes.com\/en\/infos\/tarifs\/","url_meta":{"origin":2716,"position":0},"title":"Prices","author":"Guide Alpes","date":"Wednesday September 30th, 2015","format":false,"excerpt":"Coming soon ... You are here : Home > Info > Prices","rel":"","context":"Similar post","block_context":{"text":"Similar post","link":""},"img":{"alt_text":"","src":"https:\/\/i0.wp.com\/guidealpes.com\/wp-content\/uploads\/2015\/10\/tarif.jpg?fit=1200%2C506&ssl=1&resize=350%2C200","width":350,"height":200,"srcset":"https:\/\/i0.wp.com\/guidealpes.com\/wp-content\/uploads\/2015\/10\/tarif.jpg?fit=1200%2C506&ssl=1&resize=350%2C200 1x, https:\/\/i0.wp.com\/guidealpes.com\/wp-content\/uploads\/2015\/10\/tarif.jpg?fit=1200%2C506&ssl=1&resize=525%2C300 1.5x, https:\/\/i0.wp.com\/guidealpes.com\/wp-content\/uploads\/2015\/10\/tarif.jpg?fit=1200%2C506&ssl=1&resize=700%2C400 2x, https:\/\/i0.wp.com\/guidealpes.com\/wp-content\/uploads\/2015\/10\/tarif.jpg?fit=1200%2C506&ssl=1&resize=1050%2C600 3x"},"classes":[]},{"id":6539,"url":"https:\/\/guidealpes.com\/en\/cours-particuliers-escalade-grenoble\/","url_meta":{"origin":2716,"position":1},"title":"Cours particuliers escalade","author":"Guide Alpes","date":"Tuesday August 22nd, 2017","format":false,"excerpt":"Sorry, this entry is only available in Fran\u00e7ais.","rel":"","context":"Similar post","block_context":{"text":"Similar post","link":""},"img":{"alt_text":"","src":"https:\/\/i0.wp.com\/guidealpes.com\/wp-content\/uploads\/2017\/08\/particulier.jpg?fit=1200%2C506&ssl=1&resize=350%2C200","width":350,"height":200,"srcset":"https:\/\/i0.wp.com\/guidealpes.com\/wp-content\/uploads\/2017\/08\/particulier.jpg?fit=1200%2C506&ssl=1&resize=350%2C200 1x, https:\/\/i0.wp.com\/guidealpes.com\/wp-content\/uploads\/2017\/08\/particulier.jpg?fit=1200%2C506&ssl=1&resize=525%2C300 1.5x, https:\/\/i0.wp.com\/guidealpes.com\/wp-content\/uploads\/2017\/08\/particulier.jpg?fit=1200%2C506&ssl=1&resize=700%2C400 2x, https:\/\/i0.wp.com\/guidealpes.com\/wp-content\/uploads\/2017\/08\/particulier.jpg?fit=1200%2C506&ssl=1&resize=1050%2C600 3x"},"classes":[]},{"id":2244,"url":"https:\/\/guidealpes.com\/en\/ete\/alpinisme\/4000-des-alpes\/","url_meta":{"origin":2716,"position":2},"title":"4000 in the Alps","author":"Guide Alpes","date":"Tuesday November 19th, 2013","format":false,"excerpt":"With Guide Alpes, reach the mythical bar of 4,000 meters will no longer be a dream. With 41 peaks culminating at 4,000 meters, the ridge of the Alps will have necessarily a peak to meet your ambitions. Some suggestions : \u2013 Breithorn ( 4164 meters, 3-6 participants) \u2013 Allalinhorn (\u2026","rel":"","context":"Similar post","block_context":{"text":"Similar post","link":""},"img":{"alt_text":"","src":"https:\/\/i0.wp.com\/guidealpes.com\/wp-content\/uploads\/2015\/10\/4000.jpg?fit=1200%2C506&ssl=1&resize=350%2C200","width":350,"height":200,"srcset":"https:\/\/i0.wp.com\/guidealpes.com\/wp-content\/uploads\/2015\/10\/4000.jpg?fit=1200%2C506&ssl=1&resize=350%2C200 1x, https:\/\/i0.wp.com\/guidealpes.com\/wp-content\/uploads\/2015\/10\/4000.jpg?fit=1200%2C506&ssl=1&resize=525%2C300 1.5x, https:\/\/i0.wp.com\/guidealpes.com\/wp-content\/uploads\/2015\/10\/4000.jpg?fit=1200%2C506&ssl=1&resize=700%2C400 2x, https:\/\/i0.wp.com\/guidealpes.com\/wp-content\/uploads\/2015\/10\/4000.jpg?fit=1200%2C506&ssl=1&resize=1050%2C600 3x"},"classes":[]},{"id":5815,"url":"https:\/\/guidealpes.com\/en\/coaching-perfectionnement-escalade-grenoble\/","url_meta":{"origin":2716,"position":3},"title":"Coaching perfectionnement escalade","author":"Guide Alpes","date":"Monday August 14th, 2017","format":false,"excerpt":"Sorry, this entry is only available in Fran\u00e7ais.","rel":"","context":"Similar post","block_context":{"text":"Similar post","link":""},"img":{"alt_text":"","src":"https:\/\/i0.wp.com\/guidealpes.com\/wp-content\/uploads\/2017\/08\/coaching.jpg?fit=1200%2C506&ssl=1&resize=350%2C200","width":350,"height":200,"srcset":"https:\/\/i0.wp.com\/guidealpes.com\/wp-content\/uploads\/2017\/08\/coaching.jpg?fit=1200%2C506&ssl=1&resize=350%2C200 1x, https:\/\/i0.wp.com\/guidealpes.com\/wp-content\/uploads\/2017\/08\/coaching.jpg?fit=1200%2C506&ssl=1&resize=525%2C300 1.5x, https:\/\/i0.wp.com\/guidealpes.com\/wp-content\/uploads\/2017\/08\/coaching.jpg?fit=1200%2C506&ssl=1&resize=700%2C400 2x, https:\/\/i0.wp.com\/guidealpes.com\/wp-content\/uploads\/2017\/08\/coaching.jpg?fit=1200%2C506&ssl=1&resize=1050%2C600 3x"},"classes":[]},{"id":2274,"url":"https:\/\/guidealpes.com\/en\/hiver\/alpinisme-hivernal\/","url_meta":{"origin":2716,"position":4},"title":"Winter mountaineering","author":"Guide Alpes","date":"Wednesday November 20th, 2013","format":false,"excerpt":"Adventurers, this activity is for you. The winter mountaineering is to do high level traditional mountaineering. With Guide Alpes, discover and live intense experiences which are impossible to do during the summer. On the program: couloir, gully climbing, mixed, dry tooling, snow, and ice ! Prices : on request (from\u2026","rel":"","context":"Similar post","block_context":{"text":"Similar post","link":""},"img":{"alt_text":"","src":"https:\/\/i0.wp.com\/guidealpes.com\/wp-content\/uploads\/2015\/10\/montagne-hiver.jpg?fit=1200%2C506&ssl=1&resize=350%2C200","width":350,"height":200,"srcset":"https:\/\/i0.wp.com\/guidealpes.com\/wp-content\/uploads\/2015\/10\/montagne-hiver.jpg?fit=1200%2C506&ssl=1&resize=350%2C200 1x, https:\/\/i0.wp.com\/guidealpes.com\/wp-content\/uploads\/2015\/10\/montagne-hiver.jpg?fit=1200%2C506&ssl=1&resize=525%2C300 1.5x, https:\/\/i0.wp.com\/guidealpes.com\/wp-content\/uploads\/2015\/10\/montagne-hiver.jpg?fit=1200%2C506&ssl=1&resize=700%2C400 2x, https:\/\/i0.wp.com\/guidealpes.com\/wp-content\/uploads\/2015\/10\/montagne-hiver.jpg?fit=1200%2C506&ssl=1&resize=1050%2C600 3x"},"classes":[]},{"id":2234,"url":"https:\/\/guidealpes.com\/en\/ete\/alpinisme\/classiques\/","url_meta":{"origin":2716,"position":5},"title":"Classics","author":"Guide Alpes","date":"Tuesday November 19th, 2013","format":false,"excerpt":"You want to get to the emblematic summits of your region, choose Guide Alpes to accompany you. Some suggestions : \u2013 Petit Combin (3663 meters, 3-7 participants) \u2013 Rosablanche (3336 meters, 3-7 participants) \u2013 Mont V\u00e9lan (3727 meters, 2-4 participants) \u2013 Pigne d\u2019Arolla (3790 meters, 3-7 participants) Prices : on\u2026","rel":"","context":"Similar post","block_context":{"text":"Similar post","link":""},"img":{"alt_text":"","src":"https:\/\/i0.wp.com\/guidealpes.com\/wp-content\/uploads\/2015\/10\/classique.jpg?fit=1200%2C506&ssl=1&resize=350%2C200","width":350,"height":200,"srcset":"https:\/\/i0.wp.com\/guidealpes.com\/wp-content\/uploads\/2015\/10\/classique.jpg?fit=1200%2C506&ssl=1&resize=350%2C200 1x, https:\/\/i0.wp.com\/guidealpes.com\/wp-content\/uploads\/2015\/10\/classique.jpg?fit=1200%2C506&ssl=1&resize=525%2C300 1.5x, https:\/\/i0.wp.com\/guidealpes.com\/wp-content\/uploads\/2015\/10\/classique.jpg?fit=1200%2C506&ssl=1&resize=700%2C400 2x, https:\/\/i0.wp.com\/guidealpes.com\/wp-content\/uploads\/2015\/10\/classique.jpg?fit=1200%2C506&ssl=1&resize=1050%2C600 3x"},"classes":[]}],"_links":{"self":[{"href":"https:\/\/guidealpes.com\/en\/wp-json\/wp\/v2\/pages\/2716","targetHints":{"allow":["GET"]}}],"collection":[{"href":"https:\/\/guidealpes.com\/en\/wp-json\/wp\/v2\/pages"}],"about":[{"href":"https:\/\/guidealpes.com\/en\/wp-json\/wp\/v2\/types\/page"}],"author":[{"embeddable":true,"href":"https:\/\/guidealpes.com\/en\/wp-json\/wp\/v2\/users\/1"}],"replies":[{"embeddable":true,"href":"https:\/\/guidealpes.com\/en\/wp-json\/wp\/v2\/comments?post=2716"}],"version-history":[{"count":12,"href":"https:\/\/guidealpes.com\/en\/wp-json\/wp\/v2\/pages\/2716\/revisions"}],"predecessor-version":[{"id":4867,"href":"https:\/\/guidealpes.com\/en\/wp-json\/wp\/v2\/pages\/2716\/revisions\/4867"}],"wp:featuredmedia":[{"embeddable":true,"href":"https:\/\/guidealpes.com\/en\/wp-json\/wp\/v2\/media\/3217"}],"wp:attachment":[{"href":"https:\/\/guidealpes.com\/en\/wp-json\/wp\/v2\/media?parent=2716"}],"curies":[{"name":"wp","href":"https:\/\/api.w.org\/{rel}","templated":true}]}}