{"id":2280,"date":"2013-11-20T10:43:39","date_gmt":"2013-11-20T09:43:39","guid":{"rendered":"http:\/\/www.guidealpes.com\/?page_id=2280"},"modified":"2019-04-01T11:34:16","modified_gmt":"2019-04-01T09:34:16","slug":"raid-a-ski","status":"publish","type":"page","link":"https:\/\/guidealpes.com\/en\/ski-freeride\/raid-a-ski\/","title":{"rendered":"Alpine touring"},"content":{"rendered":"<p>[vc_row][vc_column][vc_column_text]<center>Ski aux pieds, parcourez les plus beaux itin\u00e9raires de haute montagne. Apr\u00e8s l&#8217;effort fourni \u00e0 la mont\u00e9e, appr\u00e9ciez de vous laisser glisser sur ces grandes descentes.<br \/>\nVotre Guide vous propose la c\u00e9l\u00e8bre haute route Chamonix-Zermatt. Cette formule vous permettra d&#8217;appr\u00e9cier les plus beaux points de vue des alpes. A vos cuisses ! Pr\u00eats ? Partez !<\/center>[\/vc_column_text][\/vc_column][\/vc_row][vc_row][vc_column][vc_tta_tabs style=&#8221;flat&#8221; color=&#8221;black&#8221; active_section=&#8221;1&#8243;][vc_tta_section title=&#8221;D\u00e9butants&#8221; tab_id=&#8221;1553611732099-ba5bc9e3-1fa6&#8243;][vc_column_text]<\/p>\n<p style=\"text-align: center;\">Vous n&#8217;avez jamais pratiqu\u00e9 ou avez eu une seule exp\u00e9rience.<\/p>\n<p>[\/vc_column_text][vc_separator][vc_row_inner][vc_column_inner width=&#8221;1\/2&#8243;][vc_column_text]<\/p>\n<p style=\"text-align: center;\"><strong>Initiation au raid \u00e0 ski &#8211; 6 jours<\/strong><br \/>\n<em><strong>La vall\u00e9e de la Clar\u00e9e<br \/>\n<\/strong><\/em>3 \u00e0 4 personnes &#8211; 2464 \u20ac<\/p>\n<p style=\"text-align: center;\">Un effort progressif !<\/p>\n<p>[\/vc_column_text][vc_btn title=&#8221;T\u00e9l\u00e9charger la fiche activit\u00e9&#8221; color=&#8221;mulled-wine&#8221; align=&#8221;center&#8221; link=&#8221;url:https%3A%2F%2Fguidealpes.com%2Fwp-content%2Fuploads%2F2019%2F04%2FFICHE-ACTIVITE-Initiation-raid-%C3%A0-ski-6-jours-Vall%C3%A9e-de-la-Clar%C3%A9e.pdf||target:%20_blank|&#8221;][\/vc_column_inner][vc_column_inner width=&#8221;1\/2&#8243;][vc_single_image image=&#8221;7540&#8243; img_size=&#8221;full&#8221;][\/vc_column_inner][\/vc_row_inner][vc_separator][vc_column_text]<\/p>\n<p style=\"text-align: center;\">Vous avez une envie particuli\u00e8re et vous souhaitez un devis : envoyez nous un message via le <b><a href=\"https:\/\/www.guidealpes.com\/contact\/\"> formulaire de contact<\/a>.<\/b><\/p>\n<p>[\/vc_column_text][\/vc_tta_section][vc_tta_section title=&#8221;Confirm\u00e9s&#8221; tab_id=&#8221;1553611861143-47613978-fb81&#8243;][vc_column_text]<\/p>\n<p style=\"text-align: center;\">Vous avez pratiqu\u00e9 plusieurs fois le ski de randonn\u00e9e.<\/p>\n<p>[\/vc_column_text][vc_separator][vc_column_text]<\/p>\n<p style=\"text-align: center;\">Vous avez une envie particuli\u00e8re et vous souhaitez un devis : envoyez nous un message via le <b><a href=\"https:\/\/www.guidealpes.com\/contact\/\"> formulaire de contact<\/a>.<\/b><\/p>\n<p>[\/vc_column_text][\/vc_tta_section][vc_tta_section title=&#8221;Avanc\u00e9s&#8221; tab_id=&#8221;1553612066522-040a0745-b6ac&#8221;][vc_column_text]<\/p>\n<p style=\"text-align: center;\">Vous avez une pratique r\u00e9guli\u00e8re du ski de randonn\u00e9e.<\/p>\n<p>[\/vc_column_text][vc_separator][vc_column_text]<\/p>\n<p style=\"text-align: center;\">Vous avez une envie particuli\u00e8re et vous souhaitez un devis : envoyez nous un message via le <b><a href=\"https:\/\/www.guidealpes.com\/contact\/\"> formulaire de contact<\/a>.<\/b><\/p>\n<p>[\/vc_column_text][\/vc_tta_section][vc_tta_section title=&#8221;Experts&#8221; tab_id=&#8221;1553612315219-147ae110-b56e&#8221;][vc_column_text]<\/p>\n<p style=\"text-align: center;\">Vous avez une pratique intense du ski de randonn\u00e9e.<\/p>\n<p>[\/vc_column_text][vc_separator][vc_column_text]<\/p>\n<p style=\"text-align: center;\">Vous avez une envie particuli\u00e8re et vous souhaitez un devis : envoyez nous un message via le <b><a href=\"https:\/\/www.guidealpes.com\/contact\/\"> formulaire de contact<\/a>.<\/b><\/p>\n<p>[\/vc_column_text][\/vc_tta_section][\/vc_tta_tabs][\/vc_column][\/vc_row][vc_row][vc_column][vc_column_text]<span style=\"font-size: 70%;\"><span style=\"color: #51b6f5;\"> Vous \u00eates ici : <a href=\"https:\/\/guidealpes.com\/\">Accueil<\/a> &gt; <a href=\"https:\/\/guidealpes.com\/ski-freeride\/\">Ski<\/a> &gt; Raid \u00e0 ski<\/span><\/span>[\/vc_column_text][\/vc_column][\/vc_row]<\/p>\n","protected":false},"excerpt":{"rendered":"<p>[vc_row][vc_column][vc_column_text]Ski aux pieds, parcourez les plus beaux itin\u00e9raires de haute montagne. Apr\u00e8s l&#8217;effort fourni \u00e0 la mont\u00e9e, appr\u00e9ciez de vous laisser glisser sur ces grandes descentes. Votre Guide vous propose la c\u00e9l\u00e8bre haute route Chamonix-Zermatt. Cette formule vous permettra d&#8217;appr\u00e9cier les plus beaux points de vue des alpes. A vos cuisses ! Pr\u00eats ? Partez ![\/vc_column_text][\/vc_column][\/vc_row][vc_row][vc_column][vc_tta_tabs style=&#8221;flat&#8221; color=&#8221;black&#8221; active_section=&#8221;1&#8243;][vc_tta_section title=&#8221;D\u00e9butants&#8221; tab_id=&#8221;1553611732099-ba5bc9e3-1fa6&#8243;][vc_column_text] Vous n&#8217;avez jamais pratiqu\u00e9 ou avez eu une seule exp\u00e9rience. [\/vc_column_text][vc_separator][vc_row_inner][vc_column_inner width=&#8221;1\/2&#8243;][vc_column_text] Initiation au raid \u00e0 ski &#8211; 6 jours La vall\u00e9e de la Clar\u00e9e 3 \u00e0 4 personnes&#8230;<a class=\"read-more\" href=\"https:\/\/guidealpes.com\/en\/ski-freeride\/raid-a-ski\/\">read more<\/a><\/p>\n","protected":false},"author":1,"featured_media":3207,"parent":2748,"menu_order":0,"comment_status":"closed","ping_status":"closed","template":"","meta":{"footnotes":""},"class_list":["post-2280","page","type-page","status-publish","has-post-thumbnail","hentry","et-bg-layout-dark","et-white-bg"],"aioseo_notices":[],"yoast_head":"<!-- This site is optimized with the Yoast SEO plugin v27.5 - https:\/\/yoast.com\/product\/yoast-seo-wordpress\/ -->\n<title>Alpine touring - Guide Alpes<\/title>\n<meta name=\"robots\" content=\"index, follow, max-snippet:-1, max-image-preview:large, max-video-preview:-1\" \/>\n<link rel=\"canonical\" href=\"https:\/\/guidealpes.com\/ski-freeride\/raid-a-ski\/\" \/>\n<meta property=\"og:locale\" content=\"en_US\" \/>\n<meta property=\"og:type\" content=\"article\" \/>\n<meta property=\"og:title\" content=\"Alpine touring - Guide Alpes\" \/>\n<meta property=\"og:description\" content=\"[vc_row][vc_column][vc_column_text]Ski aux pieds, parcourez les plus beaux itin\u00e9raires de haute montagne. Apr\u00e8s l&#8217;effort fourni \u00e0 la mont\u00e9e, appr\u00e9ciez de vous laisser glisser sur ces grandes descentes. Votre Guide vous propose la c\u00e9l\u00e8bre haute route Chamonix-Zermatt. Cette formule vous permettra d&#8217;appr\u00e9cier les plus beaux points de vue des alpes. A vos cuisses ! Pr\u00eats ? Partez ![\/vc_column_text][\/vc_column][\/vc_row][vc_row][vc_column][vc_tta_tabs style=&#8221;flat&#8221; color=&#8221;black&#8221; active_section=&#8221;1&#8243;][vc_tta_section title=&#8221;D\u00e9butants&#8221; tab_id=&#8221;1553611732099-ba5bc9e3-1fa6&#8243;][vc_column_text] Vous n&#8217;avez jamais pratiqu\u00e9 ou avez eu une seule exp\u00e9rience. [\/vc_column_text][vc_separator][vc_row_inner][vc_column_inner width=&#8221;1\/2&#8243;][vc_column_text] Initiation au raid \u00e0 ski &#8211; 6 jours La vall\u00e9e de la Clar\u00e9e 3 \u00e0 4 personnes...read more\" \/>\n<meta property=\"og:url\" content=\"https:\/\/guidealpes.com\/ski-freeride\/raid-a-ski\/\" \/>\n<meta property=\"og:site_name\" content=\"Guide Alpes\" \/>\n<meta property=\"article:publisher\" content=\"https:\/\/www.facebook.com\/guidesalpes\/\" \/>\n<meta property=\"article:modified_time\" content=\"2019-04-01T09:34:16+00:00\" \/>\n<meta property=\"og:image\" content=\"https:\/\/i0.wp.com\/guidealpes.com\/wp-content\/uploads\/2015\/10\/ski-rando-2.jpg?fit=1280%2C540&ssl=1\" \/>\n\t<meta property=\"og:image:width\" content=\"1280\" \/>\n\t<meta property=\"og:image:height\" content=\"540\" \/>\n\t<meta property=\"og:image:type\" content=\"image\/jpeg\" \/>\n<meta name=\"twitter:card\" content=\"summary_large_image\" \/>\n<meta name=\"twitter:label1\" content=\"Est. reading time\" \/>\n\t<meta name=\"twitter:data1\" content=\"2 minutes\" \/>\n<script type=\"application\/ld+json\" class=\"yoast-schema-graph\">{\"@context\":\"https:\\\/\\\/schema.org\",\"@graph\":[{\"@type\":\"WebPage\",\"@id\":\"https:\\\/\\\/guidealpes.com\\\/ski-freeride\\\/raid-a-ski\\\/\",\"url\":\"https:\\\/\\\/guidealpes.com\\\/ski-freeride\\\/raid-a-ski\\\/\",\"name\":\"Alpine touring - Guide Alpes\",\"isPartOf\":{\"@id\":\"https:\\\/\\\/guidealpes.com\\\/#website\"},\"primaryImageOfPage\":{\"@id\":\"https:\\\/\\\/guidealpes.com\\\/ski-freeride\\\/raid-a-ski\\\/#primaryimage\"},\"image\":{\"@id\":\"https:\\\/\\\/guidealpes.com\\\/ski-freeride\\\/raid-a-ski\\\/#primaryimage\"},\"thumbnailUrl\":\"https:\\\/\\\/i0.wp.com\\\/guidealpes.com\\\/wp-content\\\/uploads\\\/2015\\\/10\\\/ski-rando-2.jpg?fit=1280%2C540&ssl=1\",\"datePublished\":\"2013-11-20T09:43:39+00:00\",\"dateModified\":\"2019-04-01T09:34:16+00:00\",\"breadcrumb\":{\"@id\":\"https:\\\/\\\/guidealpes.com\\\/ski-freeride\\\/raid-a-ski\\\/#breadcrumb\"},\"inLanguage\":\"en-US\",\"potentialAction\":[{\"@type\":\"ReadAction\",\"target\":[\"https:\\\/\\\/guidealpes.com\\\/ski-freeride\\\/raid-a-ski\\\/\"]}]},{\"@type\":\"ImageObject\",\"inLanguage\":\"en-US\",\"@id\":\"https:\\\/\\\/guidealpes.com\\\/ski-freeride\\\/raid-a-ski\\\/#primaryimage\",\"url\":\"https:\\\/\\\/i0.wp.com\\\/guidealpes.com\\\/wp-content\\\/uploads\\\/2015\\\/10\\\/ski-rando-2.jpg?fit=1280%2C540&ssl=1\",\"contentUrl\":\"https:\\\/\\\/i0.wp.com\\\/guidealpes.com\\\/wp-content\\\/uploads\\\/2015\\\/10\\\/ski-rando-2.jpg?fit=1280%2C540&ssl=1\",\"width\":1280,\"height\":540},{\"@type\":\"BreadcrumbList\",\"@id\":\"https:\\\/\\\/guidealpes.com\\\/ski-freeride\\\/raid-a-ski\\\/#breadcrumb\",\"itemListElement\":[{\"@type\":\"ListItem\",\"position\":1,\"name\":\"Home\",\"item\":\"https:\\\/\\\/guidealpes.com\\\/\"},{\"@type\":\"ListItem\",\"position\":2,\"name\":\"Ski \\\/ Freeride\",\"item\":\"https:\\\/\\\/guidealpes.com\\\/en\\\/ski-freeride\\\/\"},{\"@type\":\"ListItem\",\"position\":3,\"name\":\"Raid \u00e0 ski\"}]},{\"@type\":\"WebSite\",\"@id\":\"https:\\\/\\\/guidealpes.com\\\/#website\",\"url\":\"https:\\\/\\\/guidealpes.com\\\/\",\"name\":\"Guide Alpes\",\"description\":\"Mountain guide, the French Alps to the Austrian Alps\",\"potentialAction\":[{\"@type\":\"SearchAction\",\"target\":{\"@type\":\"EntryPoint\",\"urlTemplate\":\"https:\\\/\\\/guidealpes.com\\\/?s={search_term_string}\"},\"query-input\":{\"@type\":\"PropertyValueSpecification\",\"valueRequired\":true,\"valueName\":\"search_term_string\"}}],\"inLanguage\":\"en-US\"}]}<\/script>\n<!-- \/ Yoast SEO plugin. -->","yoast_head_json":{"title":"Alpine touring - Guide Alpes","robots":{"index":"index","follow":"follow","max-snippet":"max-snippet:-1","max-image-preview":"max-image-preview:large","max-video-preview":"max-video-preview:-1"},"canonical":"https:\/\/guidealpes.com\/ski-freeride\/raid-a-ski\/","og_locale":"en_US","og_type":"article","og_title":"Alpine touring - Guide Alpes","og_description":"[vc_row][vc_column][vc_column_text]Ski aux pieds, parcourez les plus beaux itin\u00e9raires de haute montagne. Apr\u00e8s l&#8217;effort fourni \u00e0 la mont\u00e9e, appr\u00e9ciez de vous laisser glisser sur ces grandes descentes. Votre Guide vous propose la c\u00e9l\u00e8bre haute route Chamonix-Zermatt. Cette formule vous permettra d&#8217;appr\u00e9cier les plus beaux points de vue des alpes. A vos cuisses ! Pr\u00eats ? Partez ![\/vc_column_text][\/vc_column][\/vc_row][vc_row][vc_column][vc_tta_tabs style=&#8221;flat&#8221; color=&#8221;black&#8221; active_section=&#8221;1&#8243;][vc_tta_section title=&#8221;D\u00e9butants&#8221; tab_id=&#8221;1553611732099-ba5bc9e3-1fa6&#8243;][vc_column_text] Vous n&#8217;avez jamais pratiqu\u00e9 ou avez eu une seule exp\u00e9rience. [\/vc_column_text][vc_separator][vc_row_inner][vc_column_inner width=&#8221;1\/2&#8243;][vc_column_text] Initiation au raid \u00e0 ski &#8211; 6 jours La vall\u00e9e de la Clar\u00e9e 3 \u00e0 4 personnes...read more","og_url":"https:\/\/guidealpes.com\/ski-freeride\/raid-a-ski\/","og_site_name":"Guide Alpes","article_publisher":"https:\/\/www.facebook.com\/guidesalpes\/","article_modified_time":"2019-04-01T09:34:16+00:00","og_image":[{"width":1280,"height":540,"url":"https:\/\/i0.wp.com\/guidealpes.com\/wp-content\/uploads\/2015\/10\/ski-rando-2.jpg?fit=1280%2C540&ssl=1","type":"image\/jpeg"}],"twitter_card":"summary_large_image","twitter_misc":{"Est. reading time":"2 minutes"},"schema":{"@context":"https:\/\/schema.org","@graph":[{"@type":"WebPage","@id":"https:\/\/guidealpes.com\/ski-freeride\/raid-a-ski\/","url":"https:\/\/guidealpes.com\/ski-freeride\/raid-a-ski\/","name":"Alpine touring - Guide Alpes","isPartOf":{"@id":"https:\/\/guidealpes.com\/#website"},"primaryImageOfPage":{"@id":"https:\/\/guidealpes.com\/ski-freeride\/raid-a-ski\/#primaryimage"},"image":{"@id":"https:\/\/guidealpes.com\/ski-freeride\/raid-a-ski\/#primaryimage"},"thumbnailUrl":"https:\/\/i0.wp.com\/guidealpes.com\/wp-content\/uploads\/2015\/10\/ski-rando-2.jpg?fit=1280%2C540&ssl=1","datePublished":"2013-11-20T09:43:39+00:00","dateModified":"2019-04-01T09:34:16+00:00","breadcrumb":{"@id":"https:\/\/guidealpes.com\/ski-freeride\/raid-a-ski\/#breadcrumb"},"inLanguage":"en-US","potentialAction":[{"@type":"ReadAction","target":["https:\/\/guidealpes.com\/ski-freeride\/raid-a-ski\/"]}]},{"@type":"ImageObject","inLanguage":"en-US","@id":"https:\/\/guidealpes.com\/ski-freeride\/raid-a-ski\/#primaryimage","url":"https:\/\/i0.wp.com\/guidealpes.com\/wp-content\/uploads\/2015\/10\/ski-rando-2.jpg?fit=1280%2C540&ssl=1","contentUrl":"https:\/\/i0.wp.com\/guidealpes.com\/wp-content\/uploads\/2015\/10\/ski-rando-2.jpg?fit=1280%2C540&ssl=1","width":1280,"height":540},{"@type":"BreadcrumbList","@id":"https:\/\/guidealpes.com\/ski-freeride\/raid-a-ski\/#breadcrumb","itemListElement":[{"@type":"ListItem","position":1,"name":"Home","item":"https:\/\/guidealpes.com\/"},{"@type":"ListItem","position":2,"name":"Ski \/ Freeride","item":"https:\/\/guidealpes.com\/en\/ski-freeride\/"},{"@type":"ListItem","position":3,"name":"Raid \u00e0 ski"}]},{"@type":"WebSite","@id":"https:\/\/guidealpes.com\/#website","url":"https:\/\/guidealpes.com\/","name":"Guide Alpes","description":"Mountain guide, the French Alps to the Austrian Alps","potentialAction":[{"@type":"SearchAction","target":{"@type":"EntryPoint","urlTemplate":"https:\/\/guidealpes.com\/?s={search_term_string}"},"query-input":{"@type":"PropertyValueSpecification","valueRequired":true,"valueName":"search_term_string"}}],"inLanguage":"en-US"}]}},"jetpack_sharing_enabled":true,"jetpack_shortlink":"https:\/\/wp.me\/P6Nn53-AM","jetpack-related-posts":[{"id":2270,"url":"https:\/\/guidealpes.com\/en\/ski-freeride\/ski-de-randonnee\/","url_meta":{"origin":2280,"position":0},"title":"Ski touring","author":"Guide Alpes","date":"Wednesday November 20th, 2013","format":false,"excerpt":"Ski touring will immerse you in huge places of fullness that only the mountain can offer. For an initiation or a trek, follow your guide on ridge of Alps and admire the white stretches. You will learn the safety rules and you will initiate yourself into avalanche field. Efforts during\u2026","rel":"","context":"Similar post","block_context":{"text":"Similar post","link":""},"img":{"alt_text":"","src":"https:\/\/i0.wp.com\/guidealpes.com\/wp-content\/uploads\/2015\/10\/skirando.jpg?fit=1200%2C506&ssl=1&resize=350%2C200","width":350,"height":200,"srcset":"https:\/\/i0.wp.com\/guidealpes.com\/wp-content\/uploads\/2015\/10\/skirando.jpg?fit=1200%2C506&ssl=1&resize=350%2C200 1x, https:\/\/i0.wp.com\/guidealpes.com\/wp-content\/uploads\/2015\/10\/skirando.jpg?fit=1200%2C506&ssl=1&resize=525%2C300 1.5x, https:\/\/i0.wp.com\/guidealpes.com\/wp-content\/uploads\/2015\/10\/skirando.jpg?fit=1200%2C506&ssl=1&resize=700%2C400 2x, https:\/\/i0.wp.com\/guidealpes.com\/wp-content\/uploads\/2015\/10\/skirando.jpg?fit=1200%2C506&ssl=1&resize=1050%2C600 3x"},"classes":[]},{"id":2793,"url":"https:\/\/guidealpes.com\/en\/ski-freeride\/heliski\/","url_meta":{"origin":2280,"position":1},"title":"Heliskiing","author":"Guide Alpes","date":"Wednesday September 30th, 2015","format":false,"excerpt":"Besides being the capital of the off-piste, Verbier is also a must-see for heliskiing. For those not frightened by the effort, follow your guide and put on your climbing skins. The helicopter will drop you off in unforgettable and amazing places, away from the crowds. Please note that the activity\u2026","rel":"","context":"Similar post","block_context":{"text":"Similar post","link":""},"img":{"alt_text":"","src":"https:\/\/i0.wp.com\/guidealpes.com\/wp-content\/uploads\/2015\/09\/heliski-freeride.jpg?fit=1200%2C506&ssl=1&resize=350%2C200","width":350,"height":200,"srcset":"https:\/\/i0.wp.com\/guidealpes.com\/wp-content\/uploads\/2015\/09\/heliski-freeride.jpg?fit=1200%2C506&ssl=1&resize=350%2C200 1x, https:\/\/i0.wp.com\/guidealpes.com\/wp-content\/uploads\/2015\/09\/heliski-freeride.jpg?fit=1200%2C506&ssl=1&resize=525%2C300 1.5x, https:\/\/i0.wp.com\/guidealpes.com\/wp-content\/uploads\/2015\/09\/heliski-freeride.jpg?fit=1200%2C506&ssl=1&resize=700%2C400 2x, https:\/\/i0.wp.com\/guidealpes.com\/wp-content\/uploads\/2015\/09\/heliski-freeride.jpg?fit=1200%2C506&ssl=1&resize=1050%2C600 3x"},"classes":[]},{"id":2238,"url":"https:\/\/guidealpes.com\/en\/ete\/alpinisme\/haute-route\/","url_meta":{"origin":2280,"position":2},"title":"Alpine touring","author":"Guide Alpes","date":"Tuesday November 19th, 2013","format":false,"excerpt":"The alpine touring is not reserved for ski hiker. Once the snow has melted, you can make it your own playground. Your Guide suggest you the famous alpine touring \"Chamonix- Zermatt\". This route will allow you to enjoy the most beautiful views of the Alps. Some suggestions : \u2013 Departure\u2026","rel":"","context":"Similar post","block_context":{"text":"Similar post","link":""},"img":{"alt_text":"","src":"https:\/\/i0.wp.com\/guidealpes.com\/wp-content\/uploads\/2015\/10\/hauteroute.jpg?fit=1200%2C506&ssl=1&resize=350%2C200","width":350,"height":200,"srcset":"https:\/\/i0.wp.com\/guidealpes.com\/wp-content\/uploads\/2015\/10\/hauteroute.jpg?fit=1200%2C506&ssl=1&resize=350%2C200 1x, https:\/\/i0.wp.com\/guidealpes.com\/wp-content\/uploads\/2015\/10\/hauteroute.jpg?fit=1200%2C506&ssl=1&resize=525%2C300 1.5x, https:\/\/i0.wp.com\/guidealpes.com\/wp-content\/uploads\/2015\/10\/hauteroute.jpg?fit=1200%2C506&ssl=1&resize=700%2C400 2x, https:\/\/i0.wp.com\/guidealpes.com\/wp-content\/uploads\/2015\/10\/hauteroute.jpg?fit=1200%2C506&ssl=1&resize=1050%2C600 3x"},"classes":[]},{"id":2791,"url":"https:\/\/guidealpes.com\/en\/ski-freeride\/freeride-horspiste\/","url_meta":{"origin":2280,"position":3},"title":"Freeride\/Off-piste skiing","author":"Guide Alpes","date":"Wednesday September 30th, 2015","format":false,"excerpt":"You want to ski away from large crowds and draw your own curves on immaculate slope but you think that your skiing level is not good enough to do freeride. Don\u2019t worry and take advantage of your guide's skills. He will initiate you safely into this singular activity. Some suggestions\u2026","rel":"","context":"Similar post","block_context":{"text":"Similar post","link":""},"img":{"alt_text":"","src":"https:\/\/i0.wp.com\/guidealpes.com\/wp-content\/uploads\/2015\/10\/freeride.jpg?fit=1200%2C506&ssl=1&resize=350%2C200","width":350,"height":200,"srcset":"https:\/\/i0.wp.com\/guidealpes.com\/wp-content\/uploads\/2015\/10\/freeride.jpg?fit=1200%2C506&ssl=1&resize=350%2C200 1x, https:\/\/i0.wp.com\/guidealpes.com\/wp-content\/uploads\/2015\/10\/freeride.jpg?fit=1200%2C506&ssl=1&resize=525%2C300 1.5x, https:\/\/i0.wp.com\/guidealpes.com\/wp-content\/uploads\/2015\/10\/freeride.jpg?fit=1200%2C506&ssl=1&resize=700%2C400 2x, https:\/\/i0.wp.com\/guidealpes.com\/wp-content\/uploads\/2015\/10\/freeride.jpg?fit=1200%2C506&ssl=1&resize=1050%2C600 3x"},"classes":[]},{"id":2748,"url":"https:\/\/guidealpes.com\/en\/ski-freeride\/","url_meta":{"origin":2280,"position":4},"title":"Ski \/ Freeride","author":"Guide Alpes","date":"Wednesday September 30th, 2015","format":false,"excerpt":"Find the activty to meet your challenges \u2013 desires. Powder snow alert ! Follow the guide and discover the pleasure to draw its own curves on virgin slopes of your choice. You are here : Home > Ski \/ Freeride","rel":"","context":"Similar post","block_context":{"text":"Similar post","link":""},"img":{"alt_text":"","src":"https:\/\/i0.wp.com\/guidealpes.com\/wp-content\/uploads\/2015\/10\/ski_freeride.jpg?fit=1200%2C506&ssl=1&resize=350%2C200","width":350,"height":200,"srcset":"https:\/\/i0.wp.com\/guidealpes.com\/wp-content\/uploads\/2015\/10\/ski_freeride.jpg?fit=1200%2C506&ssl=1&resize=350%2C200 1x, https:\/\/i0.wp.com\/guidealpes.com\/wp-content\/uploads\/2015\/10\/ski_freeride.jpg?fit=1200%2C506&ssl=1&resize=525%2C300 1.5x, https:\/\/i0.wp.com\/guidealpes.com\/wp-content\/uploads\/2015\/10\/ski_freeride.jpg?fit=1200%2C506&ssl=1&resize=700%2C400 2x, https:\/\/i0.wp.com\/guidealpes.com\/wp-content\/uploads\/2015\/10\/ski_freeride.jpg?fit=1200%2C506&ssl=1&resize=1050%2C600 3x"},"classes":[]},{"id":2911,"url":"https:\/\/guidealpes.com\/en\/ski-freeride\/cours-avalanche\/","url_meta":{"origin":2280,"position":5},"title":"Safety class","author":"Guide Alpes","date":"Tuesday October  6th, 2015","format":false,"excerpt":"[vc_row][vc_column][vc_column_text]Car en montagne on ne peut dissocier plaisir et s\u00e9curit\u00e9, Guide Alpes vous propose de mieux conna\u00eetre le milieu dans lequel vous \u00e9voluez et d'en comprendre ses dangers (neige, vent, avalanches\u2026). Lors de ce cours, vous appr\u00e9henderez l\u2019utilisation du mat\u00e9riel sp\u00e9cifique au domaine des avalanches (DVA ou ARVA, pelle, sonde)\u2026","rel":"","context":"Similar post","block_context":{"text":"Similar post","link":""},"img":{"alt_text":"","src":"https:\/\/i0.wp.com\/guidealpes.com\/wp-content\/uploads\/2015\/10\/securite.jpg?fit=1200%2C506&ssl=1&resize=350%2C200","width":350,"height":200,"srcset":"https:\/\/i0.wp.com\/guidealpes.com\/wp-content\/uploads\/2015\/10\/securite.jpg?fit=1200%2C506&ssl=1&resize=350%2C200 1x, https:\/\/i0.wp.com\/guidealpes.com\/wp-content\/uploads\/2015\/10\/securite.jpg?fit=1200%2C506&ssl=1&resize=525%2C300 1.5x, https:\/\/i0.wp.com\/guidealpes.com\/wp-content\/uploads\/2015\/10\/securite.jpg?fit=1200%2C506&ssl=1&resize=700%2C400 2x, https:\/\/i0.wp.com\/guidealpes.com\/wp-content\/uploads\/2015\/10\/securite.jpg?fit=1200%2C506&ssl=1&resize=1050%2C600 3x"},"classes":[]}],"_links":{"self":[{"href":"https:\/\/guidealpes.com\/en\/wp-json\/wp\/v2\/pages\/2280","targetHints":{"allow":["GET"]}}],"collection":[{"href":"https:\/\/guidealpes.com\/en\/wp-json\/wp\/v2\/pages"}],"about":[{"href":"https:\/\/guidealpes.com\/en\/wp-json\/wp\/v2\/types\/page"}],"author":[{"embeddable":true,"href":"https:\/\/guidealpes.com\/en\/wp-json\/wp\/v2\/users\/1"}],"replies":[{"embeddable":true,"href":"https:\/\/guidealpes.com\/en\/wp-json\/wp\/v2\/comments?post=2280"}],"version-history":[{"count":25,"href":"https:\/\/guidealpes.com\/en\/wp-json\/wp\/v2\/pages\/2280\/revisions"}],"predecessor-version":[{"id":7565,"href":"https:\/\/guidealpes.com\/en\/wp-json\/wp\/v2\/pages\/2280\/revisions\/7565"}],"up":[{"embeddable":true,"href":"https:\/\/guidealpes.com\/en\/wp-json\/wp\/v2\/pages\/2748"}],"wp:featuredmedia":[{"embeddable":true,"href":"https:\/\/guidealpes.com\/en\/wp-json\/wp\/v2\/media\/3207"}],"wp:attachment":[{"href":"https:\/\/guidealpes.com\/en\/wp-json\/wp\/v2\/media?parent=2280"}],"curies":[{"name":"wp","href":"https:\/\/api.w.org\/{rel}","templated":true}]}}