{"id":2272,"date":"2013-11-20T10:37:58","date_gmt":"2013-11-20T09:37:58","guid":{"rendered":"http:\/\/www.guidealpes.com\/?page_id=2272"},"modified":"2017-08-20T00:57:14","modified_gmt":"2017-08-19T22:57:14","slug":"cascade-de-glace","status":"publish","type":"page","link":"https:\/\/guidealpes.com\/en\/hiver\/cascade-de-glace\/","title":{"rendered":"Ice fall"},"content":{"rendered":"<p><center>Ice climbing is a sport derived from climbing. It consists to climb ice formations using ice axes and crampons. Discover this unusual activity during an initiation or a technical outing. With Guide Alpes, there will be something for everyone. Your guide will teach you to assess the condition of the ice and progress safely.<\/center><\/p>\n<p>Some suggestions :<br \/>\n&#8211; Kandersteg<br \/>\n&#8211; Mauvoisin<br \/>\n&#8211; Saas fee<br \/>\n&#8211; Zinal<br \/>\n&#8211; Arolla<\/p>\n<div style=\"text-align:justify\"><b>Prices : on request (from 1 participant). For a quote request, please send us a message via the <a href=\"https:\/\/www.guidealpes.com\/en\/contact\/\"> contact from<\/a>.<\/b><\/div style=\"text-align:justify\">\n<p><\/p>\n<p><span style=\"font-size:70%;\"><font color=#51b6f5> You are here : <a href=\"https:\/\/guidealpes.com\/\">Home<\/a> > <a href=\"https:\/\/guidealpes.com\/hiver\/\">Winter<\/a> > Ice fall<\/font><\/span><\/p>\n<p><\/p>","protected":false},"excerpt":{"rendered":"<p>Ice climbing is a sport derived from climbing. It consists to climb ice formations using ice axes and crampons. Discover this unusual activity during an initiation or a technical outing. With Guide Alpes, there will be something for everyone. Your guide will teach you to assess the condition of the ice and progress safely. Some suggestions : &#8211; Kandersteg &#8211; Mauvoisin &#8211; Saas fee &#8211; Zinal &#8211; Arolla Prices : on request (from 1 participant). For a quote request, please send us a message via the contact from. You are&#8230;<a class=\"read-more\" href=\"https:\/\/guidealpes.com\/en\/hiver\/cascade-de-glace\/\">read more<\/a><\/p>\n","protected":false},"author":1,"featured_media":3209,"parent":2746,"menu_order":0,"comment_status":"closed","ping_status":"closed","template":"","meta":{"footnotes":""},"class_list":["post-2272","page","type-page","status-publish","has-post-thumbnail","hentry","et-bg-layout-dark","et-white-bg"],"aioseo_notices":[],"yoast_head":"<!-- This site is optimized with the Yoast SEO plugin v27.5 - https:\/\/yoast.com\/product\/yoast-seo-wordpress\/ -->\n<title>Ice fall - Guide Alpes<\/title>\n<meta name=\"robots\" content=\"index, follow, max-snippet:-1, max-image-preview:large, max-video-preview:-1\" \/>\n<link rel=\"canonical\" href=\"https:\/\/guidealpes.com\/en\/hiver\/cascade-de-glace\/\" \/>\n<meta property=\"og:locale\" content=\"en_US\" \/>\n<meta property=\"og:type\" content=\"article\" \/>\n<meta property=\"og:title\" content=\"Ice fall - Guide Alpes\" \/>\n<meta property=\"og:description\" content=\"Ice climbing is a sport derived from climbing. It consists to climb ice formations using ice axes and crampons. Discover this unusual activity during an initiation or a technical outing. With Guide Alpes, there will be something for everyone. Your guide will teach you to assess the condition of the ice and progress safely. Some suggestions : &#8211; Kandersteg &#8211; Mauvoisin &#8211; Saas fee &#8211; Zinal &#8211; Arolla Prices : on request (from 1 participant). For a quote request, please send us a message via the contact from. You are...read more\" \/>\n<meta property=\"og:url\" content=\"https:\/\/guidealpes.com\/en\/hiver\/cascade-de-glace\/\" \/>\n<meta property=\"og:site_name\" content=\"Guide Alpes\" \/>\n<meta property=\"article:publisher\" content=\"https:\/\/www.facebook.com\/guidesalpes\/\" \/>\n<meta property=\"article:modified_time\" content=\"2017-08-19T22:57:14+00:00\" \/>\n<meta property=\"og:image\" content=\"https:\/\/i1.wp.com\/guidealpes.com\/wp-content\/uploads\/2015\/10\/glace.jpg?fit=1280%2C540&ssl=1\" \/>\n\t<meta property=\"og:image:width\" content=\"1280\" \/>\n\t<meta property=\"og:image:height\" content=\"540\" \/>\n\t<meta property=\"og:image:type\" content=\"image\/jpeg\" \/>\n<meta name=\"twitter:card\" content=\"summary_large_image\" \/>\n<meta name=\"twitter:label1\" content=\"Est. reading time\" \/>\n\t<meta name=\"twitter:data1\" content=\"1 minute\" \/>\n<script type=\"application\/ld+json\" class=\"yoast-schema-graph\">{\"@context\":\"https:\\\/\\\/schema.org\",\"@graph\":[{\"@type\":\"WebPage\",\"@id\":\"https:\\\/\\\/guidealpes.com\\\/en\\\/hiver\\\/cascade-de-glace\\\/\",\"url\":\"https:\\\/\\\/guidealpes.com\\\/en\\\/hiver\\\/cascade-de-glace\\\/\",\"name\":\"Ice fall - Guide Alpes\",\"isPartOf\":{\"@id\":\"https:\\\/\\\/guidealpes.com\\\/#website\"},\"primaryImageOfPage\":{\"@id\":\"https:\\\/\\\/guidealpes.com\\\/en\\\/hiver\\\/cascade-de-glace\\\/#primaryimage\"},\"image\":{\"@id\":\"https:\\\/\\\/guidealpes.com\\\/en\\\/hiver\\\/cascade-de-glace\\\/#primaryimage\"},\"thumbnailUrl\":\"https:\\\/\\\/i0.wp.com\\\/guidealpes.com\\\/wp-content\\\/uploads\\\/2015\\\/10\\\/glace.jpg?fit=1280%2C540&ssl=1\",\"datePublished\":\"2013-11-20T09:37:58+00:00\",\"dateModified\":\"2017-08-19T22:57:14+00:00\",\"breadcrumb\":{\"@id\":\"https:\\\/\\\/guidealpes.com\\\/en\\\/hiver\\\/cascade-de-glace\\\/#breadcrumb\"},\"inLanguage\":\"en-US\",\"potentialAction\":[{\"@type\":\"ReadAction\",\"target\":[\"https:\\\/\\\/guidealpes.com\\\/en\\\/hiver\\\/cascade-de-glace\\\/\"]}]},{\"@type\":\"ImageObject\",\"inLanguage\":\"en-US\",\"@id\":\"https:\\\/\\\/guidealpes.com\\\/en\\\/hiver\\\/cascade-de-glace\\\/#primaryimage\",\"url\":\"https:\\\/\\\/i0.wp.com\\\/guidealpes.com\\\/wp-content\\\/uploads\\\/2015\\\/10\\\/glace.jpg?fit=1280%2C540&ssl=1\",\"contentUrl\":\"https:\\\/\\\/i0.wp.com\\\/guidealpes.com\\\/wp-content\\\/uploads\\\/2015\\\/10\\\/glace.jpg?fit=1280%2C540&ssl=1\",\"width\":1280,\"height\":540},{\"@type\":\"BreadcrumbList\",\"@id\":\"https:\\\/\\\/guidealpes.com\\\/en\\\/hiver\\\/cascade-de-glace\\\/#breadcrumb\",\"itemListElement\":[{\"@type\":\"ListItem\",\"position\":1,\"name\":\"Home\",\"item\":\"https:\\\/\\\/guidealpes.com\\\/\"},{\"@type\":\"ListItem\",\"position\":2,\"name\":\"Winter\",\"item\":\"https:\\\/\\\/guidealpes.com\\\/en\\\/hiver\\\/\"},{\"@type\":\"ListItem\",\"position\":3,\"name\":\"Ice fall\"}]},{\"@type\":\"WebSite\",\"@id\":\"https:\\\/\\\/guidealpes.com\\\/#website\",\"url\":\"https:\\\/\\\/guidealpes.com\\\/\",\"name\":\"Guide Alpes\",\"description\":\"Mountain guide, the French Alps to the Austrian Alps\",\"potentialAction\":[{\"@type\":\"SearchAction\",\"target\":{\"@type\":\"EntryPoint\",\"urlTemplate\":\"https:\\\/\\\/guidealpes.com\\\/?s={search_term_string}\"},\"query-input\":{\"@type\":\"PropertyValueSpecification\",\"valueRequired\":true,\"valueName\":\"search_term_string\"}}],\"inLanguage\":\"en-US\"}]}<\/script>\n<!-- \/ Yoast SEO plugin. -->","yoast_head_json":{"title":"Ice fall - Guide Alpes","robots":{"index":"index","follow":"follow","max-snippet":"max-snippet:-1","max-image-preview":"max-image-preview:large","max-video-preview":"max-video-preview:-1"},"canonical":"https:\/\/guidealpes.com\/en\/hiver\/cascade-de-glace\/","og_locale":"en_US","og_type":"article","og_title":"Ice fall - Guide Alpes","og_description":"Ice climbing is a sport derived from climbing. It consists to climb ice formations using ice axes and crampons. Discover this unusual activity during an initiation or a technical outing. With Guide Alpes, there will be something for everyone. Your guide will teach you to assess the condition of the ice and progress safely. Some suggestions : &#8211; Kandersteg &#8211; Mauvoisin &#8211; Saas fee &#8211; Zinal &#8211; Arolla Prices : on request (from 1 participant). For a quote request, please send us a message via the contact from. You are...read more","og_url":"https:\/\/guidealpes.com\/en\/hiver\/cascade-de-glace\/","og_site_name":"Guide Alpes","article_publisher":"https:\/\/www.facebook.com\/guidesalpes\/","article_modified_time":"2017-08-19T22:57:14+00:00","og_image":[{"width":1280,"height":540,"url":"https:\/\/i1.wp.com\/guidealpes.com\/wp-content\/uploads\/2015\/10\/glace.jpg?fit=1280%2C540&ssl=1","type":"image\/jpeg"}],"twitter_card":"summary_large_image","twitter_misc":{"Est. reading time":"1 minute"},"schema":{"@context":"https:\/\/schema.org","@graph":[{"@type":"WebPage","@id":"https:\/\/guidealpes.com\/en\/hiver\/cascade-de-glace\/","url":"https:\/\/guidealpes.com\/en\/hiver\/cascade-de-glace\/","name":"Ice fall - Guide Alpes","isPartOf":{"@id":"https:\/\/guidealpes.com\/#website"},"primaryImageOfPage":{"@id":"https:\/\/guidealpes.com\/en\/hiver\/cascade-de-glace\/#primaryimage"},"image":{"@id":"https:\/\/guidealpes.com\/en\/hiver\/cascade-de-glace\/#primaryimage"},"thumbnailUrl":"https:\/\/i0.wp.com\/guidealpes.com\/wp-content\/uploads\/2015\/10\/glace.jpg?fit=1280%2C540&ssl=1","datePublished":"2013-11-20T09:37:58+00:00","dateModified":"2017-08-19T22:57:14+00:00","breadcrumb":{"@id":"https:\/\/guidealpes.com\/en\/hiver\/cascade-de-glace\/#breadcrumb"},"inLanguage":"en-US","potentialAction":[{"@type":"ReadAction","target":["https:\/\/guidealpes.com\/en\/hiver\/cascade-de-glace\/"]}]},{"@type":"ImageObject","inLanguage":"en-US","@id":"https:\/\/guidealpes.com\/en\/hiver\/cascade-de-glace\/#primaryimage","url":"https:\/\/i0.wp.com\/guidealpes.com\/wp-content\/uploads\/2015\/10\/glace.jpg?fit=1280%2C540&ssl=1","contentUrl":"https:\/\/i0.wp.com\/guidealpes.com\/wp-content\/uploads\/2015\/10\/glace.jpg?fit=1280%2C540&ssl=1","width":1280,"height":540},{"@type":"BreadcrumbList","@id":"https:\/\/guidealpes.com\/en\/hiver\/cascade-de-glace\/#breadcrumb","itemListElement":[{"@type":"ListItem","position":1,"name":"Home","item":"https:\/\/guidealpes.com\/"},{"@type":"ListItem","position":2,"name":"Winter","item":"https:\/\/guidealpes.com\/en\/hiver\/"},{"@type":"ListItem","position":3,"name":"Ice fall"}]},{"@type":"WebSite","@id":"https:\/\/guidealpes.com\/#website","url":"https:\/\/guidealpes.com\/","name":"Guide Alpes","description":"Mountain guide, the French Alps to the Austrian Alps","potentialAction":[{"@type":"SearchAction","target":{"@type":"EntryPoint","urlTemplate":"https:\/\/guidealpes.com\/?s={search_term_string}"},"query-input":{"@type":"PropertyValueSpecification","valueRequired":true,"valueName":"search_term_string"}}],"inLanguage":"en-US"}]}},"jetpack_sharing_enabled":true,"jetpack_shortlink":"https:\/\/wp.me\/P6Nn53-AE","jetpack-related-posts":[{"id":2746,"url":"https:\/\/guidealpes.com\/en\/hiver\/","url_meta":{"origin":2272,"position":0},"title":"Winter","author":"Guide Alpes","date":"Wednesday September 30th, 2015","format":false,"excerpt":"Find the activty to meet your challenges \u2013 desires. By combining snow and ice, the winter reveal ephemeral beauty. Snowshoes or ice grippers on your feet, ice axes and ski pole in your hands, go with your guide to launch an attack on these enchanting itineraries. You are here :\u2026","rel":"","context":"Similar post","block_context":{"text":"Similar post","link":""},"img":{"alt_text":"","src":"https:\/\/i0.wp.com\/guidealpes.com\/wp-content\/uploads\/2015\/10\/hiver.jpg?fit=1200%2C506&ssl=1&resize=350%2C200","width":350,"height":200,"srcset":"https:\/\/i0.wp.com\/guidealpes.com\/wp-content\/uploads\/2015\/10\/hiver.jpg?fit=1200%2C506&ssl=1&resize=350%2C200 1x, https:\/\/i0.wp.com\/guidealpes.com\/wp-content\/uploads\/2015\/10\/hiver.jpg?fit=1200%2C506&ssl=1&resize=525%2C300 1.5x, https:\/\/i0.wp.com\/guidealpes.com\/wp-content\/uploads\/2015\/10\/hiver.jpg?fit=1200%2C506&ssl=1&resize=700%2C400 2x, https:\/\/i0.wp.com\/guidealpes.com\/wp-content\/uploads\/2015\/10\/hiver.jpg?fit=1200%2C506&ssl=1&resize=1050%2C600 3x"},"classes":[]},{"id":2274,"url":"https:\/\/guidealpes.com\/en\/hiver\/alpinisme-hivernal\/","url_meta":{"origin":2272,"position":1},"title":"Winter mountaineering","author":"Guide Alpes","date":"Wednesday November 20th, 2013","format":false,"excerpt":"Adventurers, this activity is for you. The winter mountaineering is to do high level traditional mountaineering. With Guide Alpes, discover and live intense experiences which are impossible to do during the summer. On the program: couloir, gully climbing, mixed, dry tooling, snow, and ice ! Prices : on request (from\u2026","rel":"","context":"Similar post","block_context":{"text":"Similar post","link":""},"img":{"alt_text":"","src":"https:\/\/i0.wp.com\/guidealpes.com\/wp-content\/uploads\/2015\/10\/montagne-hiver.jpg?fit=1200%2C506&ssl=1&resize=350%2C200","width":350,"height":200,"srcset":"https:\/\/i0.wp.com\/guidealpes.com\/wp-content\/uploads\/2015\/10\/montagne-hiver.jpg?fit=1200%2C506&ssl=1&resize=350%2C200 1x, https:\/\/i0.wp.com\/guidealpes.com\/wp-content\/uploads\/2015\/10\/montagne-hiver.jpg?fit=1200%2C506&ssl=1&resize=525%2C300 1.5x, https:\/\/i0.wp.com\/guidealpes.com\/wp-content\/uploads\/2015\/10\/montagne-hiver.jpg?fit=1200%2C506&ssl=1&resize=700%2C400 2x, https:\/\/i0.wp.com\/guidealpes.com\/wp-content\/uploads\/2015\/10\/montagne-hiver.jpg?fit=1200%2C506&ssl=1&resize=1050%2C600 3x"},"classes":[]},{"id":2486,"url":"https:\/\/guidealpes.com\/en\/","url_meta":{"origin":2272,"position":2},"title":"Mountain guide","author":"Guide Alpes","date":"Friday November 29th, 2013","format":false,"excerpt":"FREERIDE, SKI TOURING, MOUNTAINEERING, ICE CLIMBING, ROCK CLIMBING\u2026 A dream, a mountain dear to your heart, we will be happy to guide you on easy trails or difficult routes. We could spend a day or more together. And for those who wish to go off the beaten track, we will\u2026","rel":"","context":"Similar post","block_context":{"text":"Similar post","link":""},"img":{"alt_text":"","src":"https:\/\/i0.wp.com\/guidealpes.com\/wp-content\/uploads\/2015\/10\/Fond-size.jpg?fit=1200%2C506&ssl=1&resize=350%2C200","width":350,"height":200,"srcset":"https:\/\/i0.wp.com\/guidealpes.com\/wp-content\/uploads\/2015\/10\/Fond-size.jpg?fit=1200%2C506&ssl=1&resize=350%2C200 1x, https:\/\/i0.wp.com\/guidealpes.com\/wp-content\/uploads\/2015\/10\/Fond-size.jpg?fit=1200%2C506&ssl=1&resize=525%2C300 1.5x, https:\/\/i0.wp.com\/guidealpes.com\/wp-content\/uploads\/2015\/10\/Fond-size.jpg?fit=1200%2C506&ssl=1&resize=700%2C400 2x, https:\/\/i0.wp.com\/guidealpes.com\/wp-content\/uploads\/2015\/10\/Fond-size.jpg?fit=1200%2C506&ssl=1&resize=1050%2C600 3x"},"classes":[]},{"id":2460,"url":"https:\/\/guidealpes.com\/en\/ete\/alpinisme\/randonnee-glaciaire\/","url_meta":{"origin":2272,"position":3},"title":"Glacier hiking","author":"Guide Alpes","date":"Saturday November 23rd, 2013","format":false,"excerpt":"Try glaciers hiking is to begin the adventure at night, then see step by step the sun set alight the mountain. With Guide Alpes you will learn to tame the crevasses, snow bridges and bergschrunds\/rimayes. Prick up one's ears the ice crunches under your feet\u2026 Open your eyes and admire\u2026","rel":"","context":"Similar post","block_context":{"text":"Similar post","link":""},"img":{"alt_text":"","src":"https:\/\/i0.wp.com\/guidealpes.com\/wp-content\/uploads\/2015\/10\/fond.jpg?fit=1200%2C506&ssl=1&resize=350%2C200","width":350,"height":200,"srcset":"https:\/\/i0.wp.com\/guidealpes.com\/wp-content\/uploads\/2015\/10\/fond.jpg?fit=1200%2C506&ssl=1&resize=350%2C200 1x, https:\/\/i0.wp.com\/guidealpes.com\/wp-content\/uploads\/2015\/10\/fond.jpg?fit=1200%2C506&ssl=1&resize=525%2C300 1.5x, https:\/\/i0.wp.com\/guidealpes.com\/wp-content\/uploads\/2015\/10\/fond.jpg?fit=1200%2C506&ssl=1&resize=700%2C400 2x, https:\/\/i0.wp.com\/guidealpes.com\/wp-content\/uploads\/2015\/10\/fond.jpg?fit=1200%2C506&ssl=1&resize=1050%2C600 3x"},"classes":[]},{"id":5731,"url":"https:\/\/guidealpes.com\/en\/cours-escalade-grenoble\/","url_meta":{"origin":2272,"position":4},"title":"Climbing class indoor","author":"Guide Alpes","date":"Monday August  7th, 2017","format":false,"excerpt":"Sorry, this entry is only available in Fran\u00e7ais.","rel":"","context":"Similar post","block_context":{"text":"Similar post","link":""},"img":{"alt_text":"","src":"https:\/\/i0.wp.com\/guidealpes.com\/wp-content\/uploads\/2017\/08\/escalade-indoor.jpg?fit=1200%2C506&ssl=1&resize=350%2C200","width":350,"height":200,"srcset":"https:\/\/i0.wp.com\/guidealpes.com\/wp-content\/uploads\/2017\/08\/escalade-indoor.jpg?fit=1200%2C506&ssl=1&resize=350%2C200 1x, https:\/\/i0.wp.com\/guidealpes.com\/wp-content\/uploads\/2017\/08\/escalade-indoor.jpg?fit=1200%2C506&ssl=1&resize=525%2C300 1.5x, https:\/\/i0.wp.com\/guidealpes.com\/wp-content\/uploads\/2017\/08\/escalade-indoor.jpg?fit=1200%2C506&ssl=1&resize=700%2C400 2x, https:\/\/i0.wp.com\/guidealpes.com\/wp-content\/uploads\/2017\/08\/escalade-indoor.jpg?fit=1200%2C506&ssl=1&resize=1050%2C600 3x"},"classes":[]},{"id":2768,"url":"https:\/\/guidealpes.com\/en\/infos\/votre-guide\/","url_meta":{"origin":2272,"position":5},"title":"Your Guide","author":"Guide Alpes","date":"Wednesday September 30th, 2015","format":false,"excerpt":"[vc_row][vc_column][vc_column_text]Bienvenue sur mon site, je m'appelle C\u00e9dric Tardieu. Je suis guide de haute montagne UIAGM et moniteur escalade et canyon. Pour les curieux qui souhaitent connaitre mon parcours, en voici un r\u00e9sum\u00e9 en quelques lignes ...[\/vc_column_text][vc_text_separator title=\"Mon parcours\"][\/vc_column][\/vc_row][vc_row][vc_column width=\"1\/4\"][vc_single_image image=\"6887\" alignment=\"center\"][\/vc_column][vc_column width=\"3\/4\"][vc_column_text] Originaire de Mont\u00e9limar, j'ai tr\u00e8s vite montr\u00e9 un\u2026","rel":"","context":"Similar post","block_context":{"text":"Similar post","link":""},"img":{"alt_text":"","src":"https:\/\/i0.wp.com\/guidealpes.com\/wp-content\/uploads\/2015\/09\/Votreguide-1.jpg?fit=1200%2C506&ssl=1&resize=350%2C200","width":350,"height":200,"srcset":"https:\/\/i0.wp.com\/guidealpes.com\/wp-content\/uploads\/2015\/09\/Votreguide-1.jpg?fit=1200%2C506&ssl=1&resize=350%2C200 1x, https:\/\/i0.wp.com\/guidealpes.com\/wp-content\/uploads\/2015\/09\/Votreguide-1.jpg?fit=1200%2C506&ssl=1&resize=525%2C300 1.5x, https:\/\/i0.wp.com\/guidealpes.com\/wp-content\/uploads\/2015\/09\/Votreguide-1.jpg?fit=1200%2C506&ssl=1&resize=700%2C400 2x, https:\/\/i0.wp.com\/guidealpes.com\/wp-content\/uploads\/2015\/09\/Votreguide-1.jpg?fit=1200%2C506&ssl=1&resize=1050%2C600 3x"},"classes":[]}],"_links":{"self":[{"href":"https:\/\/guidealpes.com\/en\/wp-json\/wp\/v2\/pages\/2272","targetHints":{"allow":["GET"]}}],"collection":[{"href":"https:\/\/guidealpes.com\/en\/wp-json\/wp\/v2\/pages"}],"about":[{"href":"https:\/\/guidealpes.com\/en\/wp-json\/wp\/v2\/types\/page"}],"author":[{"embeddable":true,"href":"https:\/\/guidealpes.com\/en\/wp-json\/wp\/v2\/users\/1"}],"replies":[{"embeddable":true,"href":"https:\/\/guidealpes.com\/en\/wp-json\/wp\/v2\/comments?post=2272"}],"version-history":[{"count":32,"href":"https:\/\/guidealpes.com\/en\/wp-json\/wp\/v2\/pages\/2272\/revisions"}],"predecessor-version":[{"id":6444,"href":"https:\/\/guidealpes.com\/en\/wp-json\/wp\/v2\/pages\/2272\/revisions\/6444"}],"up":[{"embeddable":true,"href":"https:\/\/guidealpes.com\/en\/wp-json\/wp\/v2\/pages\/2746"}],"wp:featuredmedia":[{"embeddable":true,"href":"https:\/\/guidealpes.com\/en\/wp-json\/wp\/v2\/media\/3209"}],"wp:attachment":[{"href":"https:\/\/guidealpes.com\/en\/wp-json\/wp\/v2\/media?parent=2272"}],"curies":[{"name":"wp","href":"https:\/\/api.w.org\/{rel}","templated":true}]}}