{"id":2238,"date":"2013-11-19T15:21:15","date_gmt":"2013-11-19T14:21:15","guid":{"rendered":"http:\/\/www.guidealpes.com\/?page_id=2238"},"modified":"2017-08-20T01:49:04","modified_gmt":"2017-08-19T23:49:04","slug":"haute-route","status":"publish","type":"page","link":"https:\/\/guidealpes.com\/en\/ete\/alpinisme\/haute-route\/","title":{"rendered":"Alpine touring"},"content":{"rendered":"<p><center>The alpine touring is not reserved for ski hiker. Once the snow has melted, you can make it your own playground. Your Guide suggest you the famous alpine touring &#8220;Chamonix- Zermatt&#8221;. This route will allow you to enjoy the most beautiful views of the Alps.<\/center><\/p>\n<div style=\"text-align:justify\">\nSome suggestions :<br \/>\n\u2013 Departure from Chamonix (7 days)<br \/>\n\u2013 Departure from Verbier \u2013 Mauvoisin (5 days)<br \/>\n\u2013 Departure from Arolla (3 days)<\/p>\n<p><b>Prices : on request (from 1 participant). For a quote request, please send us a message via the<a href=\"https:\/\/www.guidealpes.com\/en\/contact\/\"> contact from<\/a>.<\/b><\/div style=\"text-align:justify\">\n<p><\/p>\n<p><span style=\"font-size:70%;\"><font color=#51b6f5> You are here : <a href=\"https:\/\/guidealpes.com\/\">Home<\/a> > <a href=\"https:\/\/guidealpes.com\/ete\/\">Summer <\/a>> <a href=\"https:\/\/guidealpes.com\/ete\/alpinisme\/\">Summer mountaineering<\/a> > Alpine touring<\/font><\/span><\/p>","protected":false},"excerpt":{"rendered":"<p>The alpine touring is not reserved for ski hiker. Once the snow has melted, you can make it your own playground. Your Guide suggest you the famous alpine touring &#8220;Chamonix- Zermatt&#8221;. This route will allow you to enjoy the most beautiful views of the Alps. Some suggestions : \u2013 Departure from Chamonix (7 days) \u2013 Departure from Verbier \u2013 Mauvoisin (5 days) \u2013 Departure from Arolla (3 days) Prices : on request (from 1 participant). For a quote request, please send us a message via the contact from. You are&#8230;<a class=\"read-more\" href=\"https:\/\/guidealpes.com\/en\/ete\/alpinisme\/haute-route\/\">read more<\/a><\/p>\n","protected":false},"author":1,"featured_media":3211,"parent":2923,"menu_order":0,"comment_status":"closed","ping_status":"closed","template":"","meta":{"footnotes":""},"class_list":["post-2238","page","type-page","status-publish","has-post-thumbnail","hentry","et-bg-layout-dark","et-white-bg"],"aioseo_notices":[],"yoast_head":"<!-- This site is optimized with the Yoast SEO plugin v27.5 - https:\/\/yoast.com\/product\/yoast-seo-wordpress\/ -->\n<title>Alpine touring - Guide Alpes<\/title>\n<meta name=\"robots\" content=\"index, follow, max-snippet:-1, max-image-preview:large, max-video-preview:-1\" \/>\n<link rel=\"canonical\" href=\"https:\/\/guidealpes.com\/ete\/alpinisme\/haute-route\/\" \/>\n<meta property=\"og:locale\" content=\"en_US\" \/>\n<meta property=\"og:type\" content=\"article\" \/>\n<meta property=\"og:title\" content=\"Alpine touring - Guide Alpes\" \/>\n<meta property=\"og:description\" content=\"The alpine touring is not reserved for ski hiker. Once the snow has melted, you can make it your own playground. Your Guide suggest you the famous alpine touring &#8220;Chamonix- Zermatt&#8221;. This route will allow you to enjoy the most beautiful views of the Alps. Some suggestions : \u2013 Departure from Chamonix (7 days) \u2013 Departure from Verbier \u2013 Mauvoisin (5 days) \u2013 Departure from Arolla (3 days) Prices : on request (from 1 participant). For a quote request, please send us a message via the contact from. You are...read more\" \/>\n<meta property=\"og:url\" content=\"https:\/\/guidealpes.com\/ete\/alpinisme\/haute-route\/\" \/>\n<meta property=\"og:site_name\" content=\"Guide Alpes\" \/>\n<meta property=\"article:publisher\" content=\"https:\/\/www.facebook.com\/guidesalpes\/\" \/>\n<meta property=\"article:modified_time\" content=\"2017-08-19T23:49:04+00:00\" \/>\n<meta property=\"og:image\" content=\"https:\/\/i2.wp.com\/guidealpes.com\/wp-content\/uploads\/2015\/10\/hauteroute.jpg?fit=1280%2C540&ssl=1\" \/>\n\t<meta property=\"og:image:width\" content=\"1280\" \/>\n\t<meta property=\"og:image:height\" content=\"540\" \/>\n\t<meta property=\"og:image:type\" content=\"image\/jpeg\" \/>\n<meta name=\"twitter:card\" content=\"summary_large_image\" \/>\n<meta name=\"twitter:label1\" content=\"Est. reading time\" \/>\n\t<meta name=\"twitter:data1\" content=\"1 minute\" \/>\n<script type=\"application\/ld+json\" class=\"yoast-schema-graph\">{\"@context\":\"https:\\\/\\\/schema.org\",\"@graph\":[{\"@type\":\"WebPage\",\"@id\":\"https:\\\/\\\/guidealpes.com\\\/ete\\\/alpinisme\\\/haute-route\\\/\",\"url\":\"https:\\\/\\\/guidealpes.com\\\/ete\\\/alpinisme\\\/haute-route\\\/\",\"name\":\"Alpine touring - Guide Alpes\",\"isPartOf\":{\"@id\":\"https:\\\/\\\/guidealpes.com\\\/#website\"},\"primaryImageOfPage\":{\"@id\":\"https:\\\/\\\/guidealpes.com\\\/ete\\\/alpinisme\\\/haute-route\\\/#primaryimage\"},\"image\":{\"@id\":\"https:\\\/\\\/guidealpes.com\\\/ete\\\/alpinisme\\\/haute-route\\\/#primaryimage\"},\"thumbnailUrl\":\"https:\\\/\\\/i0.wp.com\\\/guidealpes.com\\\/wp-content\\\/uploads\\\/2015\\\/10\\\/hauteroute.jpg?fit=1280%2C540&ssl=1\",\"datePublished\":\"2013-11-19T14:21:15+00:00\",\"dateModified\":\"2017-08-19T23:49:04+00:00\",\"breadcrumb\":{\"@id\":\"https:\\\/\\\/guidealpes.com\\\/ete\\\/alpinisme\\\/haute-route\\\/#breadcrumb\"},\"inLanguage\":\"en-US\",\"potentialAction\":[{\"@type\":\"ReadAction\",\"target\":[\"https:\\\/\\\/guidealpes.com\\\/ete\\\/alpinisme\\\/haute-route\\\/\"]}]},{\"@type\":\"ImageObject\",\"inLanguage\":\"en-US\",\"@id\":\"https:\\\/\\\/guidealpes.com\\\/ete\\\/alpinisme\\\/haute-route\\\/#primaryimage\",\"url\":\"https:\\\/\\\/i0.wp.com\\\/guidealpes.com\\\/wp-content\\\/uploads\\\/2015\\\/10\\\/hauteroute.jpg?fit=1280%2C540&ssl=1\",\"contentUrl\":\"https:\\\/\\\/i0.wp.com\\\/guidealpes.com\\\/wp-content\\\/uploads\\\/2015\\\/10\\\/hauteroute.jpg?fit=1280%2C540&ssl=1\",\"width\":1280,\"height\":540,\"caption\":\"Et\u00e9\"},{\"@type\":\"BreadcrumbList\",\"@id\":\"https:\\\/\\\/guidealpes.com\\\/ete\\\/alpinisme\\\/haute-route\\\/#breadcrumb\",\"itemListElement\":[{\"@type\":\"ListItem\",\"position\":1,\"name\":\"Home\",\"item\":\"https:\\\/\\\/guidealpes.com\\\/\"},{\"@type\":\"ListItem\",\"position\":2,\"name\":\"Summer\",\"item\":\"https:\\\/\\\/guidealpes.com\\\/en\\\/ete\\\/\"},{\"@type\":\"ListItem\",\"position\":3,\"name\":\"Summer mountaineering\",\"item\":\"https:\\\/\\\/guidealpes.com\\\/en\\\/ete\\\/alpinisme\\\/\"},{\"@type\":\"ListItem\",\"position\":4,\"name\":\"Haute route\"}]},{\"@type\":\"WebSite\",\"@id\":\"https:\\\/\\\/guidealpes.com\\\/#website\",\"url\":\"https:\\\/\\\/guidealpes.com\\\/\",\"name\":\"Guide Alpes\",\"description\":\"Mountain guide, the French Alps to the Austrian Alps\",\"potentialAction\":[{\"@type\":\"SearchAction\",\"target\":{\"@type\":\"EntryPoint\",\"urlTemplate\":\"https:\\\/\\\/guidealpes.com\\\/?s={search_term_string}\"},\"query-input\":{\"@type\":\"PropertyValueSpecification\",\"valueRequired\":true,\"valueName\":\"search_term_string\"}}],\"inLanguage\":\"en-US\"}]}<\/script>\n<!-- \/ Yoast SEO plugin. -->","yoast_head_json":{"title":"Alpine touring - Guide Alpes","robots":{"index":"index","follow":"follow","max-snippet":"max-snippet:-1","max-image-preview":"max-image-preview:large","max-video-preview":"max-video-preview:-1"},"canonical":"https:\/\/guidealpes.com\/ete\/alpinisme\/haute-route\/","og_locale":"en_US","og_type":"article","og_title":"Alpine touring - Guide Alpes","og_description":"The alpine touring is not reserved for ski hiker. Once the snow has melted, you can make it your own playground. Your Guide suggest you the famous alpine touring &#8220;Chamonix- Zermatt&#8221;. This route will allow you to enjoy the most beautiful views of the Alps. Some suggestions : \u2013 Departure from Chamonix (7 days) \u2013 Departure from Verbier \u2013 Mauvoisin (5 days) \u2013 Departure from Arolla (3 days) Prices : on request (from 1 participant). For a quote request, please send us a message via the contact from. You are...read more","og_url":"https:\/\/guidealpes.com\/ete\/alpinisme\/haute-route\/","og_site_name":"Guide Alpes","article_publisher":"https:\/\/www.facebook.com\/guidesalpes\/","article_modified_time":"2017-08-19T23:49:04+00:00","og_image":[{"width":1280,"height":540,"url":"https:\/\/i2.wp.com\/guidealpes.com\/wp-content\/uploads\/2015\/10\/hauteroute.jpg?fit=1280%2C540&ssl=1","type":"image\/jpeg"}],"twitter_card":"summary_large_image","twitter_misc":{"Est. reading time":"1 minute"},"schema":{"@context":"https:\/\/schema.org","@graph":[{"@type":"WebPage","@id":"https:\/\/guidealpes.com\/ete\/alpinisme\/haute-route\/","url":"https:\/\/guidealpes.com\/ete\/alpinisme\/haute-route\/","name":"Alpine touring - Guide Alpes","isPartOf":{"@id":"https:\/\/guidealpes.com\/#website"},"primaryImageOfPage":{"@id":"https:\/\/guidealpes.com\/ete\/alpinisme\/haute-route\/#primaryimage"},"image":{"@id":"https:\/\/guidealpes.com\/ete\/alpinisme\/haute-route\/#primaryimage"},"thumbnailUrl":"https:\/\/i0.wp.com\/guidealpes.com\/wp-content\/uploads\/2015\/10\/hauteroute.jpg?fit=1280%2C540&ssl=1","datePublished":"2013-11-19T14:21:15+00:00","dateModified":"2017-08-19T23:49:04+00:00","breadcrumb":{"@id":"https:\/\/guidealpes.com\/ete\/alpinisme\/haute-route\/#breadcrumb"},"inLanguage":"en-US","potentialAction":[{"@type":"ReadAction","target":["https:\/\/guidealpes.com\/ete\/alpinisme\/haute-route\/"]}]},{"@type":"ImageObject","inLanguage":"en-US","@id":"https:\/\/guidealpes.com\/ete\/alpinisme\/haute-route\/#primaryimage","url":"https:\/\/i0.wp.com\/guidealpes.com\/wp-content\/uploads\/2015\/10\/hauteroute.jpg?fit=1280%2C540&ssl=1","contentUrl":"https:\/\/i0.wp.com\/guidealpes.com\/wp-content\/uploads\/2015\/10\/hauteroute.jpg?fit=1280%2C540&ssl=1","width":1280,"height":540,"caption":"Et\u00e9"},{"@type":"BreadcrumbList","@id":"https:\/\/guidealpes.com\/ete\/alpinisme\/haute-route\/#breadcrumb","itemListElement":[{"@type":"ListItem","position":1,"name":"Home","item":"https:\/\/guidealpes.com\/"},{"@type":"ListItem","position":2,"name":"Summer","item":"https:\/\/guidealpes.com\/en\/ete\/"},{"@type":"ListItem","position":3,"name":"Summer mountaineering","item":"https:\/\/guidealpes.com\/en\/ete\/alpinisme\/"},{"@type":"ListItem","position":4,"name":"Haute route"}]},{"@type":"WebSite","@id":"https:\/\/guidealpes.com\/#website","url":"https:\/\/guidealpes.com\/","name":"Guide Alpes","description":"Mountain guide, the French Alps to the Austrian Alps","potentialAction":[{"@type":"SearchAction","target":{"@type":"EntryPoint","urlTemplate":"https:\/\/guidealpes.com\/?s={search_term_string}"},"query-input":{"@type":"PropertyValueSpecification","valueRequired":true,"valueName":"search_term_string"}}],"inLanguage":"en-US"}]}},"jetpack_sharing_enabled":true,"jetpack_shortlink":"https:\/\/wp.me\/P6Nn53-A6","jetpack-related-posts":[{"id":2280,"url":"https:\/\/guidealpes.com\/en\/ski-freeride\/raid-a-ski\/","url_meta":{"origin":2238,"position":0},"title":"Alpine touring","author":"Guide Alpes","date":"Wednesday November 20th, 2013","format":false,"excerpt":"[vc_row][vc_column][vc_column_text]Ski aux pieds, parcourez les plus beaux itin\u00e9raires de haute montagne. Apr\u00e8s l'effort fourni \u00e0 la mont\u00e9e, appr\u00e9ciez de vous laisser glisser sur ces grandes descentes. Votre Guide vous propose la c\u00e9l\u00e8bre haute route Chamonix-Zermatt. Cette formule vous permettra d'appr\u00e9cier les plus beaux points de vue des alpes. A vos\u2026","rel":"","context":"Similar post","block_context":{"text":"Similar post","link":""},"img":{"alt_text":"","src":"https:\/\/i0.wp.com\/guidealpes.com\/wp-content\/uploads\/2015\/10\/ski-rando-2.jpg?fit=1200%2C506&ssl=1&resize=350%2C200","width":350,"height":200,"srcset":"https:\/\/i0.wp.com\/guidealpes.com\/wp-content\/uploads\/2015\/10\/ski-rando-2.jpg?fit=1200%2C506&ssl=1&resize=350%2C200 1x, https:\/\/i0.wp.com\/guidealpes.com\/wp-content\/uploads\/2015\/10\/ski-rando-2.jpg?fit=1200%2C506&ssl=1&resize=525%2C300 1.5x, https:\/\/i0.wp.com\/guidealpes.com\/wp-content\/uploads\/2015\/10\/ski-rando-2.jpg?fit=1200%2C506&ssl=1&resize=700%2C400 2x, https:\/\/i0.wp.com\/guidealpes.com\/wp-content\/uploads\/2015\/10\/ski-rando-2.jpg?fit=1200%2C506&ssl=1&resize=1050%2C600 3x"},"classes":[]},{"id":2486,"url":"https:\/\/guidealpes.com\/en\/","url_meta":{"origin":2238,"position":1},"title":"Mountain guide","author":"Guide Alpes","date":"Friday November 29th, 2013","format":false,"excerpt":"FREERIDE, SKI TOURING, MOUNTAINEERING, ICE CLIMBING, ROCK CLIMBING\u2026 A dream, a mountain dear to your heart, we will be happy to guide you on easy trails or difficult routes. We could spend a day or more together. And for those who wish to go off the beaten track, we will\u2026","rel":"","context":"Similar post","block_context":{"text":"Similar post","link":""},"img":{"alt_text":"","src":"https:\/\/i0.wp.com\/guidealpes.com\/wp-content\/uploads\/2015\/10\/Fond-size.jpg?fit=1200%2C506&ssl=1&resize=350%2C200","width":350,"height":200,"srcset":"https:\/\/i0.wp.com\/guidealpes.com\/wp-content\/uploads\/2015\/10\/Fond-size.jpg?fit=1200%2C506&ssl=1&resize=350%2C200 1x, https:\/\/i0.wp.com\/guidealpes.com\/wp-content\/uploads\/2015\/10\/Fond-size.jpg?fit=1200%2C506&ssl=1&resize=525%2C300 1.5x, https:\/\/i0.wp.com\/guidealpes.com\/wp-content\/uploads\/2015\/10\/Fond-size.jpg?fit=1200%2C506&ssl=1&resize=700%2C400 2x, https:\/\/i0.wp.com\/guidealpes.com\/wp-content\/uploads\/2015\/10\/Fond-size.jpg?fit=1200%2C506&ssl=1&resize=1050%2C600 3x"},"classes":[]},{"id":2270,"url":"https:\/\/guidealpes.com\/en\/ski-freeride\/ski-de-randonnee\/","url_meta":{"origin":2238,"position":2},"title":"Ski touring","author":"Guide Alpes","date":"Wednesday November 20th, 2013","format":false,"excerpt":"Ski touring will immerse you in huge places of fullness that only the mountain can offer. For an initiation or a trek, follow your guide on ridge of Alps and admire the white stretches. You will learn the safety rules and you will initiate yourself into avalanche field. Efforts during\u2026","rel":"","context":"Similar post","block_context":{"text":"Similar post","link":""},"img":{"alt_text":"","src":"https:\/\/i0.wp.com\/guidealpes.com\/wp-content\/uploads\/2015\/10\/skirando.jpg?fit=1200%2C506&ssl=1&resize=350%2C200","width":350,"height":200,"srcset":"https:\/\/i0.wp.com\/guidealpes.com\/wp-content\/uploads\/2015\/10\/skirando.jpg?fit=1200%2C506&ssl=1&resize=350%2C200 1x, https:\/\/i0.wp.com\/guidealpes.com\/wp-content\/uploads\/2015\/10\/skirando.jpg?fit=1200%2C506&ssl=1&resize=525%2C300 1.5x, https:\/\/i0.wp.com\/guidealpes.com\/wp-content\/uploads\/2015\/10\/skirando.jpg?fit=1200%2C506&ssl=1&resize=700%2C400 2x, https:\/\/i0.wp.com\/guidealpes.com\/wp-content\/uploads\/2015\/10\/skirando.jpg?fit=1200%2C506&ssl=1&resize=1050%2C600 3x"},"classes":[]},{"id":2923,"url":"https:\/\/guidealpes.com\/en\/ete\/alpinisme\/","url_meta":{"origin":2238,"position":3},"title":"Summer mountaineering","author":"Guide Alpes","date":"Tuesday October  6th, 2015","format":false,"excerpt":"Find the activty to meet your challenges \u2013 desires. The summer high mountain is to discover the magic of a glacier hiking, the thrill of a ridge climb, the joy of reaching the highest peaks of the Alps and more. With Guide Alpes, take the plunge and discover these emotions.\u2026","rel":"","context":"Similar post","block_context":{"text":"Similar post","link":""},"img":{"alt_text":"","src":"https:\/\/i0.wp.com\/guidealpes.com\/wp-content\/uploads\/2015\/10\/hautemontagne.jpg?fit=1200%2C506&ssl=1&resize=350%2C200","width":350,"height":200,"srcset":"https:\/\/i0.wp.com\/guidealpes.com\/wp-content\/uploads\/2015\/10\/hautemontagne.jpg?fit=1200%2C506&ssl=1&resize=350%2C200 1x, https:\/\/i0.wp.com\/guidealpes.com\/wp-content\/uploads\/2015\/10\/hautemontagne.jpg?fit=1200%2C506&ssl=1&resize=525%2C300 1.5x, https:\/\/i0.wp.com\/guidealpes.com\/wp-content\/uploads\/2015\/10\/hautemontagne.jpg?fit=1200%2C506&ssl=1&resize=700%2C400 2x, https:\/\/i0.wp.com\/guidealpes.com\/wp-content\/uploads\/2015\/10\/hautemontagne.jpg?fit=1200%2C506&ssl=1&resize=1050%2C600 3x"},"classes":[]},{"id":2744,"url":"https:\/\/guidealpes.com\/en\/ete\/","url_meta":{"origin":2238,"position":4},"title":"Summer","author":"Guide Alpes","date":"Wednesday September 30th, 2015","format":false,"excerpt":"Find the activty to meet your challenges \u2013 desires. The snow has melted, your skis are stored: it is time to enjoy the summer. To satisfy your horizontal or vertical desires, Guide Alpes offers to walk or climb at the summits of Alpine peaks. Home","rel":"","context":"Similar post","block_context":{"text":"Similar post","link":""},"img":{"alt_text":"","src":"https:\/\/i0.wp.com\/guidealpes.com\/wp-content\/uploads\/2015\/10\/hauteroute.jpg?fit=1200%2C506&ssl=1&resize=350%2C200","width":350,"height":200,"srcset":"https:\/\/i0.wp.com\/guidealpes.com\/wp-content\/uploads\/2015\/10\/hauteroute.jpg?fit=1200%2C506&ssl=1&resize=350%2C200 1x, https:\/\/i0.wp.com\/guidealpes.com\/wp-content\/uploads\/2015\/10\/hauteroute.jpg?fit=1200%2C506&ssl=1&resize=525%2C300 1.5x, https:\/\/i0.wp.com\/guidealpes.com\/wp-content\/uploads\/2015\/10\/hauteroute.jpg?fit=1200%2C506&ssl=1&resize=700%2C400 2x, https:\/\/i0.wp.com\/guidealpes.com\/wp-content\/uploads\/2015\/10\/hauteroute.jpg?fit=1200%2C506&ssl=1&resize=1050%2C600 3x"},"classes":[]},{"id":2274,"url":"https:\/\/guidealpes.com\/en\/hiver\/alpinisme-hivernal\/","url_meta":{"origin":2238,"position":5},"title":"Winter mountaineering","author":"Guide Alpes","date":"Wednesday November 20th, 2013","format":false,"excerpt":"Adventurers, this activity is for you. The winter mountaineering is to do high level traditional mountaineering. With Guide Alpes, discover and live intense experiences which are impossible to do during the summer. On the program: couloir, gully climbing, mixed, dry tooling, snow, and ice ! Prices : on request (from\u2026","rel":"","context":"Similar post","block_context":{"text":"Similar post","link":""},"img":{"alt_text":"","src":"https:\/\/i0.wp.com\/guidealpes.com\/wp-content\/uploads\/2015\/10\/montagne-hiver.jpg?fit=1200%2C506&ssl=1&resize=350%2C200","width":350,"height":200,"srcset":"https:\/\/i0.wp.com\/guidealpes.com\/wp-content\/uploads\/2015\/10\/montagne-hiver.jpg?fit=1200%2C506&ssl=1&resize=350%2C200 1x, https:\/\/i0.wp.com\/guidealpes.com\/wp-content\/uploads\/2015\/10\/montagne-hiver.jpg?fit=1200%2C506&ssl=1&resize=525%2C300 1.5x, https:\/\/i0.wp.com\/guidealpes.com\/wp-content\/uploads\/2015\/10\/montagne-hiver.jpg?fit=1200%2C506&ssl=1&resize=700%2C400 2x, https:\/\/i0.wp.com\/guidealpes.com\/wp-content\/uploads\/2015\/10\/montagne-hiver.jpg?fit=1200%2C506&ssl=1&resize=1050%2C600 3x"},"classes":[]}],"_links":{"self":[{"href":"https:\/\/guidealpes.com\/en\/wp-json\/wp\/v2\/pages\/2238","targetHints":{"allow":["GET"]}}],"collection":[{"href":"https:\/\/guidealpes.com\/en\/wp-json\/wp\/v2\/pages"}],"about":[{"href":"https:\/\/guidealpes.com\/en\/wp-json\/wp\/v2\/types\/page"}],"author":[{"embeddable":true,"href":"https:\/\/guidealpes.com\/en\/wp-json\/wp\/v2\/users\/1"}],"replies":[{"embeddable":true,"href":"https:\/\/guidealpes.com\/en\/wp-json\/wp\/v2\/comments?post=2238"}],"version-history":[{"count":27,"href":"https:\/\/guidealpes.com\/en\/wp-json\/wp\/v2\/pages\/2238\/revisions"}],"predecessor-version":[{"id":6492,"href":"https:\/\/guidealpes.com\/en\/wp-json\/wp\/v2\/pages\/2238\/revisions\/6492"}],"up":[{"embeddable":true,"href":"https:\/\/guidealpes.com\/en\/wp-json\/wp\/v2\/pages\/2923"}],"wp:featuredmedia":[{"embeddable":true,"href":"https:\/\/guidealpes.com\/en\/wp-json\/wp\/v2\/media\/3211"}],"wp:attachment":[{"href":"https:\/\/guidealpes.com\/en\/wp-json\/wp\/v2\/media?parent=2238"}],"curies":[{"name":"wp","href":"https:\/\/api.w.org\/{rel}","templated":true}]}}